{"id":1483,"date":"2025-01-14T12:14:30","date_gmt":"2025-01-14T09:14:30","guid":{"rendered":"https:\/\/netfood.iwn.co\/yritys\/"},"modified":"2025-07-23T05:32:03","modified_gmt":"2025-07-23T05:32:03","slug":"ettevote","status":"publish","type":"page","link":"https:\/\/net-food.iwn.co\/et\/ettevote\/","title":{"rendered":"Ettev\u00f5te"},"content":{"rendered":"\n<section id=\"g-gun7kls\" class=\"wp-block-gutentor-m3 alignfull section-g-gun7kls gutentor-module gutentor-container-cover has-color-bg has-custom-bg\"><div class=\"grid-container\">\n<section id=\"g-5k8103a\" class=\"wp-block-gutentor-m3 section-g-5k8103a gutentor-module gutentor-container-cover\"><div class=\"grid-container\">\n<h2 class=\"wp-block-heading has-text-align-center\">V\u00e4\u00e4rtused ja visioon<\/h2>\n\n\n\n<h4 class=\"wp-block-heading has-text-align-center\"><strong>MISSIOON<\/strong><\/h4>\n\n\n\n<p class=\"has-text-align-center\">Meie tegevuse eesm\u00e4rk on arendada Eesti toiduohutust.<\/p>\n\n\n\n<h4 class=\"wp-block-heading has-text-align-center\"><strong>VISIOON<\/strong><\/h4>\n\n\n\n<p class=\"has-text-align-center\">Net-Foodlab Oy on toiduainet\u00f6\u00f6stuse ettev\u00f5tete kvaliteedi juhtimise eelistatuim partner.<\/p>\n\n\n\n<h4 class=\"wp-block-heading has-text-align-center\"><strong>V\u00c4\u00c4RTUSED<\/strong><\/h4>\n\n\n\n<p class=\"has-text-align-center\">Usaldusv\u00e4\u00e4rselt, ausalt ja j\u00e4rjekindlalt \u2013 aga alati r\u00f5\u00f5muga.<\/p>\n<\/div><\/section>\n<\/div><\/section>\n\n\n\n<section id=\"g-ms66a06\" class=\"wp-block-gutentor-m3 alignfull section-g-ms66a06 gutentor-module gutentor-container-cover\"><div class=\"grid-container\">\n<section id=\"g-l8lvhpp\" class=\"wp-block-gutentor-m3 section-g-l8lvhpp gutentor-module gutentor-container-cover\"><div class=\"grid-container\">\n<h2 class=\"wp-block-heading\"><strong>Ettev\u00f5tte ajalugu<\/strong><\/h2>\n\n\n\n<p>Net-Foodlab Oy asutasid 1997 aastal kolm toiduainekeemikut Tuomas Virtalaine, Tomi Mattila ja Anu Johansson Edela \u2013 Soomes Myn\u00e4m\u00e4el. Alates 1999 aastast asub ettev\u00f5te Turu linnas. Praegustes ruumides Voimakatu t\u00e4naval asub ettev\u00f5te alates aastast 2004.<\/p>\n\n\n\n<p>2008 aastast pakub ettev\u00f5te DNV Business Assurance Finland Oy Ab.le auditeerimisteenust. Auditeid on kokku \u00fcle 1000 Soomes, Rootsis, Baltikumis,Prantsusmaal ja USA-s. Samal aastal asutati Tallinnasse t\u00fctarettev\u00f5te Net-Foodlab Eesti O\u00dc.<\/p>\n\n\n\n<p>T\u00e4nap\u00e4eval on Net-Foodlab OY -l kaks FINAS -akrediteeritud laboratooriumi (T205). Ettev\u00f5te on Hygiena International ja Biosystems AS toodete maaletooja Soomes, Eestis ja Rootsis.<\/p>\n<\/div><\/section>\n<\/div><\/section>\n","protected":false},"excerpt":{"rendered":"","protected":false},"author":2,"featured_media":0,"parent":0,"menu_order":0,"comment_status":"closed","ping_status":"closed","template":"","meta":{"_acf_changed":false,"footnotes":""},"class_list":["post-1483","page","type-page","status-publish"],"acf":[],"_links":{"self":[{"href":"https:\/\/net-food.iwn.co\/et\/wp-json\/wp\/v2\/pages\/1483","targetHints":{"allow":["GET"]}}],"collection":[{"href":"https:\/\/net-food.iwn.co\/et\/wp-json\/wp\/v2\/pages"}],"about":[{"href":"https:\/\/net-food.iwn.co\/et\/wp-json\/wp\/v2\/types\/page"}],"author":[{"embeddable":true,"href":"https:\/\/net-food.iwn.co\/et\/wp-json\/wp\/v2\/users\/2"}],"replies":[{"embeddable":true,"href":"https:\/\/net-food.iwn.co\/et\/wp-json\/wp\/v2\/comments?post=1483"}],"version-history":[{"count":3,"href":"https:\/\/net-food.iwn.co\/et\/wp-json\/wp\/v2\/pages\/1483\/revisions"}],"predecessor-version":[{"id":1487,"href":"https:\/\/net-food.iwn.co\/et\/wp-json\/wp\/v2\/pages\/1483\/revisions\/1487"}],"wp:attachment":[{"href":"https:\/\/net-food.iwn.co\/et\/wp-json\/wp\/v2\/media?parent=1483"}],"curies":[{"name":"wp","href":"https:\/\/api.w.org\/{rel}","templated":true}]}}