{"id":1455,"date":"2025-01-14T12:06:25","date_gmt":"2025-01-14T09:06:25","guid":{"rendered":"https:\/\/netfood.iwn.co\/etusivu\/"},"modified":"2025-09-03T10:13:45","modified_gmt":"2025-09-03T07:13:45","slug":"etusivu","status":"publish","type":"page","link":"https:\/\/net-food.iwn.co\/et\/","title":{"rendered":"Etusivu"},"content":{"rendered":"\n<section id=\"g-3jpemp6\" class=\"wp-block-gutentor-m3 alignfull section-g-3jpemp6 gutentor-module gutentor-container-cover has-image-bg has-custom-bg\"><div class=\"grid-container\">\n<section id=\"g-77hk6we\" class=\"wp-block-gutentor-m4 section-g-77hk6we gutentor-module gutentor-advanced-columns\"><div class=\"grid-container\"><div class=\"grid-row\">\n<div id=\"col-g-65ih65i\" class=\"wp-block-gutentor-m4-col col-g-65ih65i gutentor-single-column  grid-lg-8 grid-md-12 grid-12 fp-banner-col\"><div id=\"section-g-65ih65i\" class=\"section-g-65ih65i gutentor-col-wrap\">\n<div id=\"section-g-16pf77j\" class=\"wp-block-gutentor-e1 section-g-16pf77j gutentor-element gutentor-element-advanced-text\"><div class=\"gutentor-text-wrap\"><h1 class=\"gutentor-text\">Net-Foodlab Eesti O\u00dc \u2013 juhtivaid toiduohutusalaste teenuste pakkujaid<\/h1><\/div><\/div>\n\n\n\n<div id=\"section-g-jhe9wdg\" class=\"wp-block-gutentor-e2 section-g-jhe9wdg gutentor-element gutentor-element-button\"><span class=\"gutentor-button-wrap\"><a class=\"gutentor-button gutentor-block-button gutentor-icon-hide\" href=\"https:\/\/net-food.iwn.co\/et\/kusi-pakkumist\/?lang=et\"><i class=\"gutentor-button-icon fas fa-book\"><\/i><span>V\u00f5ta \u00fchendust<\/span><\/a><\/span><\/div>\n<\/div><\/div>\n\n\n\n<div id=\"col-g-7kxd775\" class=\"wp-block-gutentor-m4-col col-g-7kxd775 gutentor-single-column  grid-lg-4 grid-md-12 grid-12\"><div id=\"section-g-7kxd775\" class=\"section-g-7kxd775 gutentor-col-wrap\"><\/div><\/div>\n<\/div><\/div><\/section>\n<\/div><\/section>\n\n\n\n<section id=\"g-8h1g891\" class=\"wp-block-gutentor-m3 alignfull section-g-8h1g891 gutentor-module gutentor-container-cover\"><div class=\"grid-container\">\n<section id=\"g-7969s7s\" class=\"wp-block-gutentor-m4 section-g-7969s7s gutentor-module gutentor-advanced-columns\"><div class=\"grid-container\"><div class=\"grid-row\">\n<div id=\"col-g-sozsz2o\" class=\"wp-block-gutentor-m4-col col-g-sozsz2o gutentor-single-column  grid-lg-6 grid-md-12 grid-12\"><div id=\"section-g-sozsz2o\" class=\"section-g-sozsz2o gutentor-col-wrap\">\n<div id=\"section-g-jnnv7lz\" class=\"wp-block-gutentor-e6 section-g-jnnv7lz gutentor-element gutentor-element-image\"><div class=\"gutentor-element-image-box\"><div class=\"gutentor-image-thumb\"><img decoding=\"async\" class=\"normal-image\" src=\"https:\/\/net-food.iwn.co\/wp-content\/uploads\/2025\/06\/kuvia_elintarvikkeista1.webp\" \/><\/div><\/div><\/div>\n<\/div><\/div>\n\n\n\n<div id=\"col-g-m7hme58\" class=\"wp-block-gutentor-m4-col col-g-m7hme58 gutentor-single-column  grid-lg-6 grid-md-12 grid-12\"><div id=\"section-g-m7hme58\" class=\"section-g-m7hme58 gutentor-col-wrap\">\n<div id=\"section-g-2t699h7\" class=\"wp-block-gutentor-e1 section-g-2t699h7 gutentor-element gutentor-element-advanced-text\"><div class=\"gutentor-text-wrap\"><h3 class=\"gutentor-text\"><strong>Oleme juba \u00fcle 25 aasta panustanud toodete ohutuse parandamisse<\/strong><\/h3><\/div><\/div>\n\n\n\n<div id=\"section-g-x4826c4\" class=\"wp-block-gutentor-e0 section-g-x4826c4 gutentor-element gutentor-element-advanced-text\"><div class=\"gutentor-text-wrap\"><p class=\"gutentor-text\">Oleme aidanud toiduk\u00e4itlejatel parandada toodete ohutust \u00fcle 25 aasta. Tunneme standardite n\u00f5udeid. Anname n\u00f5u ja koolitame. Meilt saad laboriuuringuid ja kiirteste.<\/p><\/div><\/div>\n\n\n\n<div id=\"section-g-norx1q9\" class=\"wp-block-gutentor-e2 section-g-norx1q9 gutentor-element gutentor-element-button\"><span class=\"gutentor-button-wrap\"><a class=\"gutentor-button gutentor-block-button gutentor-icon-hide\" href=\"https:\/\/net-food.iwn.co\/et\/kusi-pakkumist\/?lang=et\"><i class=\"gutentor-button-icon fas fa-book\"><\/i><span>V\u00f5ta \u00fchendust<\/span><\/a><\/span><\/div>\n<\/div><\/div>\n<\/div><\/div><\/section>\n<\/div><\/section>\n\n\n\n<section id=\"g-q72k724\" class=\"wp-block-gutentor-m3 alignfull section-g-q72k724 gutentor-module gutentor-container-cover\"><div class=\"grid-container\">\n<section id=\"g-tty7yt7\" class=\"wp-block-gutentor-m4 section-g-tty7yt7 gutentor-module gutentor-advanced-columns\"><div class=\"grid-container\"><div class=\"grid-row\">\n<div id=\"col-g-85l2pa8\" class=\"wp-block-gutentor-m4-col col-g-85l2pa8 gutentor-single-column  grid-lg-12 grid-md-12 grid-12\"><div id=\"section-g-85l2pa8\" class=\"section-g-85l2pa8 gutentor-col-wrap\">\n<div id=\"section-g-ff5r71p\" class=\"wp-block-gutentor-e1 section-g-ff5r71p gutentor-element gutentor-element-advanced-text text-align-center-mobile\"><div class=\"gutentor-text-wrap\"><h3 class=\"gutentor-text\"><strong>Teenused ja tooted<\/strong><\/h3><\/div><\/div>\n\n\n\n<section id=\"section-g-uu7ee2d\" class=\"wp-block-gutentor-image-box gutentor-section gutentor-image-wrapper imagebox-template1 front_services\"><div class=\"grid-container\"><div class=\"grid-row gutentor-grid-item-wrap\"><div class=\"gutentor-grid-column grid-lg-4 grid-md-4 grid-12\"><div class=\"gutentor-single-item gutentor-image gutentor-single-item-0 g-single-column-link-enabled\"><div class=\"gutentor-single-item-wrap\"><div class=\"gutentor-single-item-image-box\"><div class=\"gutentor-image-thumb\"><img loading=\"lazy\" decoding=\"async\" class=\"normal-image\" src=\"https:\/\/net-food.iwn.co\/wp-content\/uploads\/2025\/01\/Netfoodlab_ikoni_laboratorio.png\" alt=\"\" height=\"228\" width=\"249\" \/><\/div><\/div><div class=\"gutentor-single-item-content\"><h3 class=\"gutentor-single-item-title\">Laboratoorium<\/h3><\/div><\/div><a class=\"gutentor-single-item-box-link gutentor-link\" href=\"https:\/\/net-food.iwn.co\/et\/teenused-ja-tooted\/laboratoorium\/?lang=et\"><\/a><\/div><\/div><div class=\"gutentor-grid-column grid-lg-4 grid-md-4 grid-12\"><div class=\"gutentor-single-item gutentor-image gutentor-single-item-1 g-single-column-link-enabled\"><div class=\"gutentor-single-item-wrap\"><div class=\"gutentor-single-item-image-box\"><div class=\"gutentor-image-thumb\"><img loading=\"lazy\" decoding=\"async\" class=\"normal-image\" src=\"https:\/\/net-food.iwn.co\/wp-content\/uploads\/2025\/01\/Netfoodlab_ikoni_pikatestit.png\" alt=\"\" height=\"228\" width=\"198\" \/><\/div><\/div><div class=\"gutentor-single-item-content\"><h3 class=\"gutentor-single-item-title\">Kiirtestid<\/h3><\/div><\/div><a class=\"gutentor-single-item-box-link gutentor-link\" href=\"https:\/\/net-food.iwn.co\/et\/teenused-ja-tooted\/kiirtestid\/?lang=et\"><\/a><\/div><\/div><div class=\"gutentor-grid-column grid-lg-4 grid-md-4 grid-12\"><div class=\"gutentor-single-item gutentor-image gutentor-single-item-2 g-single-column-link-enabled\"><div class=\"gutentor-single-item-wrap\"><div class=\"gutentor-single-item-image-box\"><div class=\"gutentor-image-thumb\"><img loading=\"lazy\" decoding=\"async\" class=\"normal-image\" src=\"https:\/\/net-food.iwn.co\/wp-content\/uploads\/2025\/01\/Netfoodlab_ikoni_analysaattorit.png\" alt=\"\" height=\"153\" width=\"292\" \/><\/div><\/div><div class=\"gutentor-single-item-content\"><h3 class=\"gutentor-single-item-title\">Anal\u00fcsaatorid<\/h3><\/div><\/div><a class=\"gutentor-single-item-box-link gutentor-link\" href=\"https:\/\/net-food.iwn.co\/et\/teenused-ja-tooted\/analusaatorid\/?lang=et\"><\/a><\/div><\/div><\/div><\/div><\/section>\n<\/div><\/div>\n<\/div><\/div><\/section>\n<\/div><\/section>\n\n\n\n<section id=\"g-pe2e2lf\" class=\"wp-block-gutentor-m3 alignfull section-g-pe2e2lf gutentor-module gutentor-container-cover has-image-bg has-custom-bg\"><div class=\"grid-container\">\n<section id=\"g-io6liln\" class=\"wp-block-gutentor-m4 section-g-io6liln gutentor-module gutentor-advanced-columns\"><div class=\"grid-container\"><div class=\"grid-row\">\n<div id=\"col-g-9mitm2t\" class=\"wp-block-gutentor-m4-col col-g-9mitm2t gutentor-single-column  grid-lg-12 grid-md-12 grid-12\"><div id=\"section-g-9mitm2t\" class=\"section-g-9mitm2t gutentor-col-wrap\">\n<div id=\"section-g-exvewyr\" class=\"wp-block-gutentor-e1 section-g-exvewyr gutentor-element gutentor-element-advanced-text text-align-center-mobile\"><div class=\"gutentor-text-wrap\"><h3 class=\"gutentor-text\"><strong>Kliendir\u00fchmad<\/strong><\/h3><\/div><\/div>\n<\/div><\/div>\n<\/div><\/div><\/section>\n\n\n\n<section class=\"gutentor-post-module section-g-4llf194 gutentor-post-module-p1 gutentor_p1_template1 wp-block-gutentor-p1 front_post_carousal gutentor-blog-grid gutentor-slick-a-default-desktop gutentor-slick-a-default-tablet gutentor-slick-a-default-mobile\" id=\"g-4llf194\" data-gbid=\"g-4llf194\">\n<div class='grid-container'><div class=' g-cerreck gutentor-module-carousel-row' data-dots=\"false\" data-dotstablet=\"false\" data-dotsmobile=\"false\" data-nextarrow=\"fas fa-angle-right\" data-prevarrow=\"fas fa-angle-left\" data-arrows=\"true\" data-arrowstablet=\"true\" data-arrowsmobile=\"true\" data-arrowsPositionDesktop=\"gutentor-slick-a-default-desktop\" data-arrowsPositionTablet=\"gutentor-slick-a-default-tablet\" data-arrowsPositionMobile=\"gutentor-slick-a-default-mobile\" data-infinite=\"true\" data-speed=\"300\" data-autoplay=\"false\" data-autoplayspeed=\"3000\" data-pauseonfocus=\"true\" data-pauseonhover=\"true\" data-draggable=\"true\" data-cmondesktop=\"false\" data-cmontablet=\"false\" data-cmonmobile=\"false\" data-slideitemdesktop=\"3\" data-slideitemtablet=\"2\" data-slideitemmobile=\"1\" data-slidescroll-desktop=\"1\" data-slidescroll-tablet=\"1\" data-slidescroll-mobile=\"1\"><article class='gutentor-post gutentor-carousel-item'><div class='gutentor-post-item'><div class='gutentor-post-image-box'><div class=\"gutentor-image-thumb\"><img loading=\"lazy\" decoding=\"async\" width=\"1536\" height=\"1024\" src=\"https:\/\/net-food.iwn.co\/wp-content\/uploads\/2025\/01\/puhtauden_validointi_kuva-e1768992745889.webp\" class=\"attachment-full size-full wp-post-image\" alt=\"\" \/><\/div><\/div><h3 class=\"gutentor-post-title\"><a href=\"https:\/\/net-food.iwn.co\/et\/asiakasryhmat\/koristamine-ja-hugieeni-tagamine\/\" rel=\"bookmark\">Koristamine ja h\u00fcgieeni tagamine<\/a><\/h3><div class=\"gutentor-post-desc\">N\u00e4ib puhas \u2013 aga kas ikka on? Veendu pindade tegelikus puhtuses testidega.&hellip;<\/div><a class=\"gutentor-button gutentor-post-button\" href=\"https:\/\/net-food.iwn.co\/et\/asiakasryhmat\/koristamine-ja-hugieeni-tagamine\/\"><span>Loe lisaks<\/span><\/a><\/div><\/article><article class='gutentor-post gutentor-carousel-item'><div class='gutentor-post-item'><div class='gutentor-post-image-box'><div class=\"gutentor-image-thumb\"><img loading=\"lazy\" decoding=\"async\" width=\"2048\" height=\"1267\" src=\"https:\/\/net-food.iwn.co\/wp-content\/uploads\/2025\/01\/elintarviketeollisuus_kuva1-e1768992802796.webp\" class=\"attachment-full size-full wp-post-image\" alt=\"\" \/><\/div><\/div><h3 class=\"gutentor-post-title\"><a href=\"https:\/\/net-food.iwn.co\/et\/asiakasryhmat\/elintarviketeollisuus\/\" rel=\"bookmark\">Toidut\u00f6\u00f6stus<\/a><\/h3><div class=\"gutentor-post-desc\">Asjatundlikud laboriteenused, kiirtestid ja allergeenide haldus \u2013 k\u00f5ik toiduohutuse toetamiseks.&hellip;<\/div><a class=\"gutentor-button gutentor-post-button\" href=\"https:\/\/net-food.iwn.co\/et\/asiakasryhmat\/elintarviketeollisuus\/\"><span>Loe lisaks<\/span><\/a><\/div><\/article><article class='gutentor-post gutentor-carousel-item'><div class='gutentor-post-item'><div class='gutentor-post-image-box'><div class=\"gutentor-image-thumb\"><img loading=\"lazy\" decoding=\"async\" width=\"512\" height=\"708\" src=\"https:\/\/net-food.iwn.co\/wp-content\/uploads\/2025\/01\/Netfoodlab_kuva_ammattikeittiot-ja-ravintolaketjut.png\" class=\"attachment-full size-full wp-post-image\" alt=\"\" \/><\/div><\/div><h3 class=\"gutentor-post-title\"><a href=\"https:\/\/net-food.iwn.co\/et\/asiakasryhmat\/suurkoogid-ja-restoranid\/\" rel=\"bookmark\">Suurk\u00f6\u00f6gid ja restoranid<\/a><\/h3><div class=\"gutentor-post-desc\">T\u00f5husad teenused h\u00fcgieeni ja puhtuse tagamiseks \u2013 asjatundlik tugi kliendiohutuse arendamiseks.&hellip;<\/div><a class=\"gutentor-button gutentor-post-button\" href=\"https:\/\/net-food.iwn.co\/et\/asiakasryhmat\/suurkoogid-ja-restoranid\/\"><span>Loe lisaks<\/span><\/a><\/div><\/article><\/div><\/div><\/section>\n\n\n\n<div id=\"section-g-d1piibi\" class=\"wp-block-gutentor-e2 section-g-d1piibi gutentor-element gutentor-element-button button-align-center-mobile\"><span class=\"gutentor-button-wrap\"><a class=\"gutentor-button gutentor-block-button gutentor-icon-hide\" href=\"https:\/\/net-food.iwn.co\/et\/kliendiruhmad\/?lang=et\"><i class=\"gutentor-button-icon fas fa-book\"><\/i><span>Vaata k\u00f5iki<\/span><\/a><\/span><\/div>\n<\/div><\/section>\n\n\n\n<div style=\"height:10px\" aria-hidden=\"true\" class=\"wp-block-spacer\"><\/div>\n","protected":false},"excerpt":{"rendered":"","protected":false},"author":2,"featured_media":0,"parent":0,"menu_order":0,"comment_status":"closed","ping_status":"closed","template":"","meta":{"_acf_changed":false,"footnotes":""},"class_list":["post-1455","page","type-page","status-publish"],"acf":[],"_links":{"self":[{"href":"https:\/\/net-food.iwn.co\/et\/wp-json\/wp\/v2\/pages\/1455","targetHints":{"allow":["GET"]}}],"collection":[{"href":"https:\/\/net-food.iwn.co\/et\/wp-json\/wp\/v2\/pages"}],"about":[{"href":"https:\/\/net-food.iwn.co\/et\/wp-json\/wp\/v2\/types\/page"}],"author":[{"embeddable":true,"href":"https:\/\/net-food.iwn.co\/et\/wp-json\/wp\/v2\/users\/2"}],"replies":[{"embeddable":true,"href":"https:\/\/net-food.iwn.co\/et\/wp-json\/wp\/v2\/comments?post=1455"}],"version-history":[{"count":26,"href":"https:\/\/net-food.iwn.co\/et\/wp-json\/wp\/v2\/pages\/1455\/revisions"}],"predecessor-version":[{"id":2507,"href":"https:\/\/net-food.iwn.co\/et\/wp-json\/wp\/v2\/pages\/1455\/revisions\/2507"}],"wp:attachment":[{"href":"https:\/\/net-food.iwn.co\/et\/wp-json\/wp\/v2\/media?parent=1455"}],"curies":[{"name":"wp","href":"https:\/\/api.w.org\/{rel}","templated":true}]}}