{"id":1452,"date":"2025-01-15T09:51:33","date_gmt":"2025-01-15T06:51:33","guid":{"rendered":"https:\/\/netfood.iwn.co\/teenused-ja-tooted\/laboratoorium\/ravintosisalto\/"},"modified":"2025-07-22T10:40:06","modified_gmt":"2025-07-22T10:40:06","slug":"toitevaartuse-analuus","status":"publish","type":"page","link":"https:\/\/net-food.iwn.co\/et\/teenused-ja-tooted\/laboratoorium\/toitevaartuse-analuus\/","title":{"rendered":"Toitev\u00e4\u00e4rtuse anal\u00fc\u00fcs"},"content":{"rendered":"\n<section id=\"g-1j575j5\" class=\"wp-block-gutentor-m3 alignfull section-g-1j575j5 gutentor-module gutentor-container-cover\"><div class=\"grid-container\">\n<section id=\"g-9fw9ij3\" class=\"wp-block-gutentor-m4 section-g-9fw9ij3 gutentor-module gutentor-advanced-columns\"><div class=\"grid-container\"><div class=\"grid-row\">\n<div id=\"col-g-sw35wpg\" class=\"wp-block-gutentor-m4-col col-g-sw35wpg gutentor-single-column  grid-lg-8 grid-md-12 grid-12\"><div id=\"section-g-sw35wpg\" class=\"section-g-sw35wpg gutentor-col-wrap\">\n<div id=\"section-g-9vuz7ar\" class=\"wp-block-gutentor-e7 section-g-9vuz7ar gutentor-element gutentor-element-list\"><ul class=\"grid-row gutentor-grid-item-wrap list-indicator-icon\"><li class=\"gutentor-list-item grid-lg-12 grid-md-12 grid-12\"><span class=\"gutentor-single-item gutentor-single-item-0\"><span class=\"gutentor-list-item-wrap g-s-list-wrap\"><span class=\"gutentor-single-list-item-icon\"><i class=\"list-item-icon fas fa-arrow-right\"><\/i><\/span><span class=\"gutentor-list-item\"><p class=\"gutentor-single-item-title\">K\u00f5ik vajalikud toitev\u00e4\u00e4rtuse uuringud \u00fchest kohast<\/p><\/span><\/span><\/span><\/li><li class=\"gutentor-list-item grid-lg-12 grid-md-12 grid-12\"><span class=\"gutentor-single-item gutentor-single-item-1\"><span class=\"gutentor-list-item-wrap g-s-list-wrap\"><span class=\"gutentor-single-list-item-icon\"><i class=\"list-item-icon fas fa-arrow-right\"><\/i><\/span><span class=\"gutentor-list-item\"><p class=\"gutentor-single-item-title\">Kiire ja soodne teenus<\/p><\/span><\/span><\/span><\/li><li class=\"gutentor-list-item grid-lg-12 grid-md-12 grid-12\"><span class=\"gutentor-single-item gutentor-single-item-2\"><span class=\"gutentor-list-item-wrap g-s-list-wrap\"><span class=\"gutentor-single-list-item-icon\"><i class=\"list-item-icon fas fa-arrow-right\"><\/i><\/span><span class=\"gutentor-list-item\"><p class=\"gutentor-single-item-title\">\u00d5iged uuringud \u00fche korraga \u2013 meie tunneme seadusandluse n\u00f5udeid<\/p><\/span><\/span><\/span><\/li><\/ul><\/div>\n\n\n\n<p>Koost\u00f6\u00f6s oma usaldusv\u00e4\u00e4rsete koost\u00f6\u00f6partneritega tagame k\u00f5ik vajalikud uuringud. Toitev\u00e4\u00e4rtuse m\u00e4\u00e4ramine l\u00e4htub seadusandlusest ning seda saab vastavalt kliendi soovidele t\u00e4iendada n\u00e4iteks vitamiinide, mineraalainete anal\u00fc\u00fcsidega.<\/p>\n\n\n\n<p>Toitev\u00e4\u00e4rtuse uuring sisaldab allpool loetletud n\u00e4itajaid:<\/p>\n\n\n\n<ul class=\"wp-block-list\">\n<li>energia, rasv, k\u00fcllastunud rasv, s\u00fcsivesikud, suhkrud, valgud, sool ja kiudained (vajadusel)<\/li>\n<\/ul>\n\n\n\n<p>Pakendim\u00e4rgistuste jaoks n\u00f5utud toitev\u00e4\u00e4rtuse deklaratsiooni koostamiseks saab Net-Foodlab Oy m\u00e4\u00e4rata toitev\u00e4\u00e4rtuse ka arvutuslikult retsepti ja tooraineandmete p\u00f5hjal. Kogenud kvaliteedimeeskond valib alati k\u00f5ige sobivama t\u00f6\u00f6meetodi.<\/p>\n\n\n\n<h3 class=\"wp-block-heading\">K\u00fcsi pakkumist.<\/h3>\n\n\n\n<ul class=\"wp-block-list\">\n<li>Net-Foodlab Oy laboratoorium on FINAS-akkrediteeritud testimislabor T205, akrediteerimisn\u00f5ue SFS-EN ISO\/IEC 17025. Akrediteeritud p\u00e4devusala ja tegevuskohtade kohta leiab lisainfot veebilehelt <a href=\"http:\/\/www.finas.fi\/\" target=\"_blank\" rel=\"noopener\">www.finas.fi<\/a> (Loe l\u00e4hemalt siit).<\/li>\n<\/ul>\n<\/div><\/div>\n\n\n\n<div id=\"col-g-vvy3eev\" class=\"wp-block-gutentor-m4-col col-g-vvy3eev gutentor-single-column  grid-lg-4 grid-md-12 grid-12\"><div id=\"section-g-vvy3eev\" class=\"section-g-vvy3eev gutentor-col-wrap\">\n<div id=\"section-g-3iev3i4\" class=\"wp-block-gutentor-e6 section-g-3iev3i4 gutentor-element gutentor-element-image\"><div class=\"gutentor-element-image-box\"><div class=\"gutentor-image-thumb\"><img decoding=\"async\" class=\"normal-image\" src=\"https:\/\/net-food.iwn.co\/wp-content\/uploads\/2025\/06\/laboratorio_kuva3.webp\" \/><\/div><\/div><\/div>\n<\/div><\/div>\n<\/div><\/div><\/section>\n<\/div><\/section>\n","protected":false},"excerpt":{"rendered":"","protected":false},"author":2,"featured_media":0,"parent":1210,"menu_order":0,"comment_status":"closed","ping_status":"closed","template":"","meta":{"_acf_changed":false,"footnotes":""},"class_list":["post-1452","page","type-page","status-publish"],"acf":[],"_links":{"self":[{"href":"https:\/\/net-food.iwn.co\/et\/wp-json\/wp\/v2\/pages\/1452","targetHints":{"allow":["GET"]}}],"collection":[{"href":"https:\/\/net-food.iwn.co\/et\/wp-json\/wp\/v2\/pages"}],"about":[{"href":"https:\/\/net-food.iwn.co\/et\/wp-json\/wp\/v2\/types\/page"}],"author":[{"embeddable":true,"href":"https:\/\/net-food.iwn.co\/et\/wp-json\/wp\/v2\/users\/2"}],"replies":[{"embeddable":true,"href":"https:\/\/net-food.iwn.co\/et\/wp-json\/wp\/v2\/comments?post=1452"}],"version-history":[{"count":1,"href":"https:\/\/net-food.iwn.co\/et\/wp-json\/wp\/v2\/pages\/1452\/revisions"}],"predecessor-version":[{"id":1453,"href":"https:\/\/net-food.iwn.co\/et\/wp-json\/wp\/v2\/pages\/1452\/revisions\/1453"}],"up":[{"embeddable":true,"href":"https:\/\/net-food.iwn.co\/et\/wp-json\/wp\/v2\/pages\/1210"}],"wp:attachment":[{"href":"https:\/\/net-food.iwn.co\/et\/wp-json\/wp\/v2\/media?parent=1452"}],"curies":[{"name":"wp","href":"https:\/\/api.w.org\/{rel}","templated":true}]}}