{"id":1444,"date":"2025-01-15T09:50:59","date_gmt":"2025-01-15T06:50:59","guid":{"rendered":"https:\/\/netfood.iwn.co\/teenused-ja-tooted\/laboratoorium\/myyntikelpoisuus\/"},"modified":"2025-10-15T10:27:17","modified_gmt":"2025-10-15T07:27:17","slug":"toote-muugikolblikkuse-kontroll","status":"publish","type":"page","link":"https:\/\/net-food.iwn.co\/et\/teenused-ja-tooted\/laboratoorium\/toote-muugikolblikkuse-kontroll\/","title":{"rendered":"Toote m\u00fc\u00fcgik\u00f5lblikkuse kontroll"},"content":{"rendered":"\n<section id=\"g-1j575j5\" class=\"wp-block-gutentor-m3 alignfull section-g-1j575j5 gutentor-module gutentor-container-cover\"><div class=\"grid-container\">\n<section id=\"g-9fw9ij3\" class=\"wp-block-gutentor-m4 section-g-9fw9ij3 gutentor-module gutentor-advanced-columns\"><div class=\"grid-container\"><div class=\"grid-row\">\n<div id=\"col-g-sw35wpg\" class=\"wp-block-gutentor-m4-col col-g-sw35wpg gutentor-single-column  grid-lg-8 grid-md-12 grid-12\"><div id=\"section-g-sw35wpg\" class=\"section-g-sw35wpg gutentor-col-wrap\">\n<div id=\"section-g-9vuz7ar\" class=\"wp-block-gutentor-e7 section-g-9vuz7ar gutentor-element gutentor-element-list\"><ul class=\"grid-row gutentor-grid-item-wrap list-indicator-icon\"><li class=\"gutentor-list-item grid-lg-12 grid-md-12 grid-12\"><span class=\"gutentor-single-item gutentor-single-item-0\"><span class=\"gutentor-list-item-wrap g-s-list-wrap\"><span class=\"gutentor-single-list-item-icon\"><i class=\"list-item-icon fas fa-arrow-right\"><\/i><\/span><span class=\"gutentor-list-item\"><p class=\"gutentor-single-item-title\">Kogenud ja professionaalne personal<\/p><\/span><\/span><\/span><\/li><li class=\"gutentor-list-item grid-lg-12 grid-md-12 grid-12\"><span class=\"gutentor-single-item gutentor-single-item-1\"><span class=\"gutentor-list-item-wrap g-s-list-wrap\"><span class=\"gutentor-single-list-item-icon\"><i class=\"list-item-icon fas fa-arrow-right\"><\/i><\/span><span class=\"gutentor-list-item\"><p class=\"gutentor-single-item-title\">Seadusandluse tundmine<\/p><\/span><\/span><\/span><\/li><li class=\"gutentor-list-item grid-lg-12 grid-md-12 grid-12\"><span class=\"gutentor-single-item gutentor-single-item-2\"><span class=\"gutentor-list-item-wrap g-s-list-wrap\"><span class=\"gutentor-single-list-item-icon\"><i class=\"list-item-icon fas fa-arrow-right\"><\/i><\/span><span class=\"gutentor-list-item\"><p class=\"gutentor-single-item-title\">Kiire ja soodne teenus<\/p><\/span><\/span><\/span><\/li><li class=\"gutentor-list-item grid-lg-12 grid-md-12 grid-12\"><span class=\"gutentor-single-item gutentor-single-item-3\"><span class=\"gutentor-list-item-wrap g-s-list-wrap\"><span class=\"gutentor-single-list-item-icon\"><i class=\"list-item-icon fas fa-arrow-right\"><\/i><\/span><span class=\"gutentor-list-item\"><p class=\"gutentor-single-item-title\">Anname vajadusel n\u00f5u ja teeme parandusettepanekuid<\/p><\/span><\/span><\/span><\/li><\/ul><\/div>\n\n\n\n<div id=\"section-g-k9bk97z\" class=\"wp-block-gutentor-e0 section-g-k9bk97z gutentor-element gutentor-element-advanced-text\"><div class=\"gutentor-text-wrap\"><p class=\"gutentor-text\">Toote m\u00fc\u00fcgik\u00f5lblikkuse kontroll h\u00f5lmab mikrobioloogilisi, keemilisi ja organoleptilisi uuringuid ning samuti tulemuste v\u00f5rdlust pakendim\u00e4rgistustega. Kontrolli k\u00e4igus kontrollitakse ka toote pakendi sisu koguse vastavust m\u00e4rgistusel olevaga ning hinnatakse toidupakendi m\u00e4rgistuse \u00fcldist \u00f5igsust ja vastavust seadusandlusele.<br><br>M\u00fc\u00fcgik\u00f5lblikkuse kontrolli kohta koostatakse raport, mis sisaldab k\u00f5iki toote uuringutulemusi ning hinnangut m\u00fc\u00fcgik\u00f5lblikkuse kohta, v\u00f5ttes arvesse seadusandlust ja toiduturvalisuse n\u00f5udeid.<br><br><strong><a href=\"https:\/\/net-food.iwn.co\/et\/kusi-pakkumist\/\">K\u00fcsi pakkumist.<\/a><\/strong><\/p><\/div><\/div>\n<\/div><\/div>\n\n\n\n<div id=\"col-g-vvy3eev\" class=\"wp-block-gutentor-m4-col col-g-vvy3eev gutentor-single-column  grid-lg-4 grid-md-12 grid-12\"><div id=\"section-g-vvy3eev\" class=\"section-g-vvy3eev gutentor-col-wrap\">\n<div id=\"section-g-3iev3i4\" class=\"wp-block-gutentor-e6 section-g-3iev3i4 gutentor-element gutentor-element-image\"><div class=\"gutentor-element-image-box\"><div class=\"gutentor-image-thumb\"><img decoding=\"async\" class=\"normal-image\" src=\"https:\/\/net-food.iwn.co\/wp-content\/uploads\/2025\/06\/laboratorio_kuva5.webp\" \/><\/div><\/div><\/div>\n<\/div><\/div>\n<\/div><\/div><\/section>\n<\/div><\/section>\n","protected":false},"excerpt":{"rendered":"","protected":false},"author":2,"featured_media":0,"parent":1210,"menu_order":0,"comment_status":"closed","ping_status":"closed","template":"","meta":{"_acf_changed":false,"footnotes":""},"class_list":["post-1444","page","type-page","status-publish"],"acf":[],"_links":{"self":[{"href":"https:\/\/net-food.iwn.co\/et\/wp-json\/wp\/v2\/pages\/1444","targetHints":{"allow":["GET"]}}],"collection":[{"href":"https:\/\/net-food.iwn.co\/et\/wp-json\/wp\/v2\/pages"}],"about":[{"href":"https:\/\/net-food.iwn.co\/et\/wp-json\/wp\/v2\/types\/page"}],"author":[{"embeddable":true,"href":"https:\/\/net-food.iwn.co\/et\/wp-json\/wp\/v2\/users\/2"}],"replies":[{"embeddable":true,"href":"https:\/\/net-food.iwn.co\/et\/wp-json\/wp\/v2\/comments?post=1444"}],"version-history":[{"count":2,"href":"https:\/\/net-food.iwn.co\/et\/wp-json\/wp\/v2\/pages\/1444\/revisions"}],"predecessor-version":[{"id":4001,"href":"https:\/\/net-food.iwn.co\/et\/wp-json\/wp\/v2\/pages\/1444\/revisions\/4001"}],"up":[{"embeddable":true,"href":"https:\/\/net-food.iwn.co\/et\/wp-json\/wp\/v2\/pages\/1210"}],"wp:attachment":[{"href":"https:\/\/net-food.iwn.co\/et\/wp-json\/wp\/v2\/media?parent=1444"}],"curies":[{"name":"wp","href":"https:\/\/api.w.org\/{rel}","templated":true}]}}