{"id":1443,"date":"2025-01-15T09:50:23","date_gmt":"2025-01-15T06:50:23","guid":{"rendered":"https:\/\/netfood.iwn.co\/teenused-ja-tooted\/laboratoorium\/pakkausmerkinnat\/"},"modified":"2025-10-15T10:26:31","modified_gmt":"2025-10-15T07:26:31","slug":"toidu-margistuse-kontroll","status":"publish","type":"page","link":"https:\/\/net-food.iwn.co\/et\/teenused-ja-tooted\/laboratoorium\/toidu-margistuse-kontroll\/","title":{"rendered":"Toidu m\u00e4rgistuse kontroll"},"content":{"rendered":"\n<section id=\"g-1j575j5\" class=\"wp-block-gutentor-m3 alignfull section-g-1j575j5 gutentor-module gutentor-container-cover\"><div class=\"grid-container\">\n<section id=\"g-9fw9ij3\" class=\"wp-block-gutentor-m4 section-g-9fw9ij3 gutentor-module gutentor-advanced-columns\"><div class=\"grid-container\"><div class=\"grid-row\">\n<div id=\"col-g-sw35wpg\" class=\"wp-block-gutentor-m4-col col-g-sw35wpg gutentor-single-column  grid-lg-8 grid-md-12 grid-12\"><div id=\"section-g-sw35wpg\" class=\"section-g-sw35wpg gutentor-col-wrap\">\n<div id=\"section-g-9vuz7ar\" class=\"wp-block-gutentor-e7 section-g-9vuz7ar gutentor-element gutentor-element-list\"><ul class=\"grid-row gutentor-grid-item-wrap list-indicator-icon\"><li class=\"gutentor-list-item grid-lg-12 grid-md-12 grid-12\"><span class=\"gutentor-single-item gutentor-single-item-0\"><span class=\"gutentor-list-item-wrap g-s-list-wrap\"><span class=\"gutentor-single-list-item-icon\"><i class=\"list-item-icon fas fa-arrow-right\"><\/i><\/span><span class=\"gutentor-list-item\"><p class=\"gutentor-single-item-title\">Pakendim\u00e4rgistus esimese korraga \u00f5igesti \u2013 v\u00e4ldi kulukaid vigu ja aja raiskamist<\/p><\/span><\/span><\/span><\/li><li class=\"gutentor-list-item grid-lg-12 grid-md-12 grid-12\"><span class=\"gutentor-single-item gutentor-single-item-1\"><span class=\"gutentor-list-item-wrap g-s-list-wrap\"><span class=\"gutentor-single-list-item-icon\"><i class=\"list-item-icon fas fa-arrow-right\"><\/i><\/span><span class=\"gutentor-list-item\"><p class=\"gutentor-single-item-title\">Halda tootemuudatusi efektiivselt<\/p><\/span><\/span><\/span><\/li><li class=\"gutentor-list-item grid-lg-12 grid-md-12 grid-12\"><span class=\"gutentor-single-item gutentor-single-item-2\"><span class=\"gutentor-list-item-wrap g-s-list-wrap\"><span class=\"gutentor-single-list-item-icon\"><i class=\"list-item-icon fas fa-arrow-right\"><\/i><\/span><span class=\"gutentor-list-item\"><p class=\"gutentor-single-item-title\">S\u00e4\u00e4sta ressursse<\/p><\/span><\/span><\/span><\/li><li class=\"gutentor-list-item grid-lg-12 grid-md-12 grid-12\"><span class=\"gutentor-single-item gutentor-single-item-3\"><span class=\"gutentor-list-item-wrap g-s-list-wrap\"><span class=\"gutentor-single-list-item-icon\"><i class=\"list-item-icon fas fa-arrow-right\"><\/i><\/span><span class=\"gutentor-list-item\"><p class=\"gutentor-single-item-title\">Lai keelevalik: eesti, soome, rootsi, inglise ja vene keel<\/p><\/span><\/span><\/span><\/li><\/ul><\/div>\n\n\n\n<div id=\"section-g-k9bk97z\" class=\"wp-block-gutentor-e0 section-g-k9bk97z gutentor-element gutentor-element-advanced-text\"><div class=\"gutentor-text-wrap\"><p class=\"gutentor-text\">Vead toidu m\u00e4rgistamisel v\u00f5ivad tunduda t\u00fchistena, kuid halvimal juhul toovad need kaasa kulukaid toote tagasikutsumisi. Net-Foodlab Oy tunneb Euroopa Liidu seadusandluse n\u00f5udeid ning saab anda n\u00f5u nii siseriiklikule turule kui ka ekspordiks m\u00f5eldud toodete pakendim\u00e4rgistuste koostamisel.<br>Toidupakendite m\u00e4rgistust reguleerivate dokumentide hulk on suur, mist\u00f5ttu pole haruldane, et m\u00e4rgistustes esineb vigu. Toodete arendus ja muudatused n\u00f5uavad h\u00e4sti toimivat protsessi ning vajadusel kohe k\u00e4ttesaadavat tuge pakendim\u00e4rgistuste kontrollimisel.<br>Toiduainete pakendim\u00e4rgistuse eesm\u00e4rk on anda tarbijale piisavat ja \u00f5iget teavet pakendi sisu kohta. Sellega soovitakse kaitsta tarbijat ja v\u00e4ltida tarbija eksitamist. Tootja vastutab pakendim\u00e4rgistuste \u00f5igsuse eest ning neid kontrollivad nii ametiasutused, audiitorid kui ka kliendid.<br>Pakendim\u00e4rgistusel peab olema toodud kohustuslik teave- toote kogus, koostisosade loetelu, allergeenid, s\u00e4ilivusaeg (\u201eparim enne\u201c v\u00f5i \u201ek\u00f5lblik kuni\u201c) ja vastutav ettev\u00f5te, kelle poole saab tarbija vajadusel p\u00f6\u00f6rduda. Enamikul toodetest tuleb esitada ka toitev\u00e4\u00e4rtus kindlas j\u00e4rjekorras. P\u00e4ritoluriigi m\u00e4rkimise kohta kehtivad samuti eraldi n\u00f5uded. Kui see on vajalik toote ohutuks kasutamiseks, peab pakend sisaldama valmistusjuhiseid \u2013 kas s\u00f5naliselt v\u00f5i selgete s\u00fcmbolite abil.<br>Toidupakenditel on lubatud kasutada ainult seadusega t\u00e4pselt m\u00e4\u00e4ratletud tervise- ja toitumisalaseid v\u00e4iteid. K\u00f5ik v\u00e4ited, mis viitavad haiguste ennetamisele v\u00f5i ravimisele, on \u00fcldjuhul keelatud.<br>\u00a0<br><strong><a href=\"https:\/\/net-food.iwn.co\/et\/kusi-pakkumist\/\">K\u00fcsi hinnapakkumist<\/a><\/strong><br><\/p><\/div><\/div>\n<\/div><\/div>\n\n\n\n<div id=\"col-g-vvy3eev\" class=\"wp-block-gutentor-m4-col col-g-vvy3eev gutentor-single-column  grid-lg-4 grid-md-12 grid-12\"><div id=\"section-g-vvy3eev\" class=\"section-g-vvy3eev gutentor-col-wrap\">\n<div id=\"section-g-3iev3i4\" class=\"wp-block-gutentor-e6 section-g-3iev3i4 gutentor-element gutentor-element-image\"><div class=\"gutentor-element-image-box\"><div class=\"gutentor-image-thumb\"><img decoding=\"async\" class=\"normal-image\" src=\"https:\/\/net-food.iwn.co\/wp-content\/uploads\/2025\/06\/pakkausmerkinnat_kuva1.webp\" \/><\/div><\/div><\/div>\n<\/div><\/div>\n<\/div><\/div><\/section>\n<\/div><\/section>\n","protected":false},"excerpt":{"rendered":"","protected":false},"author":2,"featured_media":0,"parent":1210,"menu_order":0,"comment_status":"closed","ping_status":"closed","template":"","meta":{"_acf_changed":false,"footnotes":""},"class_list":["post-1443","page","type-page","status-publish"],"acf":[],"_links":{"self":[{"href":"https:\/\/net-food.iwn.co\/et\/wp-json\/wp\/v2\/pages\/1443","targetHints":{"allow":["GET"]}}],"collection":[{"href":"https:\/\/net-food.iwn.co\/et\/wp-json\/wp\/v2\/pages"}],"about":[{"href":"https:\/\/net-food.iwn.co\/et\/wp-json\/wp\/v2\/types\/page"}],"author":[{"embeddable":true,"href":"https:\/\/net-food.iwn.co\/et\/wp-json\/wp\/v2\/users\/2"}],"replies":[{"embeddable":true,"href":"https:\/\/net-food.iwn.co\/et\/wp-json\/wp\/v2\/comments?post=1443"}],"version-history":[{"count":2,"href":"https:\/\/net-food.iwn.co\/et\/wp-json\/wp\/v2\/pages\/1443\/revisions"}],"predecessor-version":[{"id":4000,"href":"https:\/\/net-food.iwn.co\/et\/wp-json\/wp\/v2\/pages\/1443\/revisions\/4000"}],"up":[{"embeddable":true,"href":"https:\/\/net-food.iwn.co\/et\/wp-json\/wp\/v2\/pages\/1210"}],"wp:attachment":[{"href":"https:\/\/net-food.iwn.co\/et\/wp-json\/wp\/v2\/media?parent=1443"}],"curies":[{"name":"wp","href":"https:\/\/api.w.org\/{rel}","templated":true}]}}