{"id":1404,"date":"2025-01-14T12:13:02","date_gmt":"2025-01-14T09:13:02","guid":{"rendered":"https:\/\/netfood.iwn.co\/palvelut-ja-tuotteet\/"},"modified":"2025-10-09T14:17:51","modified_gmt":"2025-10-09T11:17:51","slug":"teenused-ja-tooted","status":"publish","type":"page","link":"https:\/\/net-food.iwn.co\/et\/teenused-ja-tooted\/","title":{"rendered":"Teenused ja tooted"},"content":{"rendered":"\n<section id=\"g-d1gc877\" class=\"wp-block-gutentor-m3 alignfull section-g-d1gc877 gutentor-module gutentor-container-cover has-color-bg has-custom-bg\"><div class=\"grid-container\">\n<section id=\"g-gmn5n7w\" class=\"wp-block-gutentor-m4 section-g-gmn5n7w gutentor-module gutentor-advanced-columns ordered-columns mobile-order\"><div class=\"grid-container\"><div class=\"grid-row\">\n<div id=\"col-g-6ofsszi\" class=\"wp-block-gutentor-m4-col col-g-6ofsszi gutentor-single-column  grid-lg-6 grid-md-6 grid-12 ordered-left\"><div id=\"section-g-6ofsszi\" class=\"section-g-6ofsszi gutentor-col-wrap\">\n<div id=\"section-g-377ks1a\" class=\"wp-block-gutentor-e1 section-g-377ks1a gutentor-element gutentor-element-advanced-text\"><div class=\"gutentor-text-wrap\"><h2 class=\"gutentor-text\">Laboratoorium<\/h2><\/div><\/div>\n\n\n\n<div id=\"section-g-4sirrrj\" class=\"wp-block-gutentor-e0 section-g-4sirrrj gutentor-element gutentor-element-advanced-text\"><div class=\"gutentor-text-wrap\"><p class=\"gutentor-text\">Meie labor on alates 1997 aastast olnud usaldusv\u00e4\u00e4rne toiduvaldkonna partner. \u00dcle 20-aastase akrediteerimiskogemuse* ja tugeva allt\u00f6\u00f6v\u00f5rgustiku toel pakume laiaulatuslikke anal\u00fc\u00fcsiteenuseid peaaegu k\u00f5ikide toiduvaldkonna vajaduste jaoks.<\/p><\/div><\/div>\n\n\n\n<div id=\"section-g-norx1q9\" class=\"wp-block-gutentor-e2 section-g-norx1q9 gutentor-element gutentor-element-button\"><span class=\"gutentor-button-wrap\"><a class=\"gutentor-button gutentor-block-button gutentor-icon-hide\" href=\"https:\/\/net-food.iwn.co\/et\/teenused-ja-tooted\/laboratoorium\/\"><i class=\"gutentor-button-icon fas fa-book\"><\/i><span>Loe edasi<\/span><\/a><\/span><\/div>\n<\/div><\/div>\n\n\n\n<div id=\"col-g-77rfb1e\" class=\"wp-block-gutentor-m4-col col-g-77rfb1e gutentor-single-column  grid-lg-6 grid-md-6 grid-12 ordered-right\"><div id=\"section-g-77rfb1e\" class=\"section-g-77rfb1e gutentor-col-wrap\">\n<div id=\"section-g-472ppk4\" class=\"wp-block-gutentor-e6 section-g-472ppk4 gutentor-element gutentor-element-image\"><div class=\"gutentor-element-image-box\"><div class=\"gutentor-image-thumb\"><img decoding=\"async\" class=\"normal-image\" src=\"https:\/\/net-food.iwn.co\/wp-content\/uploads\/2025\/03\/labra-1-1536x944-1.jpg\" \/><\/div><\/div><\/div>\n<\/div><\/div>\n<\/div><\/div><\/section>\n<\/div><\/section>\n\n\n\n<section id=\"g-d6yyw46\" class=\"wp-block-gutentor-m3 alignfull section-g-d6yyw46 gutentor-module gutentor-container-cover has-color-bg has-custom-bg\"><div class=\"grid-container\">\n<section id=\"g-3433nin\" class=\"wp-block-gutentor-m4 section-g-3433nin gutentor-module gutentor-advanced-columns ordered-columns mobile-order\"><div class=\"grid-container\"><div class=\"grid-row\">\n<div id=\"col-g-l5me4l4\" class=\"wp-block-gutentor-m4-col col-g-l5me4l4 gutentor-single-column  grid-lg-6 grid-md-6 grid-12 ordered-left\"><div id=\"section-g-l5me4l4\" class=\"section-g-l5me4l4 gutentor-col-wrap\">\n<div id=\"section-g-h1h01c0\" class=\"wp-block-gutentor-e6 section-g-h1h01c0 gutentor-element gutentor-element-image\"><div class=\"gutentor-element-image-box\"><div class=\"gutentor-image-thumb\"><img decoding=\"async\" class=\"normal-image\" src=\"https:\/\/net-food.iwn.co\/wp-content\/uploads\/2025\/03\/allerflow-gluten.png\" \/><\/div><\/div><\/div>\n<\/div><\/div>\n\n\n\n<div id=\"col-g-w2vwqlt\" class=\"wp-block-gutentor-m4-col col-g-w2vwqlt gutentor-single-column  grid-lg-6 grid-md-6 grid-12 ordered-right\"><div id=\"section-g-w2vwqlt\" class=\"section-g-w2vwqlt gutentor-col-wrap\">\n<div id=\"section-g-y2wmy2x\" class=\"wp-block-gutentor-e1 section-g-y2wmy2x gutentor-element gutentor-element-advanced-text\"><div class=\"gutentor-text-wrap\"><h2 class=\"gutentor-text\">Kiiretestid<\/h2><\/div><\/div>\n\n\n\n<div id=\"section-g-f4ijklo\" class=\"wp-block-gutentor-e0 section-g-f4ijklo gutentor-element gutentor-element-advanced-text\"><div class=\"gutentor-text-wrap\"><p class=\"gutentor-text\">Net-Foodlab pakub laia valikut erinevaid kiirteste ja luminomeetreid pindade puhtuse ning allergeenij\u00e4\u00e4kide kiireks ja mitmek\u00fclgseks m\u00e4\u00e4ramiseks. Meie luminomeetrite ja kiirtestide t\u00fc\u00fcpilised kasutajad on toiduainet\u00f6\u00f6stus, suurk\u00f6\u00f6gid ja j\u00e4relevalveasutused, kelle jaoks on m\u00f5\u00f5tmistulemuste kiire saamine \u00e4\u00e4rmiselt oluline.<\/p><\/div><\/div>\n\n\n\n<div id=\"section-g-o9x0gox\" class=\"wp-block-gutentor-e2 section-g-o9x0gox gutentor-element gutentor-element-button\"><span class=\"gutentor-button-wrap\"><a class=\"gutentor-button gutentor-block-button gutentor-icon-hide\" href=\"https:\/\/net-food.iwn.co\/et\/teenused-ja-tooted\/kiirtestid\/\"><i class=\"gutentor-button-icon fas fa-book\"><\/i><span>Loe edasi<\/span><\/a><\/span><\/div>\n<\/div><\/div>\n<\/div><\/div><\/section>\n<\/div><\/section>\n\n\n\n<section id=\"g-l6yddoy\" class=\"wp-block-gutentor-m3 alignfull section-g-l6yddoy gutentor-module gutentor-container-cover\"><div class=\"grid-container\">\n<section id=\"g-wc17q5j\" class=\"wp-block-gutentor-m4 section-g-wc17q5j gutentor-module gutentor-advanced-columns\"><div class=\"grid-container\"><div class=\"grid-row\">\n<div id=\"col-g-8d83j13\" class=\"wp-block-gutentor-m4-col col-g-8d83j13 gutentor-single-column  grid-lg-6 grid-md-6 grid-12\"><div id=\"section-g-8d83j13\" class=\"section-g-8d83j13 gutentor-col-wrap\">\n<div id=\"section-g-qo9ozr5\" class=\"wp-block-gutentor-e1 section-g-qo9ozr5 gutentor-element gutentor-element-advanced-text\"><div class=\"gutentor-text-wrap\"><h2 class=\"gutentor-text\">Anal\u00fcsaatorid<\/h2><\/div><\/div>\n\n\n\n<div id=\"section-g-jh3x111\" class=\"wp-block-gutentor-e0 section-g-jh3x111 gutentor-element gutentor-element-advanced-text\"><div class=\"gutentor-text-wrap\"><p class=\"gutentor-text\">Pakume anal\u00fcsaatorite toetamiseks alati kliendi vajadustele vastavat toote- ja teenusepaketti. Tarnime seadme paigalduse p\u00f5him\u00f5ttel \u201ev\u00f5tmed k\u00e4tte\u201c, teostame meetodite valideerimised ja personali koolitused vastavalt vajadusele ning hoolduse, j\u00e4relvalve ja remondi.<br><br>Me tunneme toiduainet\u00f6\u00f6stuse vajadusi \u2013 seet\u00f5ttu tarnime anal\u00fcsaatori osana terviklahendusest.<\/p><\/div><\/div>\n\n\n\n<div id=\"section-g-njz0cvr\" class=\"wp-block-gutentor-e2 section-g-njz0cvr gutentor-element gutentor-element-button\"><span class=\"gutentor-button-wrap\"><a class=\"gutentor-button gutentor-block-button gutentor-icon-hide\" href=\"https:\/\/net-food.iwn.co\/et\/teenused-ja-tooted\/analusaatorid\/\"><i class=\"gutentor-button-icon fas fa-book\"><\/i><span>Loe edasi<\/span><\/a><\/span><\/div>\n<\/div><\/div>\n\n\n\n<div id=\"col-g-himd1hr\" class=\"wp-block-gutentor-m4-col col-g-himd1hr gutentor-single-column  grid-lg-6 grid-md-6 grid-12\"><div id=\"section-g-himd1hr\" class=\"section-g-himd1hr gutentor-col-wrap\">\n<div id=\"section-g-jq2tq1f\" class=\"wp-block-gutentor-e6 section-g-jq2tq1f gutentor-element gutentor-element-image\"><div class=\"gutentor-element-image-box\"><div class=\"gutentor-image-thumb\"><img decoding=\"async\" class=\"normal-image\" src=\"https:\/\/net-food.iwn.co\/wp-content\/uploads\/2025\/03\/biosystems-y15.png\" \/><\/div><\/div><\/div>\n<\/div><\/div>\n<\/div><\/div><\/section>\n<\/div><\/section>\n","protected":false},"excerpt":{"rendered":"","protected":false},"author":2,"featured_media":0,"parent":0,"menu_order":0,"comment_status":"closed","ping_status":"closed","template":"","meta":{"_acf_changed":false,"footnotes":""},"class_list":["post-1404","page","type-page","status-publish"],"acf":[],"_links":{"self":[{"href":"https:\/\/net-food.iwn.co\/et\/wp-json\/wp\/v2\/pages\/1404","targetHints":{"allow":["GET"]}}],"collection":[{"href":"https:\/\/net-food.iwn.co\/et\/wp-json\/wp\/v2\/pages"}],"about":[{"href":"https:\/\/net-food.iwn.co\/et\/wp-json\/wp\/v2\/types\/page"}],"author":[{"embeddable":true,"href":"https:\/\/net-food.iwn.co\/et\/wp-json\/wp\/v2\/users\/2"}],"replies":[{"embeddable":true,"href":"https:\/\/net-food.iwn.co\/et\/wp-json\/wp\/v2\/comments?post=1404"}],"version-history":[{"count":6,"href":"https:\/\/net-food.iwn.co\/et\/wp-json\/wp\/v2\/pages\/1404\/revisions"}],"predecessor-version":[{"id":3374,"href":"https:\/\/net-food.iwn.co\/et\/wp-json\/wp\/v2\/pages\/1404\/revisions\/3374"}],"wp:attachment":[{"href":"https:\/\/net-food.iwn.co\/et\/wp-json\/wp\/v2\/media?parent=1404"}],"curies":[{"name":"wp","href":"https:\/\/api.w.org\/{rel}","templated":true}]}}