{"id":1355,"date":"2025-01-16T11:55:39","date_gmt":"2025-01-16T08:55:39","guid":{"rendered":"https:\/\/netfood.iwn.co\/analusaatorid\/biosystems-y15\/"},"modified":"2025-07-22T06:45:55","modified_gmt":"2025-07-22T06:45:55","slug":"biosystems-y15","status":"publish","type":"page","link":"https:\/\/net-food.iwn.co\/et\/teenused-ja-tooted\/analusaatorid\/biosystems-y15\/","title":{"rendered":"Biosystems Y15 \u2013 anal\u00fcsaator"},"content":{"rendered":"\n<section id=\"g-1j575j5\" class=\"wp-block-gutentor-m3 alignfull section-g-1j575j5 gutentor-module gutentor-container-cover\"><div class=\"grid-container\">\n<section id=\"g-9fw9ij3\" class=\"wp-block-gutentor-m4 section-g-9fw9ij3 gutentor-module gutentor-advanced-columns\"><div class=\"grid-container\"><div class=\"grid-row\">\n<div id=\"col-g-sw35wpg\" class=\"wp-block-gutentor-m4-col col-g-sw35wpg gutentor-single-column  grid-lg-12 grid-md-12 grid-12\"><div id=\"section-g-sw35wpg\" class=\"section-g-sw35wpg gutentor-col-wrap\">\n<div id=\"section-g-bllnbzz\" class=\"wp-block-gutentor-e1 section-g-bllnbzz gutentor-element gutentor-element-advanced-text\"><div class=\"gutentor-text-wrap\"><h3 class=\"gutentor-text\">Biosystems Y15 \u2013 anal\u00fcsaator<\/h3><\/div><\/div>\n\n\n\n<div id=\"section-g-nbfbw6b\" class=\"wp-block-gutentor-e0 section-g-nbfbw6b gutentor-element gutentor-element-advanced-text\"><div class=\"gutentor-text-wrap\"><p class=\"gutentor-text\">Biosystems Y15 on t\u00e4isautomaatne fotomeetrial p\u00f5hinev anal\u00fcsaator, mis on v\u00e4lja t\u00f6\u00f6tatud igap\u00e4evaseks rutiinanal\u00fc\u00fcsiks tootmis- ja kontraktlaboritele. Seade v\u00f5imaldab teha k\u00fcmneid erinevaid toiduainet\u00f6\u00f6stuses kasutatavaid kvaliteedikontrolli anal\u00fc\u00fcse \u2013 kiiresti, t\u00f5husalt ja kuluefektiivselt \u2013 \u00fche t\u00f6\u00f6ts\u00fckli jooksul. \u00dche m\u00f5\u00f5tmists\u00fckliga saab anal\u00fc\u00fcsida kuni 72 erinevat proovi, ja teostada sadu anal\u00fc\u00fcse tunnis.<\/p><\/div><\/div>\n\n\n\n<section id=\"g-n2enmy0\" class=\"wp-block-gutentor-m4 section-g-n2enmy0 gutentor-module gutentor-advanced-columns\"><div class=\"grid-container\"><div class=\"grid-row\">\n<div id=\"col-g-a9181yg\" class=\"wp-block-gutentor-m4-col col-g-a9181yg gutentor-single-column  grid-lg-8 grid-md-12 grid-12\"><div id=\"section-g-a9181yg\" class=\"section-g-a9181yg gutentor-col-wrap\">\n<div id=\"section-g-9vuz7ar\" class=\"wp-block-gutentor-e7 section-g-9vuz7ar gutentor-element gutentor-element-list\"><ul class=\"grid-row gutentor-grid-item-wrap list-indicator-icon\"><li class=\"gutentor-list-item grid-lg-12 grid-md-12 grid-12\"><span class=\"gutentor-single-item gutentor-single-item-0\"><span class=\"gutentor-list-item-wrap g-s-list-wrap\"><span class=\"gutentor-single-list-item-icon\"><i class=\"list-item-icon fas fa-arrow-right\"><\/i><\/span><span class=\"gutentor-list-item\"><p class=\"gutentor-single-item-title\">Lai kasutusvaldkond- piimatooted, \u00f5lu, joogid, liha- ja kalatooted, teravili, moosid ja mahlad, vein jm<\/p><\/span><\/span><\/span><\/li><li class=\"gutentor-list-item grid-lg-12 grid-md-12 grid-12\"><span class=\"gutentor-single-item gutentor-single-item-1\"><span class=\"gutentor-list-item-wrap g-s-list-wrap\"><span class=\"gutentor-single-list-item-icon\"><i class=\"list-item-icon fas fa-arrow-right\"><\/i><\/span><span class=\"gutentor-list-item\"><p class=\"gutentor-single-item-title\">Suur anal\u00fc\u00fctide valik- suhkrud, orgaanilised happed, sulfiit, atseetaldeh\u00fc\u00fcd, katioonid, histidiin jne.<\/p><\/span><\/span><\/span><\/li><li class=\"gutentor-list-item grid-lg-12 grid-md-12 grid-12\"><span class=\"gutentor-single-item gutentor-single-item-2\"><span class=\"gutentor-list-item-wrap g-s-list-wrap\"><span class=\"gutentor-single-list-item-icon\"><i class=\"list-item-icon fas fa-arrow-right\"><\/i><\/span><span class=\"gutentor-list-item\"><p class=\"gutentor-single-item-title\">V\u00f5imas anal\u00fc\u00fcsiv\u00f5imekus- sadu anal\u00fc\u00fcse tunnis ja k\u00fcmneid proove korraga<\/p><\/span><\/span><\/span><\/li><li class=\"gutentor-list-item grid-lg-12 grid-md-12 grid-12\"><span class=\"gutentor-single-item gutentor-single-item-3\"><span class=\"gutentor-list-item-wrap g-s-list-wrap\"><span class=\"gutentor-single-list-item-icon\"><i class=\"list-item-icon fas fa-arrow-right\"><\/i><\/span><span class=\"gutentor-list-item\"><p class=\"gutentor-single-item-title\">T\u00e4isautomaatne s\u00fcsteem, mis tagab kasutusmugavuse ja v\u00e4hese t\u00f6\u00f6j\u00f5ukulu<\/p><\/span><\/span><\/span><\/li><\/ul><\/div>\n<\/div><\/div>\n\n\n\n<div id=\"col-g-1gn57s1\" class=\"wp-block-gutentor-m4-col col-g-1gn57s1 gutentor-single-column  grid-lg-4 grid-md-12 grid-12\"><div id=\"section-g-1gn57s1\" class=\"section-g-1gn57s1 gutentor-col-wrap\">\n<div id=\"section-g-cchcseq\" class=\"wp-block-gutentor-e6 section-g-cchcseq gutentor-element gutentor-element-image\"><div class=\"gutentor-element-image-box\"><div class=\"gutentor-image-thumb\"><img decoding=\"async\" class=\"normal-image\" src=\"https:\/\/net-food.iwn.co\/wp-content\/uploads\/2025\/03\/biosystems-y15.png\" \/><\/div><\/div><\/div>\n<\/div><\/div>\n<\/div><\/div><\/section>\n\n\n\n<p><strong>Kasutajas\u00f5bralik ja kulut\u00f5hus lahendus<\/strong><\/p>\n\n\n\n<p>Seade t\u00f6\u00f6tab keemilistel ja ens\u00fcmaatilistel reaktsioonidel p\u00f5hinevate reaktiividega, mis on soodsa hinnaga ja pika s\u00e4ilivusajaga (tavaliselt 24\u201336 kuud), mist\u00f5ttu on risk et reaktiivid vananevad v\u00e4ike. Reaktiivikomplektid sisaldavad ka vajalikke partii-spetsiifilisi kalibreerimisvahendeid.<\/p>\n\n\n\n<p><strong>Komplektide n\u00e4ited:<\/strong><\/p>\n\n\n\n<section id=\"g-raxalok\" class=\"wp-block-gutentor-m4 section-g-raxalok gutentor-module gutentor-advanced-columns\"><div class=\"grid-container\"><div class=\"grid-row\">\n<div id=\"col-g-ebb9b92\" class=\"wp-block-gutentor-m4-col col-g-ebb9b92 gutentor-single-column  grid-lg-3 grid-md-12 grid-12\"><div id=\"section-g-ebb9b92\" class=\"section-g-ebb9b92 gutentor-col-wrap\">\n<div id=\"section-g-6u15cca\" class=\"wp-block-gutentor-e1 section-g-6u15cca gutentor-element gutentor-element-advanced-text\"><div class=\"gutentor-text-wrap\"><h5 class=\"gutentor-text\">Lihat\u00f6\u00f6stus<\/h5><\/div><\/div>\n\n\n\n<ul class=\"wp-block-list\">\n<li>Nitrit<\/li>\n\n\n\n<li>Sulfiidid (\u201dfree\u201d ja \u201dtotal\u201d)<\/li>\n\n\n\n<li>Suhkrud: gl\u00fckoos, fruktoos, laktoos, sahharoos<\/li>\n\n\n\n<li>Askorbiinhape (C-vitamiin)<\/li>\n\n\n\n<li>Fosfaadid<\/li>\n<\/ul>\n<\/div><\/div>\n\n\n\n<div id=\"col-g-31elssm\" class=\"wp-block-gutentor-m4-col col-g-31elssm gutentor-single-column  grid-lg-3 grid-md-12 grid-12\"><div id=\"section-g-31elssm\" class=\"section-g-31elssm gutentor-col-wrap\">\n<div id=\"section-g-ldofp8t\" class=\"wp-block-gutentor-e1 section-g-ldofp8t gutentor-element gutentor-element-advanced-text\"><div class=\"gutentor-text-wrap\"><h5 class=\"gutentor-text\">Joogi-, marja- ja puuviljat\u00f6\u00f6stus<\/h5><\/div><\/div>\n\n\n\n<ul class=\"wp-block-list\">\n<li>Suhkrud: gl\u00fckoos, fruktoos, laktoos, sahharoos<\/li>\n\n\n\n<li>Orgaanilised happed: sidrunhape, D-piimhape, L-piimhape, \u00f5unhape, D-sidrunhape<\/li>\n\n\n\n<li>Askorbiinhape (C-vitamiin)<\/li>\n\n\n\n<li>Etanool (riknemise indikaatorina)<\/li>\n\n\n\n<li>Pol\u00fcfenoolid, antots\u00fcaniinid, katehhiinid<\/li>\n\n\n\n<li>V\u00e4rvus<\/li>\n<\/ul>\n<\/div><\/div>\n\n\n\n<div id=\"col-g-e7g70gu\" class=\"wp-block-gutentor-m4-col col-g-e7g70gu gutentor-single-column  grid-lg-3 grid-md-12 grid-12\"><div id=\"section-g-e7g70gu\" class=\"section-g-e7g70gu gutentor-col-wrap\">\n<div id=\"section-g-1y1f1ee\" class=\"wp-block-gutentor-e1 section-g-1y1f1ee gutentor-element gutentor-element-advanced-text\"><div class=\"gutentor-text-wrap\"><h5 class=\"gutentor-text\">Maiustustet\u00f6\u00f6stus<\/h5><\/div><\/div>\n\n\n\n<ul class=\"wp-block-list\">\n<li>Suhkrud: gl\u00fckoos, fruktoos, laktoos, sahharoos<\/li>\n\n\n\n<li>Orgaanilised happed: sidrunhape, D- ja L-piimhape<\/li>\n<\/ul>\n<\/div><\/div>\n\n\n\n<div id=\"col-g-bllk644\" class=\"wp-block-gutentor-m4-col col-g-bllk644 gutentor-single-column  grid-lg-3 grid-md-12 grid-12\"><div id=\"section-g-bllk644\" class=\"section-g-bllk644 gutentor-col-wrap\">\n<div id=\"section-g-r5sf9gt\" class=\"wp-block-gutentor-e1 section-g-r5sf9gt gutentor-element gutentor-element-advanced-text\"><div class=\"gutentor-text-wrap\"><h5 class=\"gutentor-text\">Piimat\u00f6\u00f6stus<\/h5><\/div><\/div>\n\n\n\n<ul class=\"wp-block-list\">\n<li>Suhkrud: gl\u00fckoos, fruktoos, laktoos, sahharoos<\/li>\n\n\n\n<li>D- ja L-piimhape<\/li>\n\n\n\n<li>\u00dcldhappesus<\/li>\n<\/ul>\n<\/div><\/div>\n<\/div><\/div><\/section>\n\n\n\n<div id=\"section-g-o1w6el1\" class=\"wp-block-gutentor-e0 section-g-o1w6el1 gutentor-element gutentor-element-advanced-text\"><div class=\"gutentor-text-wrap\"><p class=\"gutentor-text\">K\u00fcsi pakkumist juba t\u00e4na!<br><br>V\u00f5ta meiega \u00fchendust ja leiame parima lahenduse, kuidas Biosystems Y15 saab toetada teie labori anal\u00fc\u00fcsivajadusi.<\/p><\/div><\/div>\n<\/div><\/div>\n<\/div><\/div><\/section>\n<\/div><\/section>\n","protected":false},"excerpt":{"rendered":"","protected":false},"author":2,"featured_media":0,"parent":1344,"menu_order":0,"comment_status":"closed","ping_status":"closed","template":"","meta":{"_acf_changed":false,"footnotes":""},"class_list":["post-1355","page","type-page","status-publish"],"acf":[],"_links":{"self":[{"href":"https:\/\/net-food.iwn.co\/et\/wp-json\/wp\/v2\/pages\/1355","targetHints":{"allow":["GET"]}}],"collection":[{"href":"https:\/\/net-food.iwn.co\/et\/wp-json\/wp\/v2\/pages"}],"about":[{"href":"https:\/\/net-food.iwn.co\/et\/wp-json\/wp\/v2\/types\/page"}],"author":[{"embeddable":true,"href":"https:\/\/net-food.iwn.co\/et\/wp-json\/wp\/v2\/users\/2"}],"replies":[{"embeddable":true,"href":"https:\/\/net-food.iwn.co\/et\/wp-json\/wp\/v2\/comments?post=1355"}],"version-history":[{"count":1,"href":"https:\/\/net-food.iwn.co\/et\/wp-json\/wp\/v2\/pages\/1355\/revisions"}],"predecessor-version":[{"id":1360,"href":"https:\/\/net-food.iwn.co\/et\/wp-json\/wp\/v2\/pages\/1355\/revisions\/1360"}],"up":[{"embeddable":true,"href":"https:\/\/net-food.iwn.co\/et\/wp-json\/wp\/v2\/pages\/1344"}],"wp:attachment":[{"href":"https:\/\/net-food.iwn.co\/et\/wp-json\/wp\/v2\/media?parent=1355"}],"curies":[{"name":"wp","href":"https:\/\/api.w.org\/{rel}","templated":true}]}}