{"id":1354,"date":"2025-01-16T11:56:43","date_gmt":"2025-01-16T08:56:43","guid":{"rendered":"https:\/\/netfood.iwn.co\/analusaatorid\/bax-q7-pcr\/"},"modified":"2025-07-22T06:47:16","modified_gmt":"2025-07-22T06:47:16","slug":"bax-q7-pcr","status":"publish","type":"page","link":"https:\/\/net-food.iwn.co\/et\/teenused-ja-tooted\/analusaatorid\/bax-q7-pcr\/","title":{"rendered":"BAX Q7 PCR"},"content":{"rendered":"\n<section id=\"g-1j575j5\" class=\"wp-block-gutentor-m3 alignfull section-g-1j575j5 gutentor-module gutentor-container-cover\"><div class=\"grid-container\">\n<section id=\"g-9fw9ij3\" class=\"wp-block-gutentor-m4 section-g-9fw9ij3 gutentor-module gutentor-advanced-columns\"><div class=\"grid-container\"><div class=\"grid-row\">\n<div id=\"col-g-sw35wpg\" class=\"wp-block-gutentor-m4-col col-g-sw35wpg gutentor-single-column  grid-lg-8 grid-md-12 grid-12\"><div id=\"section-g-sw35wpg\" class=\"section-g-sw35wpg gutentor-col-wrap\">\n<div id=\"section-g-m7wwmwq\" class=\"wp-block-gutentor-e1 section-g-m7wwmwq gutentor-element gutentor-element-advanced-text\"><div class=\"gutentor-text-wrap\"><h3 class=\"gutentor-text\">Hygiena BAX System Q7 PCR anal\u00fcsaator<\/h3><\/div><\/div>\n\n\n\n<p>Hygiena BAX\u00ae System Q7\u00a0 PCR-seade, mis on m\u00f5eldud toidu- ja keskkonnaproovide patogeenide anal\u00fc\u00fcsiks. Seade sobib mitmesugustele maatriksitele, sealhulgas toorainetele, valmistoodetele ja tootmiskeskkonna proovidele.<\/p>\n\n\n\n<div id=\"section-g-9vuz7ar\" class=\"wp-block-gutentor-e7 section-g-9vuz7ar gutentor-element gutentor-element-list\"><ul class=\"grid-row gutentor-grid-item-wrap list-indicator-icon\"><li class=\"gutentor-list-item grid-lg-12 grid-md-12 grid-12\"><span class=\"gutentor-single-item gutentor-single-item-0\"><span class=\"gutentor-list-item-wrap g-s-list-wrap\"><span class=\"gutentor-single-list-item-icon\"><i class=\"list-item-icon fas fa-arrow-right\"><\/i><\/span><span class=\"gutentor-list-item\"><p class=\"gutentor-single-item-title\">Sobib nii toodete kui pindade anal\u00fc\u00fcsimiseks<\/p><\/span><\/span><\/span><\/li><li class=\"gutentor-list-item grid-lg-12 grid-md-12 grid-12\"><span class=\"gutentor-single-item gutentor-single-item-1\"><span class=\"gutentor-list-item-wrap g-s-list-wrap\"><span class=\"gutentor-single-list-item-icon\"><i class=\"list-item-icon fas fa-arrow-right\"><\/i><\/span><span class=\"gutentor-list-item\"><p class=\"gutentor-single-item-title\"><em>Salmonella, Listeria monocytogenes, Listeria spp., E. coli O157:H7, Shigella, Staphylococcus aureus, Campylobacter (jejuni, lari, coli) ,\u00a0 Cronobacter, Vibrio<\/em><\/p><\/span><\/span><\/span><\/li><li class=\"gutentor-list-item grid-lg-12 grid-md-12 grid-12\"><span class=\"gutentor-single-item gutentor-single-item-2\"><span class=\"gutentor-list-item-wrap g-s-list-wrap\"><span class=\"gutentor-single-list-item-icon\"><i class=\"list-item-icon fas fa-arrow-right\"><\/i><\/span><span class=\"gutentor-list-item\"><p class=\"gutentor-single-item-title\">Kasutajas\u00f5bralik \u2013 vajab vaid l\u00fchikest v\u00e4lja\u00f5pet<\/p><\/span><\/span><\/span><\/li><li class=\"gutentor-list-item grid-lg-12 grid-md-12 grid-12\"><span class=\"gutentor-single-item gutentor-single-item-3\"><span class=\"gutentor-list-item-wrap g-s-list-wrap\"><span class=\"gutentor-single-list-item-icon\"><i class=\"list-item-icon fas fa-arrow-right\"><\/i><\/span><span class=\"gutentor-list-item\"><p class=\"gutentor-single-item-title\">Kiire ja t\u00f5hus anal\u00fc\u00fcs \u2013 selged tulemused alla 30 tunni, s\u00f5ltuvalt meetodist<\/p><\/span><\/span><\/span><\/li><li class=\"gutentor-list-item grid-lg-12 grid-md-12 grid-12\"><span class=\"gutentor-single-item gutentor-single-item-4\"><span class=\"gutentor-list-item-wrap g-s-list-wrap\"><span class=\"gutentor-single-list-item-icon\"><i class=\"list-item-icon fas fa-arrow-right\"><\/i><\/span><span class=\"gutentor-list-item\"><p class=\"gutentor-single-item-title\">Suur l\u00e4bilaskev\u00f5ime \u2013 kuni 96 proovi \u00fche t\u00f6\u00f6ts\u00fckliga<\/p><\/span><\/span><\/span><\/li><\/ul><\/div>\n\n\n\n<div id=\"section-g-rj6ijai\" class=\"wp-block-gutentor-e0 section-g-rj6ijai gutentor-element gutentor-element-advanced-text\"><div class=\"gutentor-text-wrap\"><p class=\"gutentor-text\">BAX\u00ae System Q7 kasutab suletud PCR-s\u00fcsteemi, mis v\u00e4hendab saastumise riski ja tagab t\u00e4psed ja usaldusv\u00e4\u00e4rsed tulemused. T\u00e4nu suurele proovide l\u00e4bilaskev\u00f5imele on see ideaalne valik ettev\u00f5tetele, kes soovivad t\u00f5hustada oma kvaliteedikontrolli protsesse ja parandada j\u00e4lgitavust.<br><br>V\u00f5ta meiega \u00fchendust ja arutame koos, kas BAX\u00ae System Q7 v\u00f5iks olla just teie ettev\u00f5ttele sobiv lahendus kvaliteedikontrolli t\u00e4iustamiseks!<br><\/p><\/div><\/div>\n<\/div><\/div>\n\n\n\n<div id=\"col-g-z96lfty\" class=\"wp-block-gutentor-m4-col col-g-z96lfty gutentor-single-column  grid-lg-4 grid-md-12 grid-12\"><div id=\"section-g-z96lfty\" class=\"section-g-z96lfty gutentor-col-wrap\">\n<div id=\"section-g-ssl8s1q\" class=\"wp-block-gutentor-e6 section-g-ssl8s1q gutentor-element gutentor-element-image\"><div class=\"gutentor-element-image-box\"><div class=\"gutentor-image-thumb\"><img decoding=\"async\" class=\"normal-image\" src=\"https:\/\/net-food.iwn.co\/wp-content\/uploads\/2025\/03\/BAX_Q7_Facing_right.png\" \/><\/div><\/div><\/div>\n<\/div><\/div>\n<\/div><\/div><\/section>\n<\/div><\/section>\n","protected":false},"excerpt":{"rendered":"","protected":false},"author":2,"featured_media":0,"parent":1344,"menu_order":0,"comment_status":"closed","ping_status":"closed","template":"","meta":{"_acf_changed":false,"footnotes":""},"class_list":["post-1354","page","type-page","status-publish"],"acf":[],"_links":{"self":[{"href":"https:\/\/net-food.iwn.co\/et\/wp-json\/wp\/v2\/pages\/1354","targetHints":{"allow":["GET"]}}],"collection":[{"href":"https:\/\/net-food.iwn.co\/et\/wp-json\/wp\/v2\/pages"}],"about":[{"href":"https:\/\/net-food.iwn.co\/et\/wp-json\/wp\/v2\/types\/page"}],"author":[{"embeddable":true,"href":"https:\/\/net-food.iwn.co\/et\/wp-json\/wp\/v2\/users\/2"}],"replies":[{"embeddable":true,"href":"https:\/\/net-food.iwn.co\/et\/wp-json\/wp\/v2\/comments?post=1354"}],"version-history":[{"count":1,"href":"https:\/\/net-food.iwn.co\/et\/wp-json\/wp\/v2\/pages\/1354\/revisions"}],"predecessor-version":[{"id":1361,"href":"https:\/\/net-food.iwn.co\/et\/wp-json\/wp\/v2\/pages\/1354\/revisions\/1361"}],"up":[{"embeddable":true,"href":"https:\/\/net-food.iwn.co\/et\/wp-json\/wp\/v2\/pages\/1344"}],"wp:attachment":[{"href":"https:\/\/net-food.iwn.co\/et\/wp-json\/wp\/v2\/media?parent=1354"}],"curies":[{"name":"wp","href":"https:\/\/api.w.org\/{rel}","templated":true}]}}