{"id":1353,"date":"2025-01-16T11:57:12","date_gmt":"2025-01-16T08:57:12","guid":{"rendered":"https:\/\/netfood.iwn.co\/analusaatorid\/foodproof-pcr-kitit\/"},"modified":"2025-07-22T06:48:33","modified_gmt":"2025-07-22T06:48:33","slug":"foodproof-pcr-kitid","status":"publish","type":"page","link":"https:\/\/net-food.iwn.co\/et\/teenused-ja-tooted\/analusaatorid\/foodproof-pcr-kitid\/","title":{"rendered":"FoodProof PCR-kitid"},"content":{"rendered":"\n<section id=\"g-1j575j5\" class=\"wp-block-gutentor-m3 alignfull section-g-1j575j5 gutentor-module gutentor-container-cover\"><div class=\"grid-container\">\n<section id=\"g-9fw9ij3\" class=\"wp-block-gutentor-m4 section-g-9fw9ij3 gutentor-module gutentor-advanced-columns\"><div class=\"grid-container\"><div class=\"grid-row\">\n<div id=\"col-g-sw35wpg\" class=\"wp-block-gutentor-m4-col col-g-sw35wpg gutentor-single-column  grid-lg-8 grid-md-12 grid-12\"><div id=\"section-g-sw35wpg\" class=\"section-g-sw35wpg gutentor-col-wrap\">\n<p>Hygiena FoodProof\u00ae pakub k\u00f5rgekvaliteedilisi PCR-, prooviettevalmistus\u00a0 ning \u201dmagnet preparation\u201d prooviettevalmistus kitte. Tegemist on laiaulatusliku tootesarjaga, mis t\u00e4ieneb pidevalt, et katta toiduainet\u00f6\u00f6stuse ja laborite erinevad vajadused.<\/p>\n\n\n\n<div id=\"section-g-9vuz7ar\" class=\"wp-block-gutentor-e7 section-g-9vuz7ar gutentor-element gutentor-element-list\"><ul class=\"grid-row gutentor-grid-item-wrap list-indicator-icon\"><li class=\"gutentor-list-item grid-lg-12 grid-md-12 grid-12\"><span class=\"gutentor-single-item gutentor-single-item-0\"><span class=\"gutentor-list-item-wrap g-s-list-wrap\"><span class=\"gutentor-single-list-item-icon\"><i class=\"list-item-icon fas fa-arrow-right\"><\/i><\/span><span class=\"gutentor-list-item\"><p class=\"gutentor-single-item-title\">Patogeenid: <em>Salmonella, Listeria, Cronobacter, Vibrio, Staphylococcus aureus, Clostridium perfringens<\/em> jpm<\/p><\/span><\/span><\/span><\/li><li class=\"gutentor-list-item grid-lg-12 grid-md-12 grid-12\"><span class=\"gutentor-single-item gutentor-single-item-1\"><span class=\"gutentor-list-item-wrap g-s-list-wrap\"><span class=\"gutentor-single-list-item-icon\"><i class=\"list-item-icon fas fa-arrow-right\"><\/i><\/span><span class=\"gutentor-list-item\"><p class=\"gutentor-single-item-title\">\u00d5lle riknemist p\u00f5hjustavad mikroorganismid: <em>Alicyclobacillus, riknemisp\u00e4rmid, p\u00e4rmide ja hallituste kvantifitseerimine<\/em><\/p><\/span><\/span><\/span><\/li><li class=\"gutentor-list-item grid-lg-12 grid-md-12 grid-12\"><span class=\"gutentor-single-item gutentor-single-item-2\"><span class=\"gutentor-list-item-wrap g-s-list-wrap\"><span class=\"gutentor-single-list-item-icon\"><i class=\"list-item-icon fas fa-arrow-right\"><\/i><\/span><span class=\"gutentor-list-item\"><p class=\"gutentor-single-item-title\">Tootmiskeskkonna seire: <em>Legionella, h\u00fcgieenikontroll (hygiene screening)<\/em><\/p><\/span><\/span><\/span><\/li><li class=\"gutentor-list-item grid-lg-12 grid-md-12 grid-12\"><span class=\"gutentor-single-item gutentor-single-item-3\"><span class=\"gutentor-list-item-wrap g-s-list-wrap\"><span class=\"gutentor-single-list-item-icon\"><i class=\"list-item-icon fas fa-arrow-right\"><\/i><\/span><span class=\"gutentor-list-item\"><p class=\"gutentor-single-item-title\">Allergeenid: <em>seller, gluteen, sarapuup\u00e4hkel, maap\u00e4hkel, soja<\/em><\/p><\/span><\/span><\/span><\/li><li class=\"gutentor-list-item grid-lg-12 grid-md-12 grid-12\"><span class=\"gutentor-single-item gutentor-single-item-4\"><span class=\"gutentor-list-item-wrap g-s-list-wrap\"><span class=\"gutentor-single-list-item-icon\"><i class=\"list-item-icon fas fa-arrow-right\"><\/i><\/span><span class=\"gutentor-list-item\"><p class=\"gutentor-single-item-title\">GMO (geneetiliselt muundatud organismid)<\/p><\/span><\/span><\/span><\/li><li class=\"gutentor-list-item grid-lg-12 grid-md-12 grid-12\"><span class=\"gutentor-single-item gutentor-single-item-5\"><span class=\"gutentor-list-item-wrap g-s-list-wrap\"><span class=\"gutentor-single-list-item-icon\"><i class=\"list-item-icon fas fa-arrow-right\"><\/i><\/span><span class=\"gutentor-list-item\"><p class=\"gutentor-single-item-title\">Loomse p\u00e4ritolu tuvastamine (Animal Detection Kit)<\/p><\/span><\/span><\/span><\/li><\/ul><\/div>\n\n\n\n<div id=\"section-g-rj6ijai\" class=\"wp-block-gutentor-e0 section-g-rj6ijai gutentor-element gutentor-element-advanced-text\"><div class=\"gutentor-text-wrap\"><p class=\"gutentor-text\">Tutvu l\u00e4hemalt Hygiena FoodProof\u00ae tootesarjaga ja selle v\u00f5imalustega siin.<br>Meie spetsialistid aitavad leida just teie ettev\u00f5ttele sobivaima lahenduse.<br><br>K\u00fcsi pakkumist juba t\u00e4na!<\/p><\/div><\/div>\n<\/div><\/div>\n\n\n\n<div id=\"col-g-z96lfty\" class=\"wp-block-gutentor-m4-col col-g-z96lfty gutentor-single-column  grid-lg-4 grid-md-12 grid-12\"><div id=\"section-g-z96lfty\" class=\"section-g-z96lfty gutentor-col-wrap\">\n<div id=\"section-g-ssl8s1q\" class=\"wp-block-gutentor-e6 section-g-ssl8s1q gutentor-element gutentor-element-image\"><div class=\"gutentor-element-image-box\"><div class=\"gutentor-image-thumb\"><img decoding=\"async\" class=\"normal-image\" src=\"https:\/\/net-food.iwn.co\/wp-content\/uploads\/2025\/03\/foodproof_Magnetic_Preparation_KIT_VI_-_KIT230190.png\" \/><\/div><\/div><\/div>\n<\/div><\/div>\n<\/div><\/div><\/section>\n<\/div><\/section>\n","protected":false},"excerpt":{"rendered":"","protected":false},"author":2,"featured_media":0,"parent":1344,"menu_order":0,"comment_status":"closed","ping_status":"closed","template":"","meta":{"_acf_changed":false,"footnotes":""},"class_list":["post-1353","page","type-page","status-publish"],"acf":[],"_links":{"self":[{"href":"https:\/\/net-food.iwn.co\/et\/wp-json\/wp\/v2\/pages\/1353","targetHints":{"allow":["GET"]}}],"collection":[{"href":"https:\/\/net-food.iwn.co\/et\/wp-json\/wp\/v2\/pages"}],"about":[{"href":"https:\/\/net-food.iwn.co\/et\/wp-json\/wp\/v2\/types\/page"}],"author":[{"embeddable":true,"href":"https:\/\/net-food.iwn.co\/et\/wp-json\/wp\/v2\/users\/2"}],"replies":[{"embeddable":true,"href":"https:\/\/net-food.iwn.co\/et\/wp-json\/wp\/v2\/comments?post=1353"}],"version-history":[{"count":1,"href":"https:\/\/net-food.iwn.co\/et\/wp-json\/wp\/v2\/pages\/1353\/revisions"}],"predecessor-version":[{"id":1362,"href":"https:\/\/net-food.iwn.co\/et\/wp-json\/wp\/v2\/pages\/1353\/revisions\/1362"}],"up":[{"embeddable":true,"href":"https:\/\/net-food.iwn.co\/et\/wp-json\/wp\/v2\/pages\/1344"}],"wp:attachment":[{"href":"https:\/\/net-food.iwn.co\/et\/wp-json\/wp\/v2\/media?parent=1353"}],"curies":[{"name":"wp","href":"https:\/\/api.w.org\/{rel}","templated":true}]}}