{"id":1352,"date":"2025-01-16T11:57:39","date_gmt":"2025-01-16T08:57:39","guid":{"rendered":"https:\/\/netfood.iwn.co\/analusaatorid\/cellscan-innovate\/"},"modified":"2026-01-07T10:22:07","modified_gmt":"2026-01-07T07:22:07","slug":"cellscan-innovate","status":"publish","type":"page","link":"https:\/\/net-food.iwn.co\/et\/teenused-ja-tooted\/analusaatorid\/cellscan-innovate\/","title":{"rendered":"Innovate"},"content":{"rendered":"\n<section id=\"g-1j575j5\" class=\"wp-block-gutentor-m3 alignfull section-g-1j575j5 gutentor-module gutentor-container-cover\"><div class=\"grid-container\">\n<section id=\"g-9fw9ij3\" class=\"wp-block-gutentor-m4 section-g-9fw9ij3 gutentor-module gutentor-advanced-columns\"><div class=\"grid-container\"><div class=\"grid-row\">\n<div id=\"col-g-sw35wpg\" class=\"wp-block-gutentor-m4-col col-g-sw35wpg gutentor-single-column  grid-lg-8 grid-md-12 grid-12\"><div id=\"section-g-sw35wpg\" class=\"section-g-sw35wpg gutentor-col-wrap\">\n<p>Innovate luminomeetrid koos RapiScreen reaktiividega on v\u00e4lja t\u00f6\u00f6tatud piima- ja taimsete UHT- ning ESL-toodete, samuti mahlade ja pudelivee kiireks mikrobioloogiliseks testimiseks. S\u00fcsteem l\u00fchendab oluliselt kogu anal\u00fc\u00fcsi l\u00e4biviimise aega ja kiirendab UHT- ja ESL-toodete laovaru ringlust tavaliselt 2\u20134 p\u00e4eva v\u00f5rra. Tulemuseks on oluline rahaline kokkuhoid.<\/p>\n\n\n\n<div id=\"section-g-9vuz7ar\" class=\"wp-block-gutentor-e7 section-g-9vuz7ar gutentor-element gutentor-element-list\"><ul class=\"grid-row gutentor-grid-item-wrap list-indicator-icon\"><li class=\"gutentor-list-item grid-lg-12 grid-md-12 grid-12\"><span class=\"gutentor-single-item gutentor-single-item-0\"><span class=\"gutentor-list-item-wrap g-s-list-wrap\"><span class=\"gutentor-single-list-item-icon\"><i class=\"list-item-icon fas fa-arrow-right\"><\/i><\/span><span class=\"gutentor-list-item\"><p class=\"gutentor-single-item-title\">Kiirem laovaru ringlus \u2013 toob kaasa olulise kulu kokkuhoiu<\/p><\/span><\/span><\/span><\/li><li class=\"gutentor-list-item grid-lg-12 grid-md-12 grid-12\"><span class=\"gutentor-single-item gutentor-single-item-1\"><span class=\"gutentor-list-item-wrap g-s-list-wrap\"><span class=\"gutentor-single-list-item-icon\"><i class=\"list-item-icon fas fa-arrow-right\"><\/i><\/span><span class=\"gutentor-list-item\"><p class=\"gutentor-single-item-title\">Uue seadme hinnas sisalduvad ka koolitused ja valideerimisteenus<\/p><\/span><\/span><\/span><\/li><li class=\"gutentor-list-item grid-lg-12 grid-md-12 grid-12\"><span class=\"gutentor-single-item gutentor-single-item-2\"><span class=\"gutentor-list-item-wrap g-s-list-wrap\"><span class=\"gutentor-single-list-item-icon\"><i class=\"list-item-icon fas fa-arrow-right\"><\/i><\/span><span class=\"gutentor-list-item\"><p class=\"gutentor-single-item-title\">Suur proovide l\u00e4bilaskev\u00f5ime \u2013 kuni 200\u2013300 anal\u00fc\u00fcsi tunnis<\/p><\/span><\/span><\/span><\/li><li class=\"gutentor-list-item grid-lg-12 grid-md-12 grid-12\"><span class=\"gutentor-single-item gutentor-single-item-3\"><span class=\"gutentor-list-item-wrap g-s-list-wrap\"><span class=\"gutentor-single-list-item-icon\"><i class=\"list-item-icon fas fa-arrow-right\"><\/i><\/span><span class=\"gutentor-list-item\"><p class=\"gutentor-single-item-title\">V\u00e4ga kiire ja kuluefektiivne lahendus v\u00f5rreldes traditsioonilise mikrobioloogilise anal\u00fc\u00fcsiga<\/p><\/span><\/span><\/span><\/li><li class=\"gutentor-list-item grid-lg-12 grid-md-12 grid-12\"><span class=\"gutentor-single-item gutentor-single-item-4\"><span class=\"gutentor-list-item-wrap g-s-list-wrap\"><span class=\"gutentor-single-list-item-icon\"><i class=\"list-item-icon fas fa-arrow-right\"><\/i><\/span><span class=\"gutentor-list-item\"><p class=\"gutentor-single-item-title\">L\u00fchike tasuvusaeg \u2013 investeering tasub end kiiresti \u00e4ra<\/p><\/span><\/span><\/span><\/li><\/ul><\/div>\n\n\n\n<div id=\"section-g-w1wbb9c\" class=\"wp-block-gutentor-e1 section-g-w1wbb9c gutentor-element gutentor-element-advanced-text\"><div class=\"gutentor-text-wrap\"><h3 class=\"gutentor-text\">T\u00f5estatud lahendus aastatepikkuse kogemusega<\/h3><\/div><\/div>\n\n\n\n<div id=\"section-g-rj6ijai\" class=\"wp-block-gutentor-e0 section-g-rj6ijai gutentor-element gutentor-element-advanced-text\"><div class=\"gutentor-text-wrap\"><p class=\"gutentor-text\">Net-Foodlab Oy on tegutsenud Innovate luminomeetrite ja RapiScreen reaktiivide maaletoojana Soomes, Rootsis ja Eestis juba \u00fcle 20 aasta. Lisaks pakume hooldusteenust\u00a0 ning vajadusel valideerime meetodi vastavalt kliendi toodetele \u2013 k\u00f5ik v\u00f5tmed k\u00e4tte p\u00f5him\u00f5ttel. Lihtsalt, kiiresti ja t\u00f5husalt.<\/p><\/div><\/div>\n<\/div><\/div>\n\n\n\n<div id=\"col-g-z96lfty\" class=\"wp-block-gutentor-m4-col col-g-z96lfty gutentor-single-column  grid-lg-4 grid-md-12 grid-12\"><div id=\"section-g-z96lfty\" class=\"section-g-z96lfty gutentor-col-wrap\">\n<div id=\"section-g-ssl8s1q\" class=\"wp-block-gutentor-e6 section-g-ssl8s1q gutentor-element gutentor-element-image\"><div class=\"gutentor-element-image-box\"><div class=\"gutentor-image-thumb\"><img decoding=\"async\" class=\"normal-image\" src=\"https:\/\/net-food.iwn.co\/wp-content\/uploads\/2025\/03\/cellscan-innovate.png\" \/><\/div><\/div><\/div>\n<\/div><\/div>\n<\/div><\/div><\/section>\n<\/div><\/section>\n","protected":false},"excerpt":{"rendered":"","protected":false},"author":2,"featured_media":0,"parent":1344,"menu_order":0,"comment_status":"closed","ping_status":"closed","template":"","meta":{"_acf_changed":false,"footnotes":""},"class_list":["post-1352","page","type-page","status-publish"],"acf":[],"_links":{"self":[{"href":"https:\/\/net-food.iwn.co\/et\/wp-json\/wp\/v2\/pages\/1352","targetHints":{"allow":["GET"]}}],"collection":[{"href":"https:\/\/net-food.iwn.co\/et\/wp-json\/wp\/v2\/pages"}],"about":[{"href":"https:\/\/net-food.iwn.co\/et\/wp-json\/wp\/v2\/types\/page"}],"author":[{"embeddable":true,"href":"https:\/\/net-food.iwn.co\/et\/wp-json\/wp\/v2\/users\/2"}],"replies":[{"embeddable":true,"href":"https:\/\/net-food.iwn.co\/et\/wp-json\/wp\/v2\/comments?post=1352"}],"version-history":[{"count":2,"href":"https:\/\/net-food.iwn.co\/et\/wp-json\/wp\/v2\/pages\/1352\/revisions"}],"predecessor-version":[{"id":4756,"href":"https:\/\/net-food.iwn.co\/et\/wp-json\/wp\/v2\/pages\/1352\/revisions\/4756"}],"up":[{"embeddable":true,"href":"https:\/\/net-food.iwn.co\/et\/wp-json\/wp\/v2\/pages\/1344"}],"wp:attachment":[{"href":"https:\/\/net-food.iwn.co\/et\/wp-json\/wp\/v2\/media?parent=1352"}],"curies":[{"name":"wp","href":"https:\/\/api.w.org\/{rel}","templated":true}]}}