{"id":1344,"date":"2025-01-16T11:54:53","date_gmt":"2025-01-16T08:54:53","guid":{"rendered":"https:\/\/netfood.iwn.co\/analysaattorit\/"},"modified":"2025-07-22T06:50:57","modified_gmt":"2025-07-22T06:50:57","slug":"analusaatorid","status":"publish","type":"page","link":"https:\/\/net-food.iwn.co\/et\/teenused-ja-tooted\/analusaatorid\/","title":{"rendered":"Anal\u00fcsaatorid"},"content":{"rendered":"\n<section id=\"g-1j575j5\" class=\"wp-block-gutentor-m3 alignfull section-g-1j575j5 gutentor-module gutentor-container-cover\"><div class=\"grid-container\">\n<section id=\"g-9fw9ij3\" class=\"wp-block-gutentor-m4 section-g-9fw9ij3 gutentor-module gutentor-advanced-columns\"><div class=\"grid-container\"><div class=\"grid-row\">\n<div id=\"col-g-sw35wpg\" class=\"wp-block-gutentor-m4-col col-g-sw35wpg gutentor-single-column  grid-lg-12 grid-md-12 grid-12\"><div id=\"section-g-sw35wpg\" class=\"section-g-sw35wpg gutentor-col-wrap\">\n<div id=\"section-g-3gw6uat\" class=\"wp-block-gutentor-e0 section-g-3gw6uat gutentor-element gutentor-element-advanced-text\"><div class=\"gutentor-text-wrap\"><p class=\"gutentor-text\">Net-Foodlab Oy pakub erinevaid anal\u00fcsaatoreid toiduainet\u00f6\u00f6stuse ja -laborite vajadusteks. N\u00e4iteid meie poolt imporditavatest anal\u00fcsaatoritest:<\/p><\/div><\/div>\n\n\n\n<div id=\"section-g-9vuz7ar\" class=\"wp-block-gutentor-e7 section-g-9vuz7ar gutentor-element gutentor-element-list\"><ul class=\"grid-row gutentor-grid-item-wrap list-indicator-icon\"><li class=\"gutentor-list-item grid-lg-12 grid-md-12 grid-12\"><span class=\"gutentor-single-item gutentor-single-item-0\"><span class=\"gutentor-list-item-wrap g-s-list-wrap\"><span class=\"gutentor-single-list-item-icon\"><i class=\"list-item-icon fas fa-arrow-right\"><\/i><\/span><span class=\"gutentor-list-item\"><p class=\"gutentor-single-item-title\">CellScan Innovate luminomeetrid UHT- ja ESL-toodete steriilsuse anal\u00fc\u00fcsiks<\/p><\/span><\/span><\/span><\/li><li class=\"gutentor-list-item grid-lg-12 grid-md-12 grid-12\"><span class=\"gutentor-single-item gutentor-single-item-1\"><span class=\"gutentor-list-item-wrap g-s-list-wrap\"><span class=\"gutentor-single-list-item-icon\"><i class=\"list-item-icon fas fa-arrow-right\"><\/i><\/span><span class=\"gutentor-list-item\"><p class=\"gutentor-single-item-title\">Y15 mitmeotstarbelised anal\u00fcsaatorid keemiliseks anal\u00fc\u00fcsiks (orgaanilised happed, alkoholid, suhkrud, histidiin jms)<\/p><\/span><\/span><\/span><\/li><li class=\"gutentor-list-item grid-lg-12 grid-md-12 grid-12\"><span class=\"gutentor-single-item gutentor-single-item-2\"><span class=\"gutentor-list-item-wrap g-s-list-wrap\"><span class=\"gutentor-single-list-item-icon\"><i class=\"list-item-icon fas fa-arrow-right\"><\/i><\/span><span class=\"gutentor-list-item\"><p class=\"gutentor-single-item-title\">PCR-anal\u00fcsaatorid ja -kitid, nt patogeenide, allergeenide ja \u00f5lle riknemist p\u00f5hjustavate mikroorganismide tuvastamiseks<\/p><\/span><\/span><\/span><\/li><\/ul><\/div>\n\n\n\n<div id=\"section-g-nbfbw6b\" class=\"wp-block-gutentor-e0 section-g-nbfbw6b gutentor-element gutentor-element-advanced-text\"><div class=\"gutentor-text-wrap\"><p class=\"gutentor-text\">Pakume anal\u00fcsaatoreid koos kliendip\u00f5hise toote- ja teenusepaketiga. Meie teenused h\u00f5lmavad \u201ev\u00f5tmed k\u00e4tte\u201c paigaldust, meetodite valideerimist ning personali koolitust vastavalt vajadusele, samuti hooldust, jooksvat tehnohooldust ja remonti.<br><br>Tunneme toiduainet\u00f6\u00f6stuse vajadusi ning seet\u00f5ttu pakume anal\u00fcsaatoreid kui osa terviklahendusest.<br><br>Meie pikaajalised koost\u00f6\u00f6partnerid on rahvusvahelised turuliidrid <a href=\"https:\/\/www.hygiena.com\/\" target=\"_blank\" rel=\"noreferrer noopener\">Hygiena LLC<\/a> ja <a href=\"https:\/\/biosystems.global\/\" target=\"_blank\" rel=\"noreferrer noopener\">Biosystems SA<\/a>.<\/p><\/div><\/div>\n<\/div><\/div>\n<\/div><\/div><\/section>\n<\/div><\/section>\n\n\n\n<section id=\"g-o1ftywo\" class=\"wp-block-gutentor-m3 section-g-o1ftywo gutentor-module gutentor-container-cover\"><div class=\"grid-container\">\n<h2 class=\"wp-block-heading has-text-align-center has-global-color-10-color has-text-color has-link-color wp-elements-6e8c035215e24f2399134416053fb9cf\">Tootmine<\/h2>\n\n\n\n<div style=\"height:2em\" aria-hidden=\"true\" class=\"wp-block-spacer\"><\/div>\n\n\n\n<div class=\"alignnormal\"><div id=\"metaslider-id-1364\" style=\"width: 100%;\" class=\"ml-slider-3-107-0 metaslider metaslider-flex metaslider-1364 ml-slider has-carousel-mode ms-theme-default-base nav-hidden\" role=\"region\" aria-label=\"Analysaattorit - eesti\" data-height=\"300\" data-width=\"300\">\n    <div id=\"metaslider_container_1364\">\n        <div id=\"metaslider_1364\">\n            <ul class='slides'>\n                <li style=\"display: none; width: 100%;\" class=\"slide-1365 ms-image \" aria-roledescription=\"slide\" data-date=\"2025-07-22 06:50:06\" data-filename=\"metaslider-biosystems-300x300.png\" data-slide-type=\"image\"><a href=\"\/analusaatorid\/biosystems-y15\/?lang=et\" target=\"_self\" aria-label=\"View Slide Details\" class=\"metaslider_image_link\"><img loading=\"lazy\" decoding=\"async\" src=\"https:\/\/net-food.iwn.co\/wp-content\/uploads\/2025\/03\/metaslider-biosystems-300x300.png\" height=\"300\" width=\"300\" alt=\"Biosystems Y15 -tuotekuva\" class=\"slider-1364 slide-1365 msDefaultImage\" title=\"metaslider-biosystems\" \/><\/a><\/li>\n                <li style=\"display: none; width: 100%;\" class=\"slide-1366 ms-image \" aria-roledescription=\"slide\" data-date=\"2025-07-22 06:50:06\" data-filename=\"BAX_Q7_Facing_right-300x300.png\" data-slide-type=\"image\"><a href=\"\/analusaatorid\/bax-q7-pcr\/?lang=et\" target=\"_self\" aria-label=\"View Slide Details\" class=\"metaslider_image_link\"><img loading=\"lazy\" decoding=\"async\" src=\"https:\/\/net-food.iwn.co\/wp-content\/uploads\/2025\/06\/BAX_Q7_Facing_right-300x300.png\" height=\"300\" width=\"300\" alt=\"\" class=\"slider-1364 slide-1366 msDefaultImage\" title=\"BAX_Q7_Facing_right\" \/><\/a><\/li>\n                <li style=\"display: none; width: 100%;\" class=\"slide-1367 ms-image \" aria-roledescription=\"slide\" data-date=\"2025-07-22 06:50:06\" data-filename=\"foodproof_Magnetic_Preparation_KIT_VI_-_KIT230190-300x300.png\" data-slide-type=\"image\"><a href=\"\/analusaatorid\/foodproof-pcr-kitid\/?lang=et\" target=\"_self\" aria-label=\"View Slide Details\" class=\"metaslider_image_link\"><img loading=\"lazy\" decoding=\"async\" src=\"https:\/\/net-food.iwn.co\/wp-content\/uploads\/2025\/06\/foodproof_Magnetic_Preparation_KIT_VI_-_KIT230190-300x300.png\" height=\"300\" width=\"300\" alt=\"\" class=\"slider-1364 slide-1367 msDefaultImage\" title=\"foodproof_Magnetic_Preparation_KIT_VI_-_KIT230190\" \/><\/a><\/li>\n                <li style=\"display: none; width: 100%;\" class=\"slide-1368 ms-image \" aria-roledescription=\"slide\" data-date=\"2025-07-22 06:50:06\" data-filename=\"cellscan-innovate-291x292.png\" data-slide-type=\"image\"><a href=\"\/analusaatorid\/cellscan-innovate\/?lang=et\" target=\"_self\" aria-label=\"View Slide Details\" class=\"metaslider_image_link\"><img loading=\"lazy\" decoding=\"async\" src=\"https:\/\/net-food.iwn.co\/wp-content\/uploads\/2025\/06\/cellscan-innovate-291x292.png\" height=\"300\" width=\"300\" alt=\"\" class=\"slider-1364 slide-1368 msDefaultImage\" title=\"cellscan-innovate\" \/><\/a><\/li>\n            <\/ul>\n        <\/div>\n        \n    <\/div>\n<\/div><\/div>\n<\/div><\/section>\n","protected":false},"excerpt":{"rendered":"","protected":false},"author":2,"featured_media":0,"parent":1404,"menu_order":0,"comment_status":"closed","ping_status":"closed","template":"","meta":{"_acf_changed":false,"footnotes":""},"class_list":["post-1344","page","type-page","status-publish"],"acf":[],"_links":{"self":[{"href":"https:\/\/net-food.iwn.co\/et\/wp-json\/wp\/v2\/pages\/1344","targetHints":{"allow":["GET"]}}],"collection":[{"href":"https:\/\/net-food.iwn.co\/et\/wp-json\/wp\/v2\/pages"}],"about":[{"href":"https:\/\/net-food.iwn.co\/et\/wp-json\/wp\/v2\/types\/page"}],"author":[{"embeddable":true,"href":"https:\/\/net-food.iwn.co\/et\/wp-json\/wp\/v2\/users\/2"}],"replies":[{"embeddable":true,"href":"https:\/\/net-food.iwn.co\/et\/wp-json\/wp\/v2\/comments?post=1344"}],"version-history":[{"count":3,"href":"https:\/\/net-food.iwn.co\/et\/wp-json\/wp\/v2\/pages\/1344\/revisions"}],"predecessor-version":[{"id":1369,"href":"https:\/\/net-food.iwn.co\/et\/wp-json\/wp\/v2\/pages\/1344\/revisions\/1369"}],"up":[{"embeddable":true,"href":"https:\/\/net-food.iwn.co\/et\/wp-json\/wp\/v2\/pages\/1404"}],"wp:attachment":[{"href":"https:\/\/net-food.iwn.co\/et\/wp-json\/wp\/v2\/media?parent=1344"}],"curies":[{"name":"wp","href":"https:\/\/api.w.org\/{rel}","templated":true}]}}