{"id":1311,"date":"2025-01-16T09:39:42","date_gmt":"2025-01-16T06:39:42","guid":{"rendered":"https:\/\/netfood.iwn.co\/kiirtestid\/luminomeetrid\/supersnap-atp-testi\/"},"modified":"2025-07-22T06:33:23","modified_gmt":"2025-07-22T06:33:23","slug":"supersnap-atp-test","status":"publish","type":"page","link":"https:\/\/net-food.iwn.co\/et\/teenused-ja-tooted\/kiirtestid\/luminomeetrid\/supersnap-atp-test\/","title":{"rendered":"SuperSnap\u00ae ATP-test"},"content":{"rendered":"\n<section id=\"g-1j575j5\" class=\"wp-block-gutentor-m3 alignfull section-g-1j575j5 gutentor-module gutentor-container-cover\"><div class=\"grid-container\">\n<section id=\"g-9fw9ij3\" class=\"wp-block-gutentor-m4 section-g-9fw9ij3 gutentor-module gutentor-advanced-columns\"><div class=\"grid-container\"><div class=\"grid-row\">\n<div id=\"col-g-sw35wpg\" class=\"wp-block-gutentor-m4-col col-g-sw35wpg gutentor-single-column  grid-lg-12 grid-md-12 grid-12\"><div id=\"section-g-sw35wpg\" class=\"section-g-sw35wpg gutentor-col-wrap\">\n<div id=\"section-g-3gw6uat\" class=\"wp-block-gutentor-e0 section-g-3gw6uat gutentor-element gutentor-element-advanced-text\"><div class=\"gutentor-text-wrap\"><p class=\"gutentor-text\"><em>SuperSnap\u00ae<\/em> on v\u00e4ga tundlik, v\u00e4ike ja lihtsalt kasutatav ATP-test, mis sobib k\u00f5ikide Hygiena luminomeetritega. Test sobib lisaks toidu- ja hooldusvaldkonnale&nbsp; ka k\u00f5rgema riskiga t\u00f6\u00f6stusvaldkondadesse nagu n\u00e4iteks kosmeetika- ja pakendit\u00f6\u00f6stus ning keemiat\u00f6\u00f6stus.<br><br>T\u00e4nu testis sisalduvale puhverdusreagendile ei m\u00f5juta pesu- ja desinfitseerimisainete j\u00e4\u00e4gid testi tulemust, pakkudes usaldusv\u00e4\u00e4rseid tulemusi ka keerukamates keskkondades.<br><br>Kompaktne testipulk on lihtne kasutada ja selle v\u00f5ib p\u00e4rast kasutamist k\u00e4idelda segaolmej\u00e4\u00e4tmena. T\u00e4nu v\u00e4ikesele suurusele ja nutikatele materjalivalikutele on test keskkonnas\u00f5bralik \u2013 plastij\u00e4\u00e4tmeid tekib kuni 80% v\u00e4hem v\u00f5rreldes paljude teiste tootjatega.<\/p><\/div><\/div>\n\n\n\n<div id=\"section-g-9vuz7ar\" class=\"wp-block-gutentor-e7 section-g-9vuz7ar gutentor-element gutentor-element-list\"><ul class=\"grid-row gutentor-grid-item-wrap list-indicator-icon\"><li class=\"gutentor-list-item grid-lg-12 grid-md-12 grid-12\"><span class=\"gutentor-single-item gutentor-single-item-0\"><span class=\"gutentor-list-item-wrap g-s-list-wrap\"><span class=\"gutentor-single-list-item-icon\"><i class=\"list-item-icon fas fa-arrow-right\"><\/i><\/span><span class=\"gutentor-list-item\"><p class=\"gutentor-single-item-title\">All-in-one test \u2013 k\u00f5ik vajalik \u00fches testipulgas: lihtne, kiire ja mugav kasutada<\/p><\/span><\/span><\/span><\/li><li class=\"gutentor-list-item grid-lg-12 grid-md-12 grid-12\"><span class=\"gutentor-single-item gutentor-single-item-1\"><span class=\"gutentor-list-item-wrap g-s-list-wrap\"><span class=\"gutentor-single-list-item-icon\"><i class=\"list-item-icon fas fa-arrow-right\"><\/i><\/span><span class=\"gutentor-list-item\"><p class=\"gutentor-single-item-title\">Testid on varustatud m\u00e4rgistuskleebisega<\/p><\/span><\/span><\/span><\/li><li class=\"gutentor-list-item grid-lg-12 grid-md-12 grid-12\"><span class=\"gutentor-single-item gutentor-single-item-2\"><span class=\"gutentor-list-item-wrap g-s-list-wrap\"><span class=\"gutentor-single-list-item-icon\"><i class=\"list-item-icon fas fa-arrow-right\"><\/i><\/span><span class=\"gutentor-list-item\"><p class=\"gutentor-single-item-title\">Pikk s\u00e4ilivusaeg: s\u00e4ilib 8\u201312 kuud k\u00fclmikus (2\u20138\u202f\u00b0C) ja kuni 4 n\u00e4dalat toatemperatuuril (21\u201325\u202f\u00b0C)<\/p><\/span><\/span><\/span><\/li><li class=\"gutentor-list-item grid-lg-12 grid-md-12 grid-12\"><span class=\"gutentor-single-item gutentor-single-item-3\"><span class=\"gutentor-list-item-wrap g-s-list-wrap\"><span class=\"gutentor-single-list-item-icon\"><i class=\"list-item-icon fas fa-arrow-right\"><\/i><\/span><span class=\"gutentor-list-item\"><p class=\"gutentor-single-item-title\">Sobib nii kuivade kui niiskete pindade kontrolliks ning v\u00f5ib kasutada ka veeproovide anal\u00fc\u00fcsiks<\/p><\/span><\/span><\/span><\/li><li class=\"gutentor-list-item grid-lg-12 grid-md-12 grid-12\"><span class=\"gutentor-single-item gutentor-single-item-4\"><span class=\"gutentor-list-item-wrap g-s-list-wrap\"><span class=\"gutentor-single-list-item-icon\"><i class=\"list-item-icon fas fa-arrow-right\"><\/i><\/span><span class=\"gutentor-list-item\"><p class=\"gutentor-single-item-title\">Testipulk on eelniisutatud, mis muudab prooviv\u00f5tu ja testi aktiveerimise eriti lihtsaks<\/p><\/span><\/span><\/span><\/li><\/ul><\/div>\n\n\n\n<div id=\"section-g-96u85h0\" class=\"wp-block-gutentor-e6 section-g-96u85h0 gutentor-element gutentor-element-image text-align-center-desktop text-align-center-tablet text-align-center-mobile product-image\"><div class=\"gutentor-element-image-box\"><div class=\"gutentor-image-thumb\"><img decoding=\"async\" class=\"normal-image\" src=\"https:\/\/net-food.iwn.co\/wp-content\/uploads\/2025\/07\/supersnap_tuotekuva.webp\" \/><\/div><\/div><\/div>\n\n\n\n<div id=\"section-g-i1ss7xq\" class=\"wp-block-gutentor-e0 section-g-i1ss7xq gutentor-element gutentor-element-advanced-text\"><div class=\"gutentor-text-wrap\"><p class=\"gutentor-text\"><a href=\"https:\/\/net-food.iwn.co\/kusi-pakkumist\/?lang=et\">V\u00f5ta meiega \u00fchendust juba t\u00e4na<\/a>!<\/p><\/div><\/div>\n<\/div><\/div>\n<\/div><\/div><\/section>\n<\/div><\/section>\n","protected":false},"excerpt":{"rendered":"","protected":false},"author":2,"featured_media":0,"parent":1239,"menu_order":0,"comment_status":"closed","ping_status":"closed","template":"","meta":{"_acf_changed":false,"footnotes":""},"class_list":["post-1311","page","type-page","status-publish"],"acf":[],"_links":{"self":[{"href":"https:\/\/net-food.iwn.co\/et\/wp-json\/wp\/v2\/pages\/1311","targetHints":{"allow":["GET"]}}],"collection":[{"href":"https:\/\/net-food.iwn.co\/et\/wp-json\/wp\/v2\/pages"}],"about":[{"href":"https:\/\/net-food.iwn.co\/et\/wp-json\/wp\/v2\/types\/page"}],"author":[{"embeddable":true,"href":"https:\/\/net-food.iwn.co\/et\/wp-json\/wp\/v2\/users\/2"}],"replies":[{"embeddable":true,"href":"https:\/\/net-food.iwn.co\/et\/wp-json\/wp\/v2\/comments?post=1311"}],"version-history":[{"count":2,"href":"https:\/\/net-food.iwn.co\/et\/wp-json\/wp\/v2\/pages\/1311\/revisions"}],"predecessor-version":[{"id":1334,"href":"https:\/\/net-food.iwn.co\/et\/wp-json\/wp\/v2\/pages\/1311\/revisions\/1334"}],"up":[{"embeddable":true,"href":"https:\/\/net-food.iwn.co\/et\/wp-json\/wp\/v2\/pages\/1239"}],"wp:attachment":[{"href":"https:\/\/net-food.iwn.co\/et\/wp-json\/wp\/v2\/media?parent=1311"}],"curies":[{"name":"wp","href":"https:\/\/api.w.org\/{rel}","templated":true}]}}