{"id":1307,"date":"2025-01-16T09:38:06","date_gmt":"2025-01-16T06:38:06","guid":{"rendered":"https:\/\/netfood.iwn.co\/kiirtestid\/luminomeetrid\/hygiena-systemsure-plus\/"},"modified":"2025-07-22T06:27:01","modified_gmt":"2025-07-22T06:27:01","slug":"hygiena-systemsure-plus","status":"publish","type":"page","link":"https:\/\/net-food.iwn.co\/et\/teenused-ja-tooted\/kiirtestid\/luminomeetrid\/hygiena-systemsure-plus\/","title":{"rendered":"Hygiena SystemSURE Plus"},"content":{"rendered":"\n<section id=\"g-1j575j5\" class=\"wp-block-gutentor-m3 alignfull section-g-1j575j5 gutentor-module gutentor-container-cover\"><div class=\"grid-container\">\n<section id=\"g-9fw9ij3\" class=\"wp-block-gutentor-m4 section-g-9fw9ij3 gutentor-module gutentor-advanced-columns\"><div class=\"grid-container\"><div class=\"grid-row\">\n<div id=\"col-g-sw35wpg\" class=\"wp-block-gutentor-m4-col col-g-sw35wpg gutentor-single-column  grid-lg-12 grid-md-12 grid-12\"><div id=\"section-g-sw35wpg\" class=\"section-g-sw35wpg gutentor-col-wrap\">\n<div id=\"section-g-9vuz7ar\" class=\"wp-block-gutentor-e7 section-g-9vuz7ar gutentor-element gutentor-element-list\"><ul class=\"grid-row gutentor-grid-item-wrap list-indicator-icon\"><li class=\"gutentor-list-item grid-lg-12 grid-md-12 grid-12\"><span class=\"gutentor-single-item gutentor-single-item-0\"><span class=\"gutentor-list-item-wrap g-s-list-wrap\"><span class=\"gutentor-single-list-item-icon\"><i class=\"list-item-icon fas fa-arrow-right\"><\/i><\/span><span class=\"gutentor-list-item\"><p class=\"gutentor-single-item-title\">Kasutajas\u00f5bralik luminomeeter h\u00fcgieeni hindamiseks<\/p><\/span><\/span><\/span><\/li><li class=\"gutentor-list-item grid-lg-12 grid-md-12 grid-12\"><span class=\"gutentor-single-item gutentor-single-item-1\"><span class=\"gutentor-list-item-wrap g-s-list-wrap\"><span class=\"gutentor-single-list-item-icon\"><i class=\"list-item-icon fas fa-arrow-right\"><\/i><\/span><span class=\"gutentor-list-item\"><p class=\"gutentor-single-item-title\">Sobib nii pindade kui ka veeproovide anal\u00fc\u00fcsimiseks<\/p><\/span><\/span><\/span><\/li><li class=\"gutentor-list-item grid-lg-12 grid-md-12 grid-12\"><span class=\"gutentor-single-item gutentor-single-item-2\"><span class=\"gutentor-list-item-wrap g-s-list-wrap\"><span class=\"gutentor-single-list-item-icon\"><i class=\"list-item-icon fas fa-arrow-right\"><\/i><\/span><span class=\"gutentor-list-item\"><p class=\"gutentor-single-item-title\">Toiduainet\u00f6\u00f6stusele, suurk\u00f6\u00f6kidele, hooldusasutustele, ujulatele ja koristusfirmadele<\/p><\/span><\/span><\/span><\/li><li class=\"gutentor-list-item grid-lg-12 grid-md-12 grid-12\"><span class=\"gutentor-single-item gutentor-single-item-3\"><span class=\"gutentor-list-item-wrap g-s-list-wrap\"><span class=\"gutentor-single-list-item-icon\"><i class=\"list-item-icon fas fa-arrow-right\"><\/i><\/span><span class=\"gutentor-list-item\"><p class=\"gutentor-single-item-title\">Kiire ja tundlik<\/p><\/span><\/span><\/span><\/li><li class=\"gutentor-list-item grid-lg-12 grid-md-12 grid-12\"><span class=\"gutentor-single-item gutentor-single-item-4\"><span class=\"gutentor-list-item-wrap g-s-list-wrap\"><span class=\"gutentor-single-list-item-icon\"><i class=\"list-item-icon fas fa-arrow-right\"><\/i><\/span><span class=\"gutentor-list-item\"><p class=\"gutentor-single-item-title\">Sisaldab SureTREND-andmebaasi tulemuste anal\u00fc\u00fcsiks ja trendide j\u00e4lgimiseks<\/p><\/span><\/span><\/span><\/li><\/ul><\/div>\n\n\n\n<div id=\"section-g-hlnzccv\" class=\"wp-block-gutentor-e6 section-g-hlnzccv gutentor-element gutentor-element-image text-align-center-desktop text-align-center-tablet text-align-center-mobile product-image\"><div class=\"gutentor-element-image-box\"><div class=\"gutentor-image-thumb\"><img decoding=\"async\" class=\"normal-image\" src=\"https:\/\/net-food.iwn.co\/wp-content\/uploads\/2025\/06\/systemsureplus_tuotekuva.webp\" \/><\/div><\/div><\/div>\n\n\n\n<div id=\"section-g-3gw6uat\" class=\"wp-block-gutentor-e0 section-g-3gw6uat gutentor-element gutentor-element-advanced-text\"><div class=\"gutentor-text-wrap\"><p class=\"gutentor-text\"><a href=\"https:\/\/net-food.iwn.co\/kusi-pakkumist\/?lang=et\">K\u00fcsi pakkumist!<\/a><br><br>SystemSURE Plus on tundlik luminomeeter, mis sobib erinevate ruumide puhtustaseme kiireks ja lihtsaks kontrolliks. Seade on kerge, v\u00e4ga kasutajas\u00f5bralik ning annab tulemuse juba poole minutiga.<br><br>SystemSURE Plus on m\u00f5eldud kasutamiseks koos UltraSnap, SuperSnap ja AquaSnap ATP-testidega, kuid \u00fchildub ka teiste Hygiena testidega.<br><br>Seadmega on kaasas SureTREND andmebaasitarkvara, mis v\u00f5imaldab luua prooviv\u00f5tukohti ja anal\u00fc\u00fcsi plaane ning laadida need seadmesse. Tulemused on h\u00f5lpsasti t\u00f6\u00f6deldavad, v\u00f5imaldades luua graafikuid ja j\u00e4lgida h\u00fcgieenitaseme muutusi ajas.<br><br>Seade tarnitakse alati kasutusvalmina ning hinnas sisaldub ka kasutuselev\u00f5tu juhendamine. Soovi korral pakume eraldi kliendile kohandatud koolitust.<br><br>Lisainfo ja juhendid Hygiena SystemSURE Plus luminomeetri kohta leiate siit.<br><br>V\u00f5tke meiega \u00fchendust juba t\u00e4na ja uurime koos, kuidas Hygiena SystemSURE Plus saab aidata teil t\u00f5hustada h\u00fcgieenikontrolli!<\/p><\/div><\/div>\n<\/div><\/div>\n<\/div><\/div><\/section>\n<\/div><\/section>\n","protected":false},"excerpt":{"rendered":"","protected":false},"author":2,"featured_media":0,"parent":1239,"menu_order":0,"comment_status":"closed","ping_status":"closed","template":"","meta":{"_acf_changed":false,"footnotes":""},"class_list":["post-1307","page","type-page","status-publish"],"acf":[],"_links":{"self":[{"href":"https:\/\/net-food.iwn.co\/et\/wp-json\/wp\/v2\/pages\/1307","targetHints":{"allow":["GET"]}}],"collection":[{"href":"https:\/\/net-food.iwn.co\/et\/wp-json\/wp\/v2\/pages"}],"about":[{"href":"https:\/\/net-food.iwn.co\/et\/wp-json\/wp\/v2\/types\/page"}],"author":[{"embeddable":true,"href":"https:\/\/net-food.iwn.co\/et\/wp-json\/wp\/v2\/users\/2"}],"replies":[{"embeddable":true,"href":"https:\/\/net-food.iwn.co\/et\/wp-json\/wp\/v2\/comments?post=1307"}],"version-history":[{"count":1,"href":"https:\/\/net-food.iwn.co\/et\/wp-json\/wp\/v2\/pages\/1307\/revisions"}],"predecessor-version":[{"id":1325,"href":"https:\/\/net-food.iwn.co\/et\/wp-json\/wp\/v2\/pages\/1307\/revisions\/1325"}],"up":[{"embeddable":true,"href":"https:\/\/net-food.iwn.co\/et\/wp-json\/wp\/v2\/pages\/1239"}],"wp:attachment":[{"href":"https:\/\/net-food.iwn.co\/et\/wp-json\/wp\/v2\/media?parent=1307"}],"curies":[{"name":"wp","href":"https:\/\/api.w.org\/{rel}","templated":true}]}}