{"id":1306,"date":"2025-01-16T09:38:27","date_gmt":"2025-01-16T06:38:27","guid":{"rendered":"https:\/\/netfood.iwn.co\/kiirtestid\/luminomeetrid\/hygiena-ensure-touch\/"},"modified":"2025-07-22T06:25:50","modified_gmt":"2025-07-22T06:25:50","slug":"hygiena-ensure-touch","status":"publish","type":"page","link":"https:\/\/net-food.iwn.co\/et\/teenused-ja-tooted\/kiirtestid\/luminomeetrid\/hygiena-ensure-touch\/","title":{"rendered":"Hygiena EnSURE Touch"},"content":{"rendered":"\n<section id=\"g-1j575j5\" class=\"wp-block-gutentor-m3 alignfull section-g-1j575j5 gutentor-module gutentor-container-cover\"><div class=\"grid-container\">\n<section id=\"g-9fw9ij3\" class=\"wp-block-gutentor-m4 section-g-9fw9ij3 gutentor-module gutentor-advanced-columns\"><div class=\"grid-container\"><div class=\"grid-row\">\n<div id=\"col-g-sw35wpg\" class=\"wp-block-gutentor-m4-col col-g-sw35wpg gutentor-single-column  grid-lg-12 grid-md-12 grid-12\"><div id=\"section-g-sw35wpg\" class=\"section-g-sw35wpg gutentor-col-wrap\">\n<div id=\"section-g-9vuz7ar\" class=\"wp-block-gutentor-e7 section-g-9vuz7ar gutentor-element gutentor-element-list\"><ul class=\"grid-row gutentor-grid-item-wrap list-indicator-icon\"><li class=\"gutentor-list-item grid-lg-12 grid-md-12 grid-12\"><span class=\"gutentor-single-item gutentor-single-item-0\"><span class=\"gutentor-list-item-wrap g-s-list-wrap\"><span class=\"gutentor-single-list-item-icon\"><i class=\"list-item-icon fas fa-arrow-right\"><\/i><\/span><span class=\"gutentor-list-item\"><p class=\"gutentor-single-item-title\">V\u00e4ga t\u00f5hus luminomeeter mitmek\u00fclgseks h\u00fcgieenikontrolliks<\/p><\/span><\/span><\/span><\/li><li class=\"gutentor-list-item grid-lg-12 grid-md-12 grid-12\"><span class=\"gutentor-single-item gutentor-single-item-1\"><span class=\"gutentor-list-item-wrap g-s-list-wrap\"><span class=\"gutentor-single-list-item-icon\"><i class=\"list-item-icon fas fa-arrow-right\"><\/i><\/span><span class=\"gutentor-list-item\"><p class=\"gutentor-single-item-title\">Sobib nii pindade kui veeproovide anal\u00fc\u00fcsiks<\/p><\/span><\/span><\/span><\/li><li class=\"gutentor-list-item grid-lg-12 grid-md-12 grid-12\"><span class=\"gutentor-single-item gutentor-single-item-2\"><span class=\"gutentor-list-item-wrap g-s-list-wrap\"><span class=\"gutentor-single-list-item-icon\"><i class=\"list-item-icon fas fa-arrow-right\"><\/i><\/span><span class=\"gutentor-list-item\"><p class=\"gutentor-single-item-title\">Mugav puutetundlik ekraan<\/p><\/span><\/span><\/span><\/li><li class=\"gutentor-list-item grid-lg-12 grid-md-12 grid-12\"><span class=\"gutentor-single-item gutentor-single-item-3\"><span class=\"gutentor-list-item-wrap g-s-list-wrap\"><span class=\"gutentor-single-list-item-icon\"><i class=\"list-item-icon fas fa-arrow-right\"><\/i><\/span><span class=\"gutentor-list-item\"><p class=\"gutentor-single-item-title\">Pilvep\u00f5hine SureTREND Cloud -andmebaas, kuhu saab salvestada ka allergeenij\u00e4\u00e4kide, muude h\u00fcgieenitestide ja PCR-anal\u00fc\u00fcside tulemusi*<\/p><\/span><\/span><\/span><\/li><li class=\"gutentor-list-item grid-lg-12 grid-md-12 grid-12\"><span class=\"gutentor-single-item gutentor-single-item-4\"><span class=\"gutentor-list-item-wrap g-s-list-wrap\"><span class=\"gutentor-single-list-item-icon\"><i class=\"list-item-icon fas fa-arrow-right\"><\/i><\/span><span class=\"gutentor-list-item\"><p class=\"gutentor-single-item-title\">M\u00f5\u00f5tmistulemused, proovide info, tarkvarauuendused jms edastatakse WiFi kaudu<\/p><\/span><\/span><\/span><\/li><li class=\"gutentor-list-item grid-lg-12 grid-md-12 grid-12\"><span class=\"gutentor-single-item gutentor-single-item-5\"><span class=\"gutentor-list-item-wrap g-s-list-wrap\"><span class=\"gutentor-single-list-item-icon\"><i class=\"list-item-icon fas fa-arrow-right\"><\/i><\/span><span class=\"gutentor-list-item\"><p class=\"gutentor-single-item-title\">Sobib toiduainet\u00f6\u00f6stusele, suurk\u00f6\u00f6kidele ja restoranikettidele, hooldusasutustele, ujulatele, koristusfirmadele \u2013 k\u00f5ikjale, kus on vaja t\u00f5husat seires\u00fcsteemi ja andmete jagamist<\/p><\/span><\/span><\/span><\/li><\/ul><\/div>\n\n\n\n<div id=\"section-g-t1btk1a\" class=\"wp-block-gutentor-e6 section-g-t1btk1a gutentor-element gutentor-element-image text-align-center-desktop text-align-center-tablet text-align-center-mobile product-image\"><div class=\"gutentor-element-image-box\"><div class=\"gutentor-image-thumb\"><img decoding=\"async\" class=\"normal-image\" src=\"https:\/\/net-food.iwn.co\/wp-content\/uploads\/2025\/06\/ensuretouch_tuotekuva.webp\" \/><\/div><\/div><\/div>\n\n\n\n<div id=\"section-g-3gw6uat\" class=\"wp-block-gutentor-e0 section-g-3gw6uat gutentor-element gutentor-element-advanced-text\"><div class=\"gutentor-text-wrap\"><p class=\"gutentor-text\"><a href=\"https:\/\/net-food.iwn.co\/kusi-pakkumist\/?lang=et\">K\u00fcsi pakkumist!<\/a><\/p><\/div><\/div>\n\n\n\n<div id=\"section-g-9vuz7ar\" class=\"wp-block-gutentor-e7 section-g-9vuz7ar gutentor-element gutentor-element-list\"><ul class=\"grid-row gutentor-grid-item-wrap list-indicator-icon\"><li class=\"gutentor-list-item grid-lg-12 grid-md-12 grid-12\"><span class=\"gutentor-single-item gutentor-single-item-0\"><span class=\"gutentor-list-item-wrap g-s-list-wrap\"><span class=\"gutentor-single-list-item-icon\"><i class=\"list-item-icon fas fa-arrow-right\"><\/i><\/span><span class=\"gutentor-list-item\"><p class=\"gutentor-single-item-title\"><em>UltraSnap, SuperSnap<\/em> \u2013 pindade ATP h\u00fcgieenitestid<\/p><\/span><\/span><\/span><\/li><li class=\"gutentor-list-item grid-lg-12 grid-md-12 grid-12\"><span class=\"gutentor-single-item gutentor-single-item-1\"><span class=\"gutentor-list-item-wrap g-s-list-wrap\"><span class=\"gutentor-single-list-item-icon\"><i class=\"list-item-icon fas fa-arrow-right\"><\/i><\/span><span class=\"gutentor-list-item\"><p class=\"gutentor-single-item-title\"><em>AquaSnap<\/em> \u2013 veeproovide ATP -test<\/p><\/span><\/span><\/span><\/li><li class=\"gutentor-list-item grid-lg-12 grid-md-12 grid-12\"><span class=\"gutentor-single-item gutentor-single-item-2\"><span class=\"gutentor-list-item-wrap g-s-list-wrap\"><span class=\"gutentor-single-list-item-icon\"><i class=\"list-item-icon fas fa-arrow-right\"><\/i><\/span><span class=\"gutentor-list-item\"><p class=\"gutentor-single-item-title\"><em>MicroSnap<\/em> \u2013 spetsiifiliste test mikroorganismide seireks<\/p><\/span><\/span><\/span><\/li><li class=\"gutentor-list-item grid-lg-12 grid-md-12 grid-12\"><span class=\"gutentor-single-item gutentor-single-item-3\"><span class=\"gutentor-list-item-wrap g-s-list-wrap\"><span class=\"gutentor-single-list-item-icon\"><i class=\"list-item-icon fas fa-arrow-right\"><\/i><\/span><span class=\"gutentor-list-item\"><p class=\"gutentor-single-item-title\"><em>ZymoSnap<\/em> \u2013 aluselise fosfataasi m\u00e4\u00e4ramine (piimatoodete past\u00f6riseerimise kontroll)<\/p><\/span><\/span><\/span><\/li><\/ul><\/div>\n\n\n\n<p>EnSURE Touch on AOAC-RI Performance Tested Method SM poolt sertifitseeritud, kinnitades seadme tundlikkust ja t\u00f6\u00f6kindlust.<\/p>\n\n\n\n<p>Seadmega kaasas olev SureTREND Cloud on kvaliteedihalduse andmebaas. Sinna saab salvestada lisaks pinnapuhtuse tulemustele ka mikrobioloogiliste testide, allergeenij\u00e4\u00e4kide ja PCR-anal\u00fc\u00fcside tulemusi. SureTREND Cloud pakub p\u00f5hjalikku aruandlust ja lihtsat andmejagamist nii kasutajate kui juhtkonna jaoks.<\/p>\n\n\n\n<p>Komplektis olev SureTREND Cloud Starter-versioon (1 tootmiskoht, kuni 5 kasutajat) sobib enamikule kasutajatele. Kui on vaja kaasata rohkem kasutajaid, saab \u00fcle minna Power-versioonile (lisatasu eest). Kui soovite \u00fchendada mitu tootmiskohta \u00fchte andmebaasi, on soovitatav Premium-versioon, mis sisaldab ka t\u00e4iustatud aruandlust\u00f6\u00f6riistu (lisatasu eest).<\/p>\n\n\n\n<p>Hygiena EnSURE Touch on mitmek\u00fclgne t\u00f6\u00f6riist kvaliteedi- ja ohutusparameetrite seireks toiduainet\u00f6\u00f6stuses, suurk\u00f6\u00f6kides, restoranikettides, tervishoiuasutustes, hooldekodudes, ujulates ja spaades ehk k\u00f5ikjal, kus puhtus ja h\u00fcgieen on esmat\u00e4htsad!<\/p>\n\n\n\n<p>Seade tarnitakse kasutusvalmina ning hinnas sisaldub kasutuselev\u00f5tu juhendamine.&nbsp; Personaalselt kliendile kohandatud koolituse vajadusel koostame eraldi pakkumise.<\/p>\n\n\n\n<p>Lisainfot ja \u00f5ppevideoid Hygiena EnSURE Touch luminomeetri kohta leiate siit.<\/p>\n\n\n\n<p>V\u00f5tke meiega \u00fchendust juba t\u00e4na \u2013 vaatame koos, kuidas Hygiena EnSURE Touch ja SureTREND Cloud saavad toetada teie kvaliteedihaldust!<\/p>\n\n\n\n<p>* Seadmega tuleb kaasa SureTREND Cloud Starter-versioon (1 tootmiskoht, 5 kasutajat). Power- ja Premium-versioonid on saadaval lisatasu eest.<\/p>\n<\/div><\/div>\n<\/div><\/div><\/section>\n<\/div><\/section>\n","protected":false},"excerpt":{"rendered":"","protected":false},"author":2,"featured_media":0,"parent":1239,"menu_order":0,"comment_status":"closed","ping_status":"closed","template":"","meta":{"_acf_changed":false,"footnotes":""},"class_list":["post-1306","page","type-page","status-publish"],"acf":[],"_links":{"self":[{"href":"https:\/\/net-food.iwn.co\/et\/wp-json\/wp\/v2\/pages\/1306","targetHints":{"allow":["GET"]}}],"collection":[{"href":"https:\/\/net-food.iwn.co\/et\/wp-json\/wp\/v2\/pages"}],"about":[{"href":"https:\/\/net-food.iwn.co\/et\/wp-json\/wp\/v2\/types\/page"}],"author":[{"embeddable":true,"href":"https:\/\/net-food.iwn.co\/et\/wp-json\/wp\/v2\/users\/2"}],"replies":[{"embeddable":true,"href":"https:\/\/net-food.iwn.co\/et\/wp-json\/wp\/v2\/comments?post=1306"}],"version-history":[{"count":1,"href":"https:\/\/net-food.iwn.co\/et\/wp-json\/wp\/v2\/pages\/1306\/revisions"}],"predecessor-version":[{"id":1324,"href":"https:\/\/net-food.iwn.co\/et\/wp-json\/wp\/v2\/pages\/1306\/revisions\/1324"}],"up":[{"embeddable":true,"href":"https:\/\/net-food.iwn.co\/et\/wp-json\/wp\/v2\/pages\/1239"}],"wp:attachment":[{"href":"https:\/\/net-food.iwn.co\/et\/wp-json\/wp\/v2\/media?parent=1306"}],"curies":[{"name":"wp","href":"https:\/\/api.w.org\/{rel}","templated":true}]}}