{"id":1293,"date":"2025-01-16T09:37:00","date_gmt":"2025-01-16T06:37:00","guid":{"rendered":"https:\/\/netfood.iwn.co\/kiirtestid\/pinnapuhtuse-testid\/hygiena-spotcheck-plus\/"},"modified":"2025-07-22T06:20:44","modified_gmt":"2025-07-22T06:20:44","slug":"hygiena-spotcheck-plus","status":"publish","type":"page","link":"https:\/\/net-food.iwn.co\/et\/teenused-ja-tooted\/kiirtestid\/pinnapuhtuse-testid\/hygiena-spotcheck-plus\/","title":{"rendered":"Hygiena SpotCheck PLUS"},"content":{"rendered":"\n<section id=\"g-1j575j5\" class=\"wp-block-gutentor-m3 alignfull section-g-1j575j5 gutentor-module gutentor-container-cover\"><div class=\"grid-container\">\n<section id=\"g-9fw9ij3\" class=\"wp-block-gutentor-m4 section-g-9fw9ij3 gutentor-module gutentor-advanced-columns\"><div class=\"grid-container\"><div class=\"grid-row\">\n<div id=\"col-g-sw35wpg\" class=\"wp-block-gutentor-m4-col col-g-sw35wpg gutentor-single-column  grid-lg-12 grid-md-12 grid-12\"><div id=\"section-g-sw35wpg\" class=\"section-g-sw35wpg gutentor-col-wrap\">\n<div id=\"section-g-9vuz7ar\" class=\"wp-block-gutentor-e7 section-g-9vuz7ar gutentor-element gutentor-element-list\"><ul class=\"grid-row gutentor-grid-item-wrap list-indicator-icon\"><li class=\"gutentor-list-item grid-lg-12 grid-md-12 grid-12\"><span class=\"gutentor-single-item gutentor-single-item-0\"><span class=\"gutentor-list-item-wrap g-s-list-wrap\"><span class=\"gutentor-single-list-item-icon\"><i class=\"list-item-icon fas fa-arrow-right\"><\/i><\/span><span class=\"gutentor-list-item\"><p class=\"gutentor-single-item-title\">Ei vaja laborit<\/p><\/span><\/span><\/span><\/li><li class=\"gutentor-list-item grid-lg-12 grid-md-12 grid-12\"><span class=\"gutentor-single-item gutentor-single-item-1\"><span class=\"gutentor-list-item-wrap g-s-list-wrap\"><span class=\"gutentor-single-list-item-icon\"><i class=\"list-item-icon fas fa-arrow-right\"><\/i><\/span><span class=\"gutentor-list-item\"><p class=\"gutentor-single-item-title\">Kergesti t\u00f5lgendatav v\u00e4rvusreaktsioon, mis n\u00e4itab pinna puhtust<\/p><\/span><\/span><\/span><\/li><li class=\"gutentor-list-item grid-lg-12 grid-md-12 grid-12\"><span class=\"gutentor-single-item gutentor-single-item-2\"><span class=\"gutentor-list-item-wrap g-s-list-wrap\"><span class=\"gutentor-single-list-item-icon\"><i class=\"list-item-icon fas fa-arrow-right\"><\/i><\/span><span class=\"gutentor-list-item\"><p class=\"gutentor-single-item-title\">SpotCheck PLUS tuvastab pinnale j\u00e4\u00e4nud toiduj\u00e4\u00e4gid<\/p><\/span><\/span><\/span><\/li><li class=\"gutentor-list-item grid-lg-12 grid-md-12 grid-12\"><span class=\"gutentor-single-item gutentor-single-item-3\"><span class=\"gutentor-list-item-wrap g-s-list-wrap\"><span class=\"gutentor-single-list-item-icon\"><i class=\"list-item-icon fas fa-arrow-right\"><\/i><\/span><span class=\"gutentor-list-item\"><p class=\"gutentor-single-item-title\">Tulemused juba 60 sekundiga<\/p><\/span><\/span><\/span><\/li><\/ul><\/div>\n\n\n\n<div id=\"section-g-hccwz51\" class=\"wp-block-gutentor-e6 section-g-hccwz51 gutentor-element gutentor-element-image text-align-center-desktop text-align-center-tablet text-align-center-mobile product-image\"><div class=\"gutentor-element-image-box\"><div class=\"gutentor-image-thumb\"><img decoding=\"async\" class=\"normal-image\" src=\"https:\/\/net-food.iwn.co\/wp-content\/uploads\/2025\/06\/spotcheckplus_tuotekuva.webp\" \/><\/div><\/div><\/div>\n\n\n\n<div id=\"section-g-xkswcvw\" class=\"wp-block-gutentor-e0 section-g-xkswcvw gutentor-element gutentor-element-advanced-text\"><div class=\"gutentor-text-wrap\"><p class=\"gutentor-text\">Eriti kiire ja lihtne test k\u00f6\u00f6kide ja tootmisalade pindade puhtuse hindamiseks.<br>Tegemist on \u201ejah\/ei\u201c t\u00fc\u00fcpi kiirtestiga, mis reageerib toorainetest ja toodetest p\u00e4rinevatele redutseerivate suhkrute j\u00e4\u00e4kidele.<br>Enamik toiduaineid sisaldab redutseerivaid suhkruid (nt gl\u00fckoos, galaktoos, laktoos), seega sobib test suurep\u00e4raselt pindade puhtuse kontrolliks.<br>T\u00fc\u00fcpilised allikad: piim, liha, kala, teraviljatooted, k\u00f6\u00f6giviljad, marjad ja puuviljad.<br>Ei vaja m\u00f5\u00f5teseadet ega inkubaatorit, mist\u00f5ttu on SpotCheck PLUS v\u00e4ga mugav kasutada.<br>Tulemuse saab juba 1 minutiga \u2013 \u00e4\u00e4rmiselt kiire ja taskukohane lahendus!<br><br><a href=\"https:\/\/net-food.iwn.co\/kusi-pakkumist\/?lang=et\">K\u00fcsi pakkumist<\/a><\/p><\/div><\/div>\n<\/div><\/div>\n<\/div><\/div><\/section>\n<\/div><\/section>\n","protected":false},"excerpt":{"rendered":"","protected":false},"author":2,"featured_media":0,"parent":1236,"menu_order":0,"comment_status":"closed","ping_status":"closed","template":"","meta":{"_acf_changed":false,"footnotes":""},"class_list":["post-1293","page","type-page","status-publish"],"acf":[],"_links":{"self":[{"href":"https:\/\/net-food.iwn.co\/et\/wp-json\/wp\/v2\/pages\/1293","targetHints":{"allow":["GET"]}}],"collection":[{"href":"https:\/\/net-food.iwn.co\/et\/wp-json\/wp\/v2\/pages"}],"about":[{"href":"https:\/\/net-food.iwn.co\/et\/wp-json\/wp\/v2\/types\/page"}],"author":[{"embeddable":true,"href":"https:\/\/net-food.iwn.co\/et\/wp-json\/wp\/v2\/users\/2"}],"replies":[{"embeddable":true,"href":"https:\/\/net-food.iwn.co\/et\/wp-json\/wp\/v2\/comments?post=1293"}],"version-history":[{"count":1,"href":"https:\/\/net-food.iwn.co\/et\/wp-json\/wp\/v2\/pages\/1293\/revisions"}],"predecessor-version":[{"id":1297,"href":"https:\/\/net-food.iwn.co\/et\/wp-json\/wp\/v2\/pages\/1293\/revisions\/1297"}],"up":[{"embeddable":true,"href":"https:\/\/net-food.iwn.co\/et\/wp-json\/wp\/v2\/pages\/1236"}],"wp:attachment":[{"href":"https:\/\/net-food.iwn.co\/et\/wp-json\/wp\/v2\/media?parent=1293"}],"curies":[{"name":"wp","href":"https:\/\/api.w.org\/{rel}","templated":true}]}}