{"id":1292,"date":"2025-01-16T09:36:27","date_gmt":"2025-01-16T06:36:27","guid":{"rendered":"https:\/\/netfood.iwn.co\/kiirtestid\/pinnapuhtuse-testid\/hygiena-medicheck\/"},"modified":"2025-07-22T06:20:28","modified_gmt":"2025-07-22T06:20:28","slug":"hygiena-medicheck","status":"publish","type":"page","link":"https:\/\/net-food.iwn.co\/et\/teenused-ja-tooted\/kiirtestid\/pinnapuhtuse-testid\/hygiena-medicheck\/","title":{"rendered":"Hygiena MediCheck\u2122"},"content":{"rendered":"\n<section id=\"g-1j575j5\" class=\"wp-block-gutentor-m3 alignfull section-g-1j575j5 gutentor-module gutentor-container-cover\"><div class=\"grid-container\">\n<section id=\"g-9fw9ij3\" class=\"wp-block-gutentor-m4 section-g-9fw9ij3 gutentor-module gutentor-advanced-columns\"><div class=\"grid-container\"><div class=\"grid-row\">\n<div id=\"col-g-sw35wpg\" class=\"wp-block-gutentor-m4-col col-g-sw35wpg gutentor-single-column  grid-lg-12 grid-md-12 grid-12\"><div id=\"section-g-sw35wpg\" class=\"section-g-sw35wpg gutentor-col-wrap\">\n<div id=\"section-g-9vuz7ar\" class=\"wp-block-gutentor-e7 section-g-9vuz7ar gutentor-element gutentor-element-list\"><ul class=\"grid-row gutentor-grid-item-wrap list-indicator-icon\"><li class=\"gutentor-list-item grid-lg-12 grid-md-12 grid-12\"><span class=\"gutentor-single-item gutentor-single-item-0\"><span class=\"gutentor-list-item-wrap g-s-list-wrap\"><span class=\"gutentor-single-list-item-icon\"><i class=\"list-item-icon fas fa-arrow-right\"><\/i><\/span><span class=\"gutentor-list-item\"><p class=\"gutentor-single-item-title\">Ei vaja laborit \u2013 MediChecki kasutamiseks piisab v\u00e4ikesest termoblokist<\/p><\/span><\/span><\/span><\/li><li class=\"gutentor-list-item grid-lg-12 grid-md-12 grid-12\"><span class=\"gutentor-single-item gutentor-single-item-1\"><span class=\"gutentor-list-item-wrap g-s-list-wrap\"><span class=\"gutentor-single-list-item-icon\"><i class=\"list-item-icon fas fa-arrow-right\"><\/i><\/span><span class=\"gutentor-list-item\"><p class=\"gutentor-single-item-title\">Kergesti t\u00f5lgendatav v\u00e4rvusreaktsioon, mis n\u00e4itab pinna puhtust<\/p><\/span><\/span><\/span><\/li><li class=\"gutentor-list-item grid-lg-12 grid-md-12 grid-12\"><span class=\"gutentor-single-item gutentor-single-item-2\"><span class=\"gutentor-list-item-wrap g-s-list-wrap\"><span class=\"gutentor-single-list-item-icon\"><i class=\"list-item-icon fas fa-arrow-right\"><\/i><\/span><span class=\"gutentor-list-item\"><p class=\"gutentor-single-item-title\">MediCheck\u00ae tuvastab pinnale j\u00e4\u00e4nud valguj\u00e4\u00e4gid<\/p><\/span><\/span><\/span><\/li><li class=\"gutentor-list-item grid-lg-12 grid-md-12 grid-12\"><span class=\"gutentor-single-item gutentor-single-item-3\"><span class=\"gutentor-list-item-wrap g-s-list-wrap\"><span class=\"gutentor-single-list-item-icon\"><i class=\"list-item-icon fas fa-arrow-right\"><\/i><\/span><span class=\"gutentor-list-item\"><p class=\"gutentor-single-item-title\">Tulemused juba 30 minutiga<\/p><\/span><\/span><\/span><\/li><\/ul><\/div>\n\n\n\n<div id=\"section-g-ywe5ad2\" class=\"wp-block-gutentor-e6 section-g-ywe5ad2 gutentor-element gutentor-element-image product-image\"><div class=\"gutentor-element-image-box\"><div class=\"gutentor-image-thumb\"><img decoding=\"async\" class=\"normal-image\" src=\"https:\/\/net-food.iwn.co\/wp-content\/uploads\/2025\/06\/medicheck_tuotekuva.webp\" \/><\/div><\/div><\/div>\n\n\n\n<div id=\"section-g-6abrjz7\" class=\"wp-block-gutentor-e1 section-g-6abrjz7 gutentor-element gutentor-element-advanced-text\"><div class=\"gutentor-text-wrap\"><h3 class=\"gutentor-text\">Hygiena MediCheck\u2122<\/h3><\/div><\/div>\n\n\n\n<div id=\"section-g-xkswcvw\" class=\"wp-block-gutentor-e0 section-g-xkswcvw gutentor-element gutentor-element-advanced-text\"><div class=\"gutentor-text-wrap\"><p class=\"gutentor-text\">MediCheck\u2122 on v\u00e4lja t\u00f6\u00f6tatud spetsiaalselt haiglate instrumentide kontrolliks, endoskoopide, pesumasinate ja teiste seadmete h\u00fcgieeni tagamiseks.<br>See on usaldusv\u00e4\u00e4rne ja lihtsalt kasutatav test, mis tuvastab ebapiisava puhastuse t\u00f5ttu pindadele j\u00e4\u00e4nud valguj\u00e4\u00e4gid.<br>Ei vaja suuri seadmeinvesteeringuid \u2013 piisab v\u00e4ikesest termoblokist v\u00f5i inkubaatorist.<br>Tulemuse saab kiiresti (30 minuti jooksul) ning testi tuvastuspiir on v\u00e4ga madal (3 \u00b5g).<br>Aitab kontrollida nii puhastusprotsessi t\u00f5husust kui ka v\u00e4ltida autoklaavimisel tekkivate m\u00fcrgiste l\u00e4mmastiku\u00fchendite riski.<br>Sobib kasutamiseks hooldekodudes, hambaravi- ja loomakliinikutes ning haiglate instrumentide pesu\u00fcksustes.<br>Lihtne ja taskukohane.<br><br><a href=\"https:\/\/net-food.iwn.co\/kusi-pakkumist\/?lang=et\">K\u00fcsi pakkumist!<\/a><\/p><\/div><\/div>\n<\/div><\/div>\n<\/div><\/div><\/section>\n<\/div><\/section>\n","protected":false},"excerpt":{"rendered":"","protected":false},"author":2,"featured_media":0,"parent":1236,"menu_order":0,"comment_status":"closed","ping_status":"closed","template":"","meta":{"_acf_changed":false,"footnotes":""},"class_list":["post-1292","page","type-page","status-publish"],"acf":[],"_links":{"self":[{"href":"https:\/\/net-food.iwn.co\/et\/wp-json\/wp\/v2\/pages\/1292","targetHints":{"allow":["GET"]}}],"collection":[{"href":"https:\/\/net-food.iwn.co\/et\/wp-json\/wp\/v2\/pages"}],"about":[{"href":"https:\/\/net-food.iwn.co\/et\/wp-json\/wp\/v2\/types\/page"}],"author":[{"embeddable":true,"href":"https:\/\/net-food.iwn.co\/et\/wp-json\/wp\/v2\/users\/2"}],"replies":[{"embeddable":true,"href":"https:\/\/net-food.iwn.co\/et\/wp-json\/wp\/v2\/comments?post=1292"}],"version-history":[{"count":2,"href":"https:\/\/net-food.iwn.co\/et\/wp-json\/wp\/v2\/pages\/1292\/revisions"}],"predecessor-version":[{"id":1304,"href":"https:\/\/net-food.iwn.co\/et\/wp-json\/wp\/v2\/pages\/1292\/revisions\/1304"}],"up":[{"embeddable":true,"href":"https:\/\/net-food.iwn.co\/et\/wp-json\/wp\/v2\/pages\/1236"}],"wp:attachment":[{"href":"https:\/\/net-food.iwn.co\/et\/wp-json\/wp\/v2\/media?parent=1292"}],"curies":[{"name":"wp","href":"https:\/\/api.w.org\/{rel}","templated":true}]}}