{"id":1276,"date":"2025-01-16T09:33:54","date_gmt":"2025-01-16T06:33:54","guid":{"rendered":"https:\/\/netfood.iwn.co\/kiirtestid\/patogeenide-kiirtestid\/insite-listeria-mono-glo\/"},"modified":"2025-07-22T06:11:57","modified_gmt":"2025-07-22T06:11:57","slug":"insite-listeria-mono-glo","status":"publish","type":"page","link":"https:\/\/net-food.iwn.co\/et\/teenused-ja-tooted\/kiirtestid\/patogeenide-kiirtestid\/insite-listeria-mono-glo\/","title":{"rendered":"InSite\u00ae Listeria mono Glo"},"content":{"rendered":"\n<section id=\"g-1j575j5\" class=\"wp-block-gutentor-m3 alignfull section-g-1j575j5 gutentor-module gutentor-container-cover\"><div class=\"grid-container\">\n<section id=\"g-9fw9ij3\" class=\"wp-block-gutentor-m4 section-g-9fw9ij3 gutentor-module gutentor-advanced-columns\"><div class=\"grid-container\"><div class=\"grid-row\">\n<div id=\"col-g-sw35wpg\" class=\"wp-block-gutentor-m4-col col-g-sw35wpg gutentor-single-column  grid-lg-12 grid-md-12 grid-12\"><div id=\"section-g-sw35wpg\" class=\"section-g-sw35wpg gutentor-col-wrap\">\n<p><em>InSite\u00ae Listeria mono Glo<\/em> on kasutajas\u00f5bralik ja usaldusv\u00e4\u00e4rne test <em>Listeria monocytogenese<\/em> tuvastamiseks pindadelt\u00a0 Test p\u00f5hineb mikrobioloogilisel meetodil (kromogeenset komponenti sisaldaval rikastusvedelikul) ning on AOAC-RI sertifitseeritud.<\/p>\n\n\n\n<div id=\"section-g-9vuz7ar\" class=\"wp-block-gutentor-e7 section-g-9vuz7ar gutentor-element gutentor-element-list\"><ul class=\"grid-row gutentor-grid-item-wrap list-indicator-icon\"><li class=\"gutentor-list-item grid-lg-12 grid-md-12 grid-12\"><span class=\"gutentor-single-item gutentor-single-item-0\"><span class=\"gutentor-list-item-wrap g-s-list-wrap\"><span class=\"gutentor-single-list-item-icon\"><i class=\"list-item-icon fas fa-arrow-right\"><\/i><\/span><span class=\"gutentor-list-item\"><p class=\"gutentor-single-item-title\">Ei vaja laborit \u2013 piisab v\u00e4ikesest termoblokist ja UV-lambist<\/p><\/span><\/span><\/span><\/li><li class=\"gutentor-list-item grid-lg-12 grid-md-12 grid-12\"><span class=\"gutentor-single-item gutentor-single-item-1\"><span class=\"gutentor-list-item-wrap g-s-list-wrap\"><span class=\"gutentor-single-list-item-icon\"><i class=\"list-item-icon fas fa-arrow-right\"><\/i><\/span><span class=\"gutentor-list-item\"><p class=\"gutentor-single-item-title\">Tulemusi on lihtne t\u00f5lgendada t\u00e4nu selgele v\u00e4rvusreaktsioonile<\/p><\/span><\/span><\/span><\/li><li class=\"gutentor-list-item grid-lg-12 grid-md-12 grid-12\"><span class=\"gutentor-single-item gutentor-single-item-2\"><span class=\"gutentor-list-item-wrap g-s-list-wrap\"><span class=\"gutentor-single-list-item-icon\"><i class=\"list-item-icon fas fa-arrow-right\"><\/i><\/span><span class=\"gutentor-list-item\"><p class=\"gutentor-single-item-title\"><em>InSite\u00ae Listeria mono Glo<\/em> tuvastab spetsiifiliselt <em>Listeria monocytogenes<\/em>\u2019e<\/p><\/span><\/span><\/span><\/li><li class=\"gutentor-list-item grid-lg-12 grid-md-12 grid-12\"><span class=\"gutentor-single-item gutentor-single-item-3\"><span class=\"gutentor-list-item-wrap g-s-list-wrap\"><span class=\"gutentor-single-list-item-icon\"><i class=\"list-item-icon fas fa-arrow-right\"><\/i><\/span><span class=\"gutentor-list-item\"><p class=\"gutentor-single-item-title\">Positiivne tulemus juba 24 tunni jooksul, negatiivne 48 tunniga<\/p><\/span><\/span><\/span><\/li><li class=\"gutentor-list-item grid-lg-12 grid-md-12 grid-12\"><span class=\"gutentor-single-item gutentor-single-item-4\"><span class=\"gutentor-list-item-wrap g-s-list-wrap\"><span class=\"gutentor-single-list-item-icon\"><i class=\"list-item-icon fas fa-arrow-right\"><\/i><\/span><span class=\"gutentor-list-item\"><p class=\"gutentor-single-item-title\">Vajadusel saab testi saata laborisse t\u00e4iendavaks uuringuks<\/p><\/span><\/span><\/span><\/li><\/ul><\/div>\n\n\n\n<div id=\"section-g-3iev3i4\" class=\"wp-block-gutentor-e6 section-g-3iev3i4 gutentor-element gutentor-element-image text-align-center-desktop text-align-center-tablet text-align-center-mobile product-image\"><div class=\"gutentor-element-image-box\"><div class=\"gutentor-image-thumb\"><img decoding=\"async\" class=\"normal-image\" src=\"https:\/\/net-food.iwn.co\/wp-content\/uploads\/2025\/06\/insitelmonoglo_tuotekuva.webp\" \/><\/div><\/div><\/div>\n\n\n\n<div id=\"section-g-xkswcvw\" class=\"wp-block-gutentor-e0 section-g-xkswcvw gutentor-element gutentor-element-advanced-text\"><div class=\"gutentor-text-wrap\"><p class=\"gutentor-text\">Testi tulemust n\u00e4eb\u00a0 UV-valguse abil p\u00e4rast inkubeerimist (UV-lamp tellitav eraldi). <em>InSite\u00ae Listeria mono Glo<\/em> sobib ka keskmise ja k\u00f5rgeListeeria riskiga tootmiskeskkondadesse.<br><br>Hygiena <em>InSite\u00ae Listeria<\/em> testid pakuvad m\u00e4rkimisv\u00e4\u00e4rset kulude kokkuhoidu v\u00f5rreldes traditsiooniliste laboriuuringutega \u2013 ei ole vaja proove saata ega tulemusi oodata. Tooted on ohutud ja lihtsad kasutada ning neid v\u00f5ib k\u00e4idelda suletuna segaolmepr\u00fcgina.<\/p><\/div><\/div>\n\n\n\n<div id=\"section-g-77cuoey\" class=\"wp-block-gutentor-e6 section-g-77cuoey gutentor-element gutentor-element-image\"><div class=\"gutentor-element-image-box\"><div class=\"gutentor-image-thumb\"><img decoding=\"async\" class=\"normal-image\" src=\"https:\/\/net-food.iwn.co\/wp-content\/uploads\/2025\/01\/pic07.jpg\" \/><\/div><\/div><\/div>\n\n\n\n<div id=\"section-g-bqaat2c\" class=\"wp-block-gutentor-e0 section-g-bqaat2c gutentor-element gutentor-element-advanced-text\"><div class=\"gutentor-text-wrap\"><p class=\"gutentor-text\"><a href=\"https:\/\/net-food.iwn.co\/kusi-pakkumist\/?lang=et\">K\u00fcsi pakkumist<\/a><\/p><\/div><\/div>\n<\/div><\/div>\n<\/div><\/div><\/section>\n<\/div><\/section>\n","protected":false},"excerpt":{"rendered":"","protected":false},"author":2,"featured_media":0,"parent":1231,"menu_order":0,"comment_status":"closed","ping_status":"closed","template":"","meta":{"_acf_changed":false,"footnotes":""},"class_list":["post-1276","page","type-page","status-publish"],"acf":[],"_links":{"self":[{"href":"https:\/\/net-food.iwn.co\/et\/wp-json\/wp\/v2\/pages\/1276","targetHints":{"allow":["GET"]}}],"collection":[{"href":"https:\/\/net-food.iwn.co\/et\/wp-json\/wp\/v2\/pages"}],"about":[{"href":"https:\/\/net-food.iwn.co\/et\/wp-json\/wp\/v2\/types\/page"}],"author":[{"embeddable":true,"href":"https:\/\/net-food.iwn.co\/et\/wp-json\/wp\/v2\/users\/2"}],"replies":[{"embeddable":true,"href":"https:\/\/net-food.iwn.co\/et\/wp-json\/wp\/v2\/comments?post=1276"}],"version-history":[{"count":1,"href":"https:\/\/net-food.iwn.co\/et\/wp-json\/wp\/v2\/pages\/1276\/revisions"}],"predecessor-version":[{"id":1282,"href":"https:\/\/net-food.iwn.co\/et\/wp-json\/wp\/v2\/pages\/1276\/revisions\/1282"}],"up":[{"embeddable":true,"href":"https:\/\/net-food.iwn.co\/et\/wp-json\/wp\/v2\/pages\/1231"}],"wp:attachment":[{"href":"https:\/\/net-food.iwn.co\/et\/wp-json\/wp\/v2\/media?parent=1276"}],"curies":[{"name":"wp","href":"https:\/\/api.w.org\/{rel}","templated":true}]}}