{"id":1241,"date":"2025-01-16T09:54:29","date_gmt":"2025-01-16T09:54:29","guid":{"rendered":"https:\/\/netfood.iwn.co\/kiirtestid\/hygifood-atp-palvelu\/"},"modified":"2025-07-22T05:57:16","modified_gmt":"2025-07-22T05:57:16","slug":"hygifood-atp-teenus","status":"publish","type":"page","link":"https:\/\/net-food.iwn.co\/et\/teenused-ja-tooted\/kiirtestid\/hygifood-atp-teenus\/","title":{"rendered":"hygifood\u00ae ATP -teenus"},"content":{"rendered":"\n<section id=\"g-1j575j5\" class=\"wp-block-gutentor-m3 alignfull section-g-1j575j5 gutentor-module gutentor-container-cover\"><div class=\"grid-container\">\n<section id=\"g-9fw9ij3\" class=\"wp-block-gutentor-m4 section-g-9fw9ij3 gutentor-module gutentor-advanced-columns\"><div class=\"grid-container\"><div class=\"grid-row\">\n<div id=\"col-g-sw35wpg\" class=\"wp-block-gutentor-m4-col col-g-sw35wpg gutentor-single-column  grid-lg-8 grid-md-12 grid-12\"><div id=\"section-g-sw35wpg\" class=\"section-g-sw35wpg gutentor-col-wrap\">\n<div id=\"section-g-3gw6uat\" class=\"wp-block-gutentor-e0 section-g-3gw6uat gutentor-element gutentor-element-advanced-text\"><div class=\"gutentor-text-wrap\"><p class=\"gutentor-text\"><strong>hygifood\u00ae<\/strong> ATP on Net-Foodlab Oy poolt v\u00e4lja t\u00f6\u00f6tatud kiire ja lihtsalt kasutatav uurimis- ja tulemuste edastamise teenus, mis on m\u00f5eldud pindade h\u00fcgieenitaseme hindamiseks. See on <em>esimene akrediteeritud kiirmeetod<\/em>* pinnah\u00fcgieeni seireks, sobides suurep\u00e4raselt ka j\u00e4relevalveasutuste t\u00f6\u00f6vahendiks.<\/p><\/div><\/div>\n\n\n\n<p>Teenust saab kasutada v\u00e4ga laialdaselt:<\/p>\n\n\n\n<ul class=\"wp-block-list\">\n<li>toidutootmis- , kaupluseruumides<\/li>\n\n\n\n<li>haiglates, saunades, ujulates<\/li>\n<\/ul>\n\n\n\n<p>hygifood\u00ae ATP teenus on olnud kasutusel juba \u00fcle 20 aasta!<\/p>\n\n\n\n<p><strong>Miks valida hygifood\u00ae ATP teenus?<\/strong><\/p>\n\n\n\n<ul class=\"wp-block-list\">\n<li>v\u00f5imaldab hinnata nii pindade h\u00fcgieeni kui ka pesu- ja desinfektsioonivahendite v\u00f5imalikku m\u00f5ju m\u00f5\u00f5tmistulemustele<\/li>\n\n\n\n<li>sobib luminomeetrite valideerimiseks, puhastusprotsesside optimeerimiseks ja sellega seotud probleemide lahendamiseks<\/li>\n\n\n\n<li>v\u00f5imaldab erinevate tootjate luminomeetrite v\u00f5rdlust, kuna tulemused esitatakse ATP sisalduse j\u00e4rgi (femtogrammides), mitte seadmespetsiifilistes RLU \u00fchikutes<\/li>\n<\/ul>\n\n\n\n<p><strong>Mida teenus sisaldab?<\/strong><\/p>\n\n\n\n<ul class=\"wp-block-list\">\n<li>Testipulkade komplektid (5, 10, 15 v\u00f5i 20 tk)<\/li>\n\n\n\n<li>T\u00e4psed prooviv\u00f5tu juhised<\/li>\n\n\n\n<li>Testide anal\u00fc\u00fcs<\/li>\n\n\n\n<li>Tulemuste raport juba j\u00e4rgmisel p\u00e4eval p\u00e4rast proovide saabumist<\/li>\n<\/ul>\n\n\n\n<p>Lihtsamat ja kiiremat viisi pindade h\u00fcgieeni testimiseks ei ole olemas.<\/p>\n\n\n\n<p>*Net-Foodlab Oy laborid on Soome akrediteerimiskeskuse FINAS poolt akrediteeritud katselaborid T205, vastavalt standardile SFS-EN ISO\/IEC 17025. T\u00e4pne akrediteeringu ulatus ja asukohad on n\u00e4htavad veebilehel <strong><a href=\"https:\/\/www.finas.fi\/\" target=\"_blank\" rel=\"noopener\">www.finas.fi<\/a><\/strong>.<\/p>\n<\/div><\/div>\n\n\n\n<div id=\"col-g-vvy3eev\" class=\"wp-block-gutentor-m4-col col-g-vvy3eev gutentor-single-column  grid-lg-4 grid-md-12 grid-12\"><div id=\"section-g-vvy3eev\" class=\"section-g-vvy3eev gutentor-col-wrap\">\n<div id=\"section-g-3iev3i4\" class=\"wp-block-gutentor-e6 section-g-3iev3i4 gutentor-element gutentor-element-image\"><div class=\"gutentor-element-image-box\"><div class=\"gutentor-image-thumb\"><img decoding=\"async\" class=\"normal-image\" src=\"https:\/\/net-food.iwn.co\/wp-content\/uploads\/2025\/01\/Netfoodlab_kuva_elintarviketeollisuus.png\" \/><\/div><\/div><\/div>\n<\/div><\/div>\n<\/div><\/div><\/section>\n<\/div><\/section>\n","protected":false},"excerpt":{"rendered":"","protected":false},"author":2,"featured_media":0,"parent":1223,"menu_order":0,"comment_status":"closed","ping_status":"closed","template":"","meta":{"_acf_changed":false,"footnotes":""},"class_list":["post-1241","page","type-page","status-publish"],"acf":[],"_links":{"self":[{"href":"https:\/\/net-food.iwn.co\/et\/wp-json\/wp\/v2\/pages\/1241","targetHints":{"allow":["GET"]}}],"collection":[{"href":"https:\/\/net-food.iwn.co\/et\/wp-json\/wp\/v2\/pages"}],"about":[{"href":"https:\/\/net-food.iwn.co\/et\/wp-json\/wp\/v2\/types\/page"}],"author":[{"embeddable":true,"href":"https:\/\/net-food.iwn.co\/et\/wp-json\/wp\/v2\/users\/2"}],"replies":[{"embeddable":true,"href":"https:\/\/net-food.iwn.co\/et\/wp-json\/wp\/v2\/comments?post=1241"}],"version-history":[{"count":3,"href":"https:\/\/net-food.iwn.co\/et\/wp-json\/wp\/v2\/pages\/1241\/revisions"}],"predecessor-version":[{"id":1248,"href":"https:\/\/net-food.iwn.co\/et\/wp-json\/wp\/v2\/pages\/1241\/revisions\/1248"}],"up":[{"embeddable":true,"href":"https:\/\/net-food.iwn.co\/et\/wp-json\/wp\/v2\/pages\/1223"}],"wp:attachment":[{"href":"https:\/\/net-food.iwn.co\/et\/wp-json\/wp\/v2\/media?parent=1241"}],"curies":[{"name":"wp","href":"https:\/\/api.w.org\/{rel}","templated":true}]}}