{"id":1239,"date":"2025-01-16T09:37:31","date_gmt":"2025-01-16T06:37:31","guid":{"rendered":"https:\/\/netfood.iwn.co\/kiirtestid\/luminometrit\/"},"modified":"2025-07-22T06:35:36","modified_gmt":"2025-07-22T06:35:36","slug":"luminomeetrid","status":"publish","type":"page","link":"https:\/\/net-food.iwn.co\/et\/teenused-ja-tooted\/kiirtestid\/luminomeetrid\/","title":{"rendered":"Luminomeetrid"},"content":{"rendered":"\n<section id=\"g-1j575j5\" class=\"wp-block-gutentor-m3 alignfull section-g-1j575j5 gutentor-module gutentor-container-cover\"><div class=\"grid-container\">\n<section id=\"g-9fw9ij3\" class=\"wp-block-gutentor-m4 section-g-9fw9ij3 gutentor-module gutentor-advanced-columns\"><div class=\"grid-container\"><div class=\"grid-row\">\n<div id=\"col-g-sw35wpg\" class=\"wp-block-gutentor-m4-col col-g-sw35wpg gutentor-single-column  grid-lg-12 grid-md-12 grid-12\"><div id=\"section-g-sw35wpg\" class=\"section-g-sw35wpg gutentor-col-wrap\">\n<div id=\"section-g-xkswcvw\" class=\"wp-block-gutentor-e0 section-g-xkswcvw gutentor-element gutentor-element-advanced-text\"><div class=\"gutentor-text-wrap\"><p class=\"gutentor-text\">Net-Foodlab Oy on olnud luminomeetrite ja ATP-testide maaletooja, edasim\u00fc\u00fcja ning kasutaja juba \u00fcle 25 aasta. Selle kogemuse p\u00f5hjal v\u00f5ime kindlalt \u00f6elda: ATP-testimine pakub kiiret ja t\u00f5husat lahendust paljudele h\u00fcgieenikontrolli, mikrobioloogilise kvaliteedikontrolli ja pesuainej\u00e4\u00e4kide seire vajadustele.<\/p><\/div><\/div>\n\n\n\n<div id=\"section-g-3gw6uat\" class=\"wp-block-gutentor-e0 section-g-3gw6uat gutentor-element gutentor-element-advanced-text\"><div class=\"gutentor-text-wrap\"><p class=\"gutentor-text\">K\u00fcsi julgelt, kas ATP-m\u00f5\u00f5tmine sobib sinu tootmiskeskkonda \u2013 meil on sellele t\u00f5en\u00e4oliselt sobiv lahendus!<br>&nbsp;<br>Meie kogemuse p\u00f5hjal on Hygiena luminomeetrid k\u00f5ige kiirem ja t\u00f5husam viis pindade ja seadmete puhtuse ning h\u00fcgieeni kontrolliks tootmisruumides, suurk\u00f6\u00f6kides, hooldekodudes, spaades ja haiglates \u2013 ehk k\u00f5ikjal, kus puhtusel on t\u00e4htsus.<br><br>Net-Foodlab Oy on parim partner ATP-meetodite soetamiseks, juurutamiseks ja kasutajakoolituseks.<br><br>V\u00f5ta meiega \u00fchendust juba t\u00e4na \u2013 vaatame koos, kuidas ATP-testimine saab t\u00f5hustada teie pindade h\u00fcgieenikontrolli!<\/p><\/div><\/div>\n<\/div><\/div>\n<\/div><\/div><\/section>\n<\/div><\/section>\n\n\n\n<section id=\"g-o1ftywo\" class=\"wp-block-gutentor-m3 section-g-o1ftywo gutentor-module gutentor-container-cover\"><div class=\"grid-container\">\n<h2 class=\"wp-block-heading has-text-align-center has-global-color-10-color has-text-color has-link-color wp-elements-6e8c035215e24f2399134416053fb9cf\">Tootmine<\/h2>\n\n\n\n<div style=\"height:2em\" aria-hidden=\"true\" class=\"wp-block-spacer\"><\/div>\n\n\n\n<div class=\"alignnormal\"><div id=\"metaslider-id-1335\" style=\"width: 100%; margin: 0 auto;\" class=\"ml-slider-3-107-0 metaslider metaslider-flex metaslider-1335 ml-slider has-carousel-mode ms-theme-default-base nav-hidden\" role=\"region\" aria-label=\"Luminometrit - eesti\" data-height=\"300\" data-width=\"300\">\n    <div id=\"metaslider_container_1335\">\n        <div id=\"metaslider_1335\">\n            <ul class='slides'>\n                <li style=\"display: none; width: 100%;\" class=\"slide-1336 ms-image \" aria-roledescription=\"slide\" data-date=\"2025-07-22 06:34:15\" data-filename=\"ensuretouch_tuotekuva.webp\" data-slide-type=\"image\"><a href=\"https:\/\/net-food.iwn.co\/et\/teenused-ja-tooted\/kiirtestid\/luminomeetrid\/hygiena-ensure-touch\/\" target=\"_self\" aria-label=\"View Slide Details\" class=\"metaslider_image_link\"><img loading=\"lazy\" decoding=\"async\" width=\"1000\" height=\"1000\" src=\"https:\/\/net-food.iwn.co\/wp-content\/uploads\/2025\/06\/ensuretouch_tuotekuva.webp\" class=\"slider-1335 slide-1336 msDefaultImage\" alt=\"EnSURE Touch luminometri - tuotekuva\" rel=\"\" title=\"ensuretouch_tuotekuva\" srcset=\"https:\/\/net-food.iwn.co\/wp-content\/uploads\/2025\/06\/ensuretouch_tuotekuva.webp 1000w, https:\/\/net-food.iwn.co\/wp-content\/uploads\/2025\/06\/ensuretouch_tuotekuva-300x300.webp 300w, https:\/\/net-food.iwn.co\/wp-content\/uploads\/2025\/06\/ensuretouch_tuotekuva-150x150.webp 150w, https:\/\/net-food.iwn.co\/wp-content\/uploads\/2025\/06\/ensuretouch_tuotekuva-768x768.webp 768w\" sizes=\"auto, (max-width: 1000px) 100vw, 1000px\" \/><\/a><\/li>\n                <li style=\"display: none; width: 100%;\" class=\"slide-1337 ms-image \" aria-roledescription=\"slide\" data-date=\"2025-07-22 06:34:15\" data-filename=\"systemsureplus_tuotekuva.webp\" data-slide-type=\"image\"><a href=\"https:\/\/net-food.iwn.co\/et\/teenused-ja-tooted\/kiirtestid\/luminomeetrid\/hygiena-systemsure-plus\/\" target=\"_self\" aria-label=\"View Slide Details\" class=\"metaslider_image_link\"><img loading=\"lazy\" decoding=\"async\" width=\"1000\" height=\"1000\" src=\"https:\/\/net-food.iwn.co\/wp-content\/uploads\/2025\/06\/systemsureplus_tuotekuva.webp\" class=\"slider-1335 slide-1337 msDefaultImage\" alt=\"SystemSURE Plus -luminometri tuotekuva\" rel=\"\" title=\"systemsureplus_tuotekuva\" srcset=\"https:\/\/net-food.iwn.co\/wp-content\/uploads\/2025\/06\/systemsureplus_tuotekuva.webp 1000w, https:\/\/net-food.iwn.co\/wp-content\/uploads\/2025\/06\/systemsureplus_tuotekuva-300x300.webp 300w, https:\/\/net-food.iwn.co\/wp-content\/uploads\/2025\/06\/systemsureplus_tuotekuva-150x150.webp 150w, https:\/\/net-food.iwn.co\/wp-content\/uploads\/2025\/06\/systemsureplus_tuotekuva-768x768.webp 768w\" sizes=\"auto, (max-width: 1000px) 100vw, 1000px\" \/><\/a><\/li>\n                <li style=\"display: none; width: 100%;\" class=\"slide-1338 ms-image \" aria-roledescription=\"slide\" data-date=\"2025-07-22 06:34:15\" data-filename=\"aquasnap_tuotekuva.webp\" data-slide-type=\"image\"><a href=\"https:\/\/net-food.iwn.co\/et\/teenused-ja-tooted\/kiirtestid\/luminomeetrid\/aquasnap-atp-test\/\" target=\"_self\" aria-label=\"View Slide Details\" class=\"metaslider_image_link\"><img loading=\"lazy\" decoding=\"async\" width=\"1000\" height=\"1000\" src=\"https:\/\/net-food.iwn.co\/wp-content\/uploads\/2025\/07\/aquasnap_tuotekuva.webp\" class=\"slider-1335 slide-1338 msDefaultImage\" alt=\"\" rel=\"\" title=\"aquasnap_tuotekuva\" srcset=\"https:\/\/net-food.iwn.co\/wp-content\/uploads\/2025\/07\/aquasnap_tuotekuva.webp 1000w, https:\/\/net-food.iwn.co\/wp-content\/uploads\/2025\/07\/aquasnap_tuotekuva-300x300.webp 300w, https:\/\/net-food.iwn.co\/wp-content\/uploads\/2025\/07\/aquasnap_tuotekuva-150x150.webp 150w, https:\/\/net-food.iwn.co\/wp-content\/uploads\/2025\/07\/aquasnap_tuotekuva-768x768.webp 768w\" sizes=\"auto, (max-width: 1000px) 100vw, 1000px\" \/><\/a><\/li>\n                <li style=\"display: none; width: 100%;\" class=\"slide-1339 ms-image \" aria-roledescription=\"slide\" data-date=\"2025-07-22 06:34:15\" data-filename=\"microsnap_tuotekuva.webp\" data-slide-type=\"image\"><a href=\"https:\/\/net-food.iwn.co\/et\/teenused-ja-tooted\/kiirtestid\/luminomeetrid\/microsnap-atp-test\/\" target=\"_self\" aria-label=\"View Slide Details\" class=\"metaslider_image_link\"><img loading=\"lazy\" decoding=\"async\" width=\"1000\" height=\"1000\" src=\"https:\/\/net-food.iwn.co\/wp-content\/uploads\/2025\/07\/microsnap_tuotekuva.webp\" class=\"slider-1335 slide-1339 msDefaultImage\" alt=\"\" rel=\"\" title=\"microsnap_tuotekuva\" srcset=\"https:\/\/net-food.iwn.co\/wp-content\/uploads\/2025\/07\/microsnap_tuotekuva.webp 1000w, https:\/\/net-food.iwn.co\/wp-content\/uploads\/2025\/07\/microsnap_tuotekuva-300x300.webp 300w, https:\/\/net-food.iwn.co\/wp-content\/uploads\/2025\/07\/microsnap_tuotekuva-150x150.webp 150w, https:\/\/net-food.iwn.co\/wp-content\/uploads\/2025\/07\/microsnap_tuotekuva-768x768.webp 768w\" sizes=\"auto, (max-width: 1000px) 100vw, 1000px\" \/><\/a><\/li>\n                <li style=\"display: none; width: 100%;\" class=\"slide-1340 ms-image \" aria-roledescription=\"slide\" data-date=\"2025-07-22 06:34:15\" data-filename=\"supersnap_tuotekuva.webp\" data-slide-type=\"image\"><a href=\"https:\/\/net-food.iwn.co\/et\/teenused-ja-tooted\/kiirtestid\/luminomeetrid\/supersnap-atp-test\/\" target=\"_self\" aria-label=\"View Slide Details\" class=\"metaslider_image_link\"><img loading=\"lazy\" decoding=\"async\" width=\"1000\" height=\"1000\" src=\"https:\/\/net-food.iwn.co\/wp-content\/uploads\/2025\/07\/supersnap_tuotekuva.webp\" class=\"slider-1335 slide-1340 msDefaultImage\" alt=\"\" rel=\"\" title=\"supersnap_tuotekuva\" srcset=\"https:\/\/net-food.iwn.co\/wp-content\/uploads\/2025\/07\/supersnap_tuotekuva.webp 1000w, https:\/\/net-food.iwn.co\/wp-content\/uploads\/2025\/07\/supersnap_tuotekuva-300x300.webp 300w, https:\/\/net-food.iwn.co\/wp-content\/uploads\/2025\/07\/supersnap_tuotekuva-150x150.webp 150w, https:\/\/net-food.iwn.co\/wp-content\/uploads\/2025\/07\/supersnap_tuotekuva-768x768.webp 768w\" sizes=\"auto, (max-width: 1000px) 100vw, 1000px\" \/><\/a><\/li>\n                <li style=\"display: none; width: 100%;\" class=\"slide-1341 ms-image \" aria-roledescription=\"slide\" data-date=\"2025-07-22 06:34:15\" data-filename=\"ultrasnap_tuotekuva.webp\" data-slide-type=\"image\"><a href=\"https:\/\/net-food.iwn.co\/et\/teenused-ja-tooted\/kiirtestid\/luminomeetrid\/ultrasnap-atp-testi\/\" target=\"_self\" aria-label=\"View Slide Details\" class=\"metaslider_image_link\"><img loading=\"lazy\" decoding=\"async\" width=\"1000\" height=\"1000\" src=\"https:\/\/net-food.iwn.co\/wp-content\/uploads\/2025\/07\/ultrasnap_tuotekuva.webp\" class=\"slider-1335 slide-1341 msDefaultImage\" alt=\"\" rel=\"\" title=\"ultrasnap_tuotekuva\" srcset=\"https:\/\/net-food.iwn.co\/wp-content\/uploads\/2025\/07\/ultrasnap_tuotekuva.webp 1000w, https:\/\/net-food.iwn.co\/wp-content\/uploads\/2025\/07\/ultrasnap_tuotekuva-300x300.webp 300w, https:\/\/net-food.iwn.co\/wp-content\/uploads\/2025\/07\/ultrasnap_tuotekuva-150x150.webp 150w, https:\/\/net-food.iwn.co\/wp-content\/uploads\/2025\/07\/ultrasnap_tuotekuva-768x768.webp 768w\" sizes=\"auto, (max-width: 1000px) 100vw, 1000px\" \/><\/a><\/li>\n                <li style=\"display: none; width: 100%;\" class=\"slide-1342 ms-image \" aria-roledescription=\"slide\" data-date=\"2025-07-22 06:34:15\" data-filename=\"zymosnap_tuotekuva.webp\" data-slide-type=\"image\"><a href=\"https:\/\/net-food.iwn.co\/et\/teenused-ja-tooted\/kiirtestid\/luminomeetrid\/zymosnap-atp-test\/\" target=\"_self\" aria-label=\"View Slide Details\" class=\"metaslider_image_link\"><img loading=\"lazy\" decoding=\"async\" width=\"1000\" height=\"1000\" src=\"https:\/\/net-food.iwn.co\/wp-content\/uploads\/2025\/07\/zymosnap_tuotekuva.webp\" class=\"slider-1335 slide-1342 msDefaultImage\" alt=\"\" rel=\"\" title=\"zymosnap_tuotekuva\" srcset=\"https:\/\/net-food.iwn.co\/wp-content\/uploads\/2025\/07\/zymosnap_tuotekuva.webp 1000w, https:\/\/net-food.iwn.co\/wp-content\/uploads\/2025\/07\/zymosnap_tuotekuva-300x300.webp 300w, https:\/\/net-food.iwn.co\/wp-content\/uploads\/2025\/07\/zymosnap_tuotekuva-150x150.webp 150w, https:\/\/net-food.iwn.co\/wp-content\/uploads\/2025\/07\/zymosnap_tuotekuva-768x768.webp 768w\" sizes=\"auto, (max-width: 1000px) 100vw, 1000px\" \/><\/a><\/li>\n            <\/ul>\n        <\/div>\n        \n    <\/div>\n<\/div><\/div>\n<\/div><\/section>\n","protected":false},"excerpt":{"rendered":"","protected":false},"author":2,"featured_media":0,"parent":1223,"menu_order":0,"comment_status":"closed","ping_status":"closed","template":"","meta":{"_acf_changed":false,"footnotes":""},"class_list":["post-1239","page","type-page","status-publish"],"acf":[],"_links":{"self":[{"href":"https:\/\/net-food.iwn.co\/et\/wp-json\/wp\/v2\/pages\/1239","targetHints":{"allow":["GET"]}}],"collection":[{"href":"https:\/\/net-food.iwn.co\/et\/wp-json\/wp\/v2\/pages"}],"about":[{"href":"https:\/\/net-food.iwn.co\/et\/wp-json\/wp\/v2\/types\/page"}],"author":[{"embeddable":true,"href":"https:\/\/net-food.iwn.co\/et\/wp-json\/wp\/v2\/users\/2"}],"replies":[{"embeddable":true,"href":"https:\/\/net-food.iwn.co\/et\/wp-json\/wp\/v2\/comments?post=1239"}],"version-history":[{"count":3,"href":"https:\/\/net-food.iwn.co\/et\/wp-json\/wp\/v2\/pages\/1239\/revisions"}],"predecessor-version":[{"id":1343,"href":"https:\/\/net-food.iwn.co\/et\/wp-json\/wp\/v2\/pages\/1239\/revisions\/1343"}],"up":[{"embeddable":true,"href":"https:\/\/net-food.iwn.co\/et\/wp-json\/wp\/v2\/pages\/1223"}],"wp:attachment":[{"href":"https:\/\/net-food.iwn.co\/et\/wp-json\/wp\/v2\/media?parent=1239"}],"curies":[{"name":"wp","href":"https:\/\/api.w.org\/{rel}","templated":true}]}}