{"id":1236,"date":"2025-01-16T09:35:11","date_gmt":"2025-01-16T06:35:11","guid":{"rendered":"https:\/\/netfood.iwn.co\/kiirtestid\/pintapuhtaustestit\/"},"modified":"2025-07-22T06:21:24","modified_gmt":"2025-07-22T06:21:24","slug":"pinnapuhtuse-testid","status":"publish","type":"page","link":"https:\/\/net-food.iwn.co\/et\/teenused-ja-tooted\/kiirtestid\/pinnapuhtuse-testid\/","title":{"rendered":"V\u00e4rvusreaktsioonil p\u00f5hinevad pinnapuhtuse testid"},"content":{"rendered":"\n<section id=\"g-1j575j5\" class=\"wp-block-gutentor-m3 alignfull section-g-1j575j5 gutentor-module gutentor-container-cover\"><div class=\"grid-container\">\n<section id=\"g-9fw9ij3\" class=\"wp-block-gutentor-m4 section-g-9fw9ij3 gutentor-module gutentor-advanced-columns\"><div class=\"grid-container\"><div class=\"grid-row\">\n<div id=\"col-g-sw35wpg\" class=\"wp-block-gutentor-m4-col col-g-sw35wpg gutentor-single-column  grid-lg-12 grid-md-12 grid-12\"><div id=\"section-g-sw35wpg\" class=\"section-g-sw35wpg gutentor-col-wrap\">\n<div id=\"section-g-xkswcvw\" class=\"wp-block-gutentor-e0 section-g-xkswcvw gutentor-element gutentor-element-advanced-text\"><div class=\"gutentor-text-wrap\"><p class=\"gutentor-text\">Lihtne, kiire ja v\u00e4ga soodne viis kontrollida pindade puhtust ning puhastamise t\u00f5husust. Sobivad kasutamiseks mitmesugustes keskkondades: toiduainet\u00f6\u00f6stuses, restoranides, kauplustes, haiglates ja hooldekodudes.<\/p><\/div><\/div>\n\n\n\n<div id=\"section-g-9vuz7ar\" class=\"wp-block-gutentor-e7 section-g-9vuz7ar gutentor-element gutentor-element-list\"><ul class=\"grid-row gutentor-grid-item-wrap list-indicator-icon\"><li class=\"gutentor-list-item grid-lg-12 grid-md-12 grid-12\"><span class=\"gutentor-single-item gutentor-single-item-0\"><span class=\"gutentor-list-item-wrap g-s-list-wrap\"><span class=\"gutentor-single-list-item-icon\"><i class=\"list-item-icon fas fa-arrow-right\"><\/i><\/span><span class=\"gutentor-list-item\"><p class=\"gutentor-single-item-title\">Ei vaja laborit (MediChecki kasutamiseks piisab v\u00e4ikesest termoblokist)<\/p><\/span><\/span><\/span><\/li><li class=\"gutentor-list-item grid-lg-12 grid-md-12 grid-12\"><span class=\"gutentor-single-item gutentor-single-item-1\"><span class=\"gutentor-list-item-wrap g-s-list-wrap\"><span class=\"gutentor-single-list-item-icon\"><i class=\"list-item-icon fas fa-arrow-right\"><\/i><\/span><span class=\"gutentor-list-item\"><p class=\"gutentor-single-item-title\">Kergesti t\u00f5lgendatav v\u00e4rvusreaktsioon, mis n\u00e4itab pinna puhtust<\/p><\/span><\/span><\/span><\/li><li class=\"gutentor-list-item grid-lg-12 grid-md-12 grid-12\"><span class=\"gutentor-single-item gutentor-single-item-2\"><span class=\"gutentor-list-item-wrap g-s-list-wrap\"><span class=\"gutentor-single-list-item-icon\"><i class=\"list-item-icon fas fa-arrow-right\"><\/i><\/span><span class=\"gutentor-list-item\"><p class=\"gutentor-single-item-title\">PRO-Clean\u00ae ja MediCheck\u00ae tuvastavad pinnale j\u00e4\u00e4nud valguj\u00e4\u00e4gid<\/p><\/span><\/span><\/span><\/li><li class=\"gutentor-list-item grid-lg-12 grid-md-12 grid-12\"><span class=\"gutentor-single-item gutentor-single-item-3\"><span class=\"gutentor-list-item-wrap g-s-list-wrap\"><span class=\"gutentor-single-list-item-icon\"><i class=\"list-item-icon fas fa-arrow-right\"><\/i><\/span><span class=\"gutentor-list-item\"><p class=\"gutentor-single-item-title\">SpotCheck PLUS tuvastab pinnal olevad redutseerivaid suhkruid sisaldavad toiduj\u00e4\u00e4gid<\/p><\/span><\/span><\/span><\/li><li class=\"gutentor-list-item grid-lg-12 grid-md-12 grid-12\"><span class=\"gutentor-single-item gutentor-single-item-4\"><span class=\"gutentor-list-item-wrap g-s-list-wrap\"><span class=\"gutentor-single-list-item-icon\"><i class=\"list-item-icon fas fa-arrow-right\"><\/i><\/span><span class=\"gutentor-list-item\"><p class=\"gutentor-single-item-title\">S\u00f5ltuvalt testist saab tulemuse 60 sekundi, 10 v\u00f5i 30 minuti jooksul<\/p><\/span><\/span><\/span><\/li><\/ul><\/div>\n\n\n\n<div id=\"section-g-d1q117z\" class=\"wp-block-gutentor-e1 section-g-d1q117z gutentor-element gutentor-element-advanced-text\"><div class=\"gutentor-text-wrap\"><h3 class=\"gutentor-text\">Hygiena PRO-Clean\u00ae<\/h3><\/div><\/div>\n\n\n\n<div id=\"section-g-0nebism\" class=\"wp-block-gutentor-e0 section-g-0nebism gutentor-element gutentor-element-advanced-text\"><div class=\"gutentor-text-wrap\"><p class=\"gutentor-text\">Kiire ja usaldusv\u00e4\u00e4rne test, mis tuvastab toorainest v\u00f5i tootest p\u00e4rit valguj\u00e4\u00e4gid ning inimtekkelise mustuse seadmetelt ja kontaktpindadelt.<br>Sobib kasutamiseks toiduainet\u00f6\u00f6stuses, suurk\u00f6\u00f6kides, spaades, koolides ja hooldekodudes.<br>Test annab tulemuse kiiresti, v\u00f5imaldades vajadusel kohe puhastust korrata enne seadme v\u00f5i pinna kasutuselev\u00f5ttu \u2013 seda ei v\u00f5imalda kontaktslaidid,-tassid&nbsp; ega klassikalised pinnaproovid!<br>PRO-Clean\u00ae on v\u00e4ga taskukohane ja pika s\u00e4ilivusajaga (s\u00e4ilib toatemperatuuril).<br>Kasutamine on lihtne ning n\u00f5uab vaid l\u00fchikest juhendamist \u2013 sobib koristus-, tootmis- ja hoolduspersonalile<\/p><\/div><\/div>\n\n\n\n<div id=\"section-g-fsggxce\" class=\"wp-block-gutentor-e1 section-g-fsggxce gutentor-element gutentor-element-advanced-text\"><div class=\"gutentor-text-wrap\"><h3 class=\"gutentor-text\">Hygiena MediCheck\u2122<\/h3><\/div><\/div>\n\n\n\n<div id=\"section-g-ln6sbls\" class=\"wp-block-gutentor-e0 section-g-ln6sbls gutentor-element gutentor-element-advanced-text\"><div class=\"gutentor-text-wrap\"><p class=\"gutentor-text\">MediCheck\u2122 on v\u00e4lja t\u00f6\u00f6tatud spetsiaalselt haiglate instrumentide kontrolliks, endoskoopide, pesumasinate ja teiste seadmete h\u00fcgieeni tagamiseks.<br>See on usaldusv\u00e4\u00e4rne ja lihtsalt kasutatav test, mis tuvastab ebapiisava puhastuse tagaj\u00e4rjel pindadele j\u00e4\u00e4nud valguj\u00e4\u00e4gid.<br>Test ei vaja suuri seadmeinvesteeringuid \u2013 piisab v\u00e4ikesest termoblokist v\u00f5i inkubaatorist.<br>Tulemuse saab kiiresti (30 minuti jooksul) ning testi avastamispiir on v\u00e4ga madal (3 \u00b5g).<br>Testi abil on v\u00f5imalik kontrollida nii puhastusprotsessi t\u00f5husust. Sobib kasutamiseks hooldekodudes, hambaravi- ja loomakliinikutes ning haiglate instrumentide pesu\u00fcksustes.<br>Lihtne ja taskukohane.<\/p><\/div><\/div>\n\n\n\n<div id=\"section-g-t00stk0\" class=\"wp-block-gutentor-e1 section-g-t00stk0 gutentor-element gutentor-element-advanced-text\"><div class=\"gutentor-text-wrap\"><h3 class=\"gutentor-text\">Hygiena SpotCheck PLUS<\/h3><\/div><\/div>\n\n\n\n<div id=\"section-g-5e15drn\" class=\"wp-block-gutentor-e0 section-g-5e15drn gutentor-element gutentor-element-advanced-text\"><div class=\"gutentor-text-wrap\"><p class=\"gutentor-text\">Eriti kiire ja lihtne test k\u00f6\u00f6kide ja tootmisalade pindade puhtuse hindamiseks.<br>Tegemist on \u201ejah\/ei\u201c t\u00fc\u00fcpi kiirtestiga, mis reageerib toorainetes ja toodetes sisalduvatele redutseerivate suhkrute j\u00e4\u00e4kidele.<br>Enamik toiduaineid sisaldab redutseerivaid suhkruid (nt gl\u00fckoos, galaktoos, laktoos), seega sobib test suurep\u00e4raselt pindade puhtuse kontrolliks.<br>T\u00fc\u00fcpilised allikad: piim, liha, kala, teraviljatooted, k\u00f6\u00f6giviljad, marjad ja puuviljad.<br>Ei vaja m\u00f5\u00f5teseadet ega inkubaatorit, mist\u00f5ttu on SpotCheck PLUS v\u00e4ga mugav kasutada.<br>Tulemuse saab juba 1 minutiga \u2013 \u00e4\u00e4rmiselt kiire ja taskukohane lahendus!<br>&nbsp;<br><a href=\"https:\/\/net-food.iwn.co\/kusi-pakkumist\/?lang=et\">K\u00fcsi pakkumist<\/a><\/p><\/div><\/div>\n<\/div><\/div>\n<\/div><\/div><\/section>\n<\/div><\/section>\n\n\n\n<section id=\"g-o1ftywo\" class=\"wp-block-gutentor-m3 section-g-o1ftywo gutentor-module gutentor-container-cover\"><div class=\"grid-container\">\n<h2 class=\"wp-block-heading has-text-align-center has-global-color-10-color has-text-color has-link-color wp-elements-6e8c035215e24f2399134416053fb9cf\">Tootmine<\/h2>\n\n\n\n<div style=\"height:2em\" aria-hidden=\"true\" class=\"wp-block-spacer\"><\/div>\n\n\n\n<div class=\"alignnormal\"><div id=\"metaslider-id-1299\" style=\"width: 100%; margin: 0 auto;\" class=\"ml-slider-3-107-0 metaslider metaslider-flex metaslider-1299 ml-slider has-dots-nav has-carousel-mode ms-theme-default-base\" role=\"region\" aria-label=\"Pintapuhtaustestit - eesti\" data-height=\"300\" data-width=\"300\">\n    <div id=\"metaslider_container_1299\">\n        <div id=\"metaslider_1299\">\n            <ul class='slides'>\n                <li style=\"display: none; width: 100%;\" class=\"slide-1300 ms-image \" aria-roledescription=\"slide\" data-date=\"2025-07-22 06:19:36\" data-filename=\"proclean_tuotekuva.webp\" data-slide-type=\"image\"><a href=\"https:\/\/net-food.iwn.co\/et\/teenused-ja-tooted\/kiirtestid\/pinnapuhtuse-testid\/hygiena-pro-clean\/\" target=\"_self\" aria-label=\"View Slide Details\" class=\"metaslider_image_link\"><img loading=\"lazy\" decoding=\"async\" width=\"1000\" height=\"1000\" src=\"https:\/\/net-food.iwn.co\/wp-content\/uploads\/2025\/06\/proclean_tuotekuva.webp\" class=\"slider-1299 slide-1300 msDefaultImage\" alt=\"Hygiena PRO-Clean pikatesti -tuotekuva\" rel=\"\" title=\"proclean_tuotekuva\" srcset=\"https:\/\/net-food.iwn.co\/wp-content\/uploads\/2025\/06\/proclean_tuotekuva.webp 1000w, https:\/\/net-food.iwn.co\/wp-content\/uploads\/2025\/06\/proclean_tuotekuva-300x300.webp 300w, https:\/\/net-food.iwn.co\/wp-content\/uploads\/2025\/06\/proclean_tuotekuva-150x150.webp 150w, https:\/\/net-food.iwn.co\/wp-content\/uploads\/2025\/06\/proclean_tuotekuva-768x768.webp 768w\" sizes=\"auto, (max-width: 1000px) 100vw, 1000px\" \/><\/a><\/li>\n                <li style=\"display: none; width: 100%;\" class=\"slide-1301 ms-image \" aria-roledescription=\"slide\" data-date=\"2025-07-22 06:19:36\" data-filename=\"medicheck_tuotekuva.webp\" data-slide-type=\"image\"><a href=\"https:\/\/net-food.iwn.co\/et\/teenused-ja-tooted\/kiirtestid\/pinnapuhtuse-testid\/hygiena-medicheck\/\" target=\"_self\" aria-label=\"View Slide Details\" class=\"metaslider_image_link\"><img loading=\"lazy\" decoding=\"async\" width=\"1000\" height=\"1000\" src=\"https:\/\/net-food.iwn.co\/wp-content\/uploads\/2025\/06\/medicheck_tuotekuva.webp\" class=\"slider-1299 slide-1301 msDefaultImage\" alt=\"Hygiena MediCheck pikatesti -tuotekuva\" rel=\"\" title=\"medicheck_tuotekuva\" srcset=\"https:\/\/net-food.iwn.co\/wp-content\/uploads\/2025\/06\/medicheck_tuotekuva.webp 1000w, https:\/\/net-food.iwn.co\/wp-content\/uploads\/2025\/06\/medicheck_tuotekuva-300x300.webp 300w, https:\/\/net-food.iwn.co\/wp-content\/uploads\/2025\/06\/medicheck_tuotekuva-150x150.webp 150w, https:\/\/net-food.iwn.co\/wp-content\/uploads\/2025\/06\/medicheck_tuotekuva-768x768.webp 768w\" sizes=\"auto, (max-width: 1000px) 100vw, 1000px\" \/><\/a><\/li>\n                <li style=\"display: none; width: 100%;\" class=\"slide-1302 ms-image \" aria-roledescription=\"slide\" data-date=\"2025-07-22 06:19:36\" data-filename=\"spotcheckplus_tuotekuva.webp\" data-slide-type=\"image\"><a href=\"https:\/\/net-food.iwn.co\/et\/teenused-ja-tooted\/kiirtestid\/pinnapuhtuse-testid\/hygiena-spotcheck-plus\/\" target=\"_self\" aria-label=\"View Slide Details\" class=\"metaslider_image_link\"><img loading=\"lazy\" decoding=\"async\" width=\"1000\" height=\"1000\" src=\"https:\/\/net-food.iwn.co\/wp-content\/uploads\/2025\/06\/spotcheckplus_tuotekuva.webp\" class=\"slider-1299 slide-1302 msDefaultImage\" alt=\"Hygiena SpotCheck Plus pikatesti -tuotekuva\" rel=\"\" title=\"spotcheckplus_tuotekuva\" srcset=\"https:\/\/net-food.iwn.co\/wp-content\/uploads\/2025\/06\/spotcheckplus_tuotekuva.webp 1000w, https:\/\/net-food.iwn.co\/wp-content\/uploads\/2025\/06\/spotcheckplus_tuotekuva-300x300.webp 300w, https:\/\/net-food.iwn.co\/wp-content\/uploads\/2025\/06\/spotcheckplus_tuotekuva-150x150.webp 150w, https:\/\/net-food.iwn.co\/wp-content\/uploads\/2025\/06\/spotcheckplus_tuotekuva-768x768.webp 768w\" sizes=\"auto, (max-width: 1000px) 100vw, 1000px\" \/><\/a><\/li>\n            <\/ul>\n        <\/div>\n        \n    <\/div>\n<\/div><\/div>\n<\/div><\/section>\n","protected":false},"excerpt":{"rendered":"","protected":false},"author":2,"featured_media":0,"parent":1223,"menu_order":0,"comment_status":"closed","ping_status":"closed","template":"","meta":{"_acf_changed":false,"footnotes":""},"class_list":["post-1236","page","type-page","status-publish"],"acf":[],"_links":{"self":[{"href":"https:\/\/net-food.iwn.co\/et\/wp-json\/wp\/v2\/pages\/1236","targetHints":{"allow":["GET"]}}],"collection":[{"href":"https:\/\/net-food.iwn.co\/et\/wp-json\/wp\/v2\/pages"}],"about":[{"href":"https:\/\/net-food.iwn.co\/et\/wp-json\/wp\/v2\/types\/page"}],"author":[{"embeddable":true,"href":"https:\/\/net-food.iwn.co\/et\/wp-json\/wp\/v2\/users\/2"}],"replies":[{"embeddable":true,"href":"https:\/\/net-food.iwn.co\/et\/wp-json\/wp\/v2\/comments?post=1236"}],"version-history":[{"count":3,"href":"https:\/\/net-food.iwn.co\/et\/wp-json\/wp\/v2\/pages\/1236\/revisions"}],"predecessor-version":[{"id":1305,"href":"https:\/\/net-food.iwn.co\/et\/wp-json\/wp\/v2\/pages\/1236\/revisions\/1305"}],"up":[{"embeddable":true,"href":"https:\/\/net-food.iwn.co\/et\/wp-json\/wp\/v2\/pages\/1223"}],"wp:attachment":[{"href":"https:\/\/net-food.iwn.co\/et\/wp-json\/wp\/v2\/media?parent=1236"}],"curies":[{"name":"wp","href":"https:\/\/api.w.org\/{rel}","templated":true}]}}