{"id":1233,"date":"2025-01-14T12:15:59","date_gmt":"2025-01-14T09:15:59","guid":{"rendered":"https:\/\/netfood.iwn.co\/ota-yhteytta\/"},"modified":"2026-03-25T15:53:31","modified_gmt":"2026-03-25T12:53:31","slug":"kusi-pakkumist","status":"publish","type":"page","link":"https:\/\/net-food.iwn.co\/et\/kusi-pakkumist\/","title":{"rendered":"V\u00f5ta \u00fchendust"},"content":{"rendered":"\n<section id=\"g-l3rjqlc\" class=\"wp-block-gutentor-m3 alignfull section-g-l3rjqlc gutentor-module gutentor-container-cover\"><div class=\"grid-container\">\n<div class=\"wp-block-columns is-layout-flex wp-container-core-columns-is-layout-9d6595d7 wp-block-columns-is-layout-flex\"><\/div>\n\n\n\n<section id=\"g-1t3uufl\" class=\"wp-block-gutentor-m4 section-g-1t3uufl gutentor-module gutentor-advanced-columns\"><div class=\"grid-container\"><div class=\"grid-row\">\n<div id=\"col-g-leey1eb\" class=\"wp-block-gutentor-m4-col col-g-leey1eb gutentor-single-column  grid-lg-8 grid-md-8 grid-12\"><div id=\"section-g-leey1eb\" class=\"section-g-leey1eb gutentor-col-wrap\">\n<div id=\"section-g-b7xe17f\" class=\"wp-block-gutentor-e0 section-g-b7xe17f gutentor-element gutentor-element-advanced-text\"><div class=\"gutentor-text-wrap\"><p class=\"gutentor-text\">V\u00f5ta \u00fchendust v\u00f5i esita k\u00fcsimus selle vormi kaudu<\/p><\/div><\/div>\n\n\n\n<div class=\"wp-block-contact-form-7-contact-form-selector\">\n<div class=\"wpcf7 no-js\" id=\"wpcf7-f1504-o1\" lang=\"et\" dir=\"ltr\" data-wpcf7-id=\"1504\">\n<div class=\"screen-reader-response\"><p role=\"status\" aria-live=\"polite\" aria-atomic=\"true\"><\/p> <ul><\/ul><\/div>\n<form action=\"\/et\/wp-json\/wp\/v2\/pages\/1233#wpcf7-f1504-o1\" method=\"post\" class=\"wpcf7-form init\" aria-label=\"Contact form\" novalidate=\"novalidate\" data-status=\"init\">\n<fieldset class=\"hidden-fields-container\"><input type=\"hidden\" name=\"_wpcf7\" value=\"1504\" \/><input type=\"hidden\" name=\"_wpcf7_version\" value=\"6.1.5\" \/><input type=\"hidden\" name=\"_wpcf7_locale\" value=\"et\" \/><input type=\"hidden\" name=\"_wpcf7_unit_tag\" value=\"wpcf7-f1504-o1\" \/><input type=\"hidden\" name=\"_wpcf7_container_post\" value=\"0\" \/><input type=\"hidden\" name=\"_wpcf7_posted_data_hash\" value=\"\" \/>\n<\/fieldset>\n<div class=\"contact_form_wrapper\">\n\t<div class=\"field_row\">\n\t\t<div class=\"field_item\">\n\t\t\t<p><label><span>Vali*<\/span><\/label><br \/>\n<span class=\"wpcf7-form-control-wrap\" data-name=\"radio-8\"><span class=\"wpcf7-form-control wpcf7-radio\"><span class=\"wpcf7-list-item first\"><label><input type=\"radio\" name=\"radio-8\" value=\"soovin et v\u00f5taksite \u00fchendust\" \/><span class=\"wpcf7-list-item-label\">soovin et v\u00f5taksite \u00fchendust<\/span><\/label><\/span><span class=\"wpcf7-list-item last\"><label><input type=\"radio\" name=\"radio-8\" value=\"soovin saada hinnapakkumist\" \/><span class=\"wpcf7-list-item-label\">soovin saada hinnapakkumist<\/span><\/label><\/span><\/span><\/span>\n\t\t\t<\/p>\n\t\t<\/div>\n\t<\/div>\n\t<div class=\"field_row half_field\">\n\t\t<div class=\"field_item\">\n\t\t\t<p><label>Nimi <span>*<\/span><\/label><br \/>\n<span class=\"wpcf7-form-control-wrap\" data-name=\"text-743\"><input size=\"40\" maxlength=\"400\" class=\"wpcf7-form-control wpcf7-text wpcf7-validates-as-required form-control\" aria-required=\"true\" aria-invalid=\"false\" placeholder=\"Nimi\" value=\"\" type=\"text\" name=\"text-743\" \/><\/span>\n\t\t\t<\/p>\n\t\t<\/div>\n\t\t<div class=\"field_item\">\n\t\t\t<p><label>Telefon<\/label><br \/>\n<span class=\"wpcf7-form-control-wrap\" data-name=\"tel-467\"><input size=\"40\" maxlength=\"400\" class=\"wpcf7-form-control wpcf7-tel wpcf7-text wpcf7-validates-as-tel form-control\" aria-invalid=\"false\" placeholder=\"Telefon\" value=\"\" type=\"tel\" name=\"tel-467\" \/><\/span>\n\t\t\t<\/p>\n\t\t<\/div>\n\t<\/div>\n\t<div class=\"field_row half_field\">\n\t\t<div class=\"field_item\">\n\t\t\t<p><label>Aadress (t\u00e4nav, linn\/asula)<\/label><br \/>\n<span class=\"wpcf7-form-control-wrap\" data-name=\"text-21\"><input size=\"40\" maxlength=\"400\" class=\"wpcf7-form-control wpcf7-text form-control\" aria-invalid=\"false\" placeholder=\"Aadress (t\u00e4nav, linn\/asula)\" value=\"\" type=\"text\" name=\"text-21\" \/><\/span>\n\t\t\t<\/p>\n\t\t<\/div>\n\t\t<div class=\"field_item\">\n\t\t\t<p><label>Maakond, postiindeks<\/label><br \/>\n<span class=\"wpcf7-form-control-wrap\" data-name=\"text-238\"><input size=\"40\" maxlength=\"400\" class=\"wpcf7-form-control wpcf7-text form-control\" aria-invalid=\"false\" placeholder=\"Maakond, postiindeks\" value=\"\" type=\"text\" name=\"text-238\" \/><\/span>\n\t\t\t<\/p>\n\t\t<\/div>\n\t<\/div>\n\t<div class=\"field_row\">\n\t\t<div class=\"field_item\">\n\t\t\t<p><label><span>E-post*<\/span><\/label><br \/>\n<span class=\"wpcf7-form-control-wrap\" data-name=\"email-468\"><input size=\"40\" maxlength=\"400\" class=\"wpcf7-form-control wpcf7-email wpcf7-validates-as-required wpcf7-text wpcf7-validates-as-email form-control\" aria-required=\"true\" aria-invalid=\"false\" placeholder=\"E-post\" value=\"\" type=\"email\" name=\"email-468\" \/><\/span>\n\t\t\t<\/p>\n\t\t<\/div>\n\t<\/div>\n\t<div class=\"field_row\">\n\t\t<div class=\"field_item\">\n\t\t\t<p><label><span>K\u00fcsimus *<\/span><\/label><br \/>\n<span class=\"wpcf7-form-control-wrap\" data-name=\"textarea-486\"><textarea cols=\"40\" rows=\"10\" maxlength=\"2000\" class=\"wpcf7-form-control wpcf7-textarea wpcf7-validates-as-required form-control\" aria-required=\"true\" aria-invalid=\"false\" placeholder=\"K\u00fcsimus\" name=\"textarea-486\"><\/textarea><\/span>\n\t\t\t<\/p>\n\t\t<\/div>\n\t<\/div>\n\t<div class=\"field_row field_button\">\n\t\t<div class=\"field_item\">\n\t\t\t<p><input class=\"wpcf7-form-control wpcf7-submit has-spinner\" type=\"submit\" value=\"Saada\" \/>\n\t\t\t<\/p>\n\t\t<\/div>\n\t<\/div>\n<\/div><input type='hidden' class='wpcf7-pum' value='{\"closepopup\":false,\"closedelay\":0,\"openpopup\":false,\"openpopup_id\":0}' \/><div class=\"wpcf7-response-output\" aria-hidden=\"true\"><\/div>\n<\/form>\n<\/div>\n<\/div>\n<\/div><\/div>\n\n\n\n<div id=\"col-g-q11bzb1\" class=\"wp-block-gutentor-m4-col col-g-q11bzb1 gutentor-single-column  grid-lg-4 grid-md-4 grid-12\"><div id=\"section-g-q11bzb1\" class=\"section-g-q11bzb1 gutentor-col-wrap has-color-bg has-custom-bg\">\n<div id=\"section-g-sbsyrva\" class=\"wp-block-gutentor-e0 section-g-sbsyrva gutentor-element gutentor-element-advanced-text\"><div class=\"gutentor-text-wrap\"><p class=\"gutentor-text\">Aadress: Betooni 6\/2 , Tallinn 13816<br>Telefon: +372 5670 2210<br>Registrikood: 11550494<br>KMKR andmed: EE101520515<br><br><strong>Info toodete ja hindade kohta<\/strong>:<br><a href=\"mailto:kontor@netfood.fi\">kontor@netfood.fi<\/a>\u00a0\u00a0<br>+372 567 022 10<br><br><strong>\u00dclle H\u00f6drej\u00e4rv<\/strong><br>ylle.hodrejarv@netfood.fi<br>+372 5650 4463<br><br><strong>Piret Rumberg<\/strong><br>piret.rumberg@netfood.fi<br>+372 5623 0724<br><br><strong>Merle Lilleoru<\/strong><br>kontor@netfood.fi<br>+372 5670 2210<\/p><\/div><\/div>\n<\/div><\/div>\n<\/div><\/div><\/section>\n<\/div><\/section>\n","protected":false},"excerpt":{"rendered":"","protected":false},"author":2,"featured_media":0,"parent":0,"menu_order":0,"comment_status":"closed","ping_status":"closed","template":"","meta":{"_acf_changed":false,"footnotes":""},"class_list":["post-1233","page","type-page","status-publish"],"acf":[],"_links":{"self":[{"href":"https:\/\/net-food.iwn.co\/et\/wp-json\/wp\/v2\/pages\/1233","targetHints":{"allow":["GET"]}}],"collection":[{"href":"https:\/\/net-food.iwn.co\/et\/wp-json\/wp\/v2\/pages"}],"about":[{"href":"https:\/\/net-food.iwn.co\/et\/wp-json\/wp\/v2\/types\/page"}],"author":[{"embeddable":true,"href":"https:\/\/net-food.iwn.co\/et\/wp-json\/wp\/v2\/users\/2"}],"replies":[{"embeddable":true,"href":"https:\/\/net-food.iwn.co\/et\/wp-json\/wp\/v2\/comments?post=1233"}],"version-history":[{"count":12,"href":"https:\/\/net-food.iwn.co\/et\/wp-json\/wp\/v2\/pages\/1233\/revisions"}],"predecessor-version":[{"id":5118,"href":"https:\/\/net-food.iwn.co\/et\/wp-json\/wp\/v2\/pages\/1233\/revisions\/5118"}],"wp:attachment":[{"href":"https:\/\/net-food.iwn.co\/et\/wp-json\/wp\/v2\/media?parent=1233"}],"curies":[{"name":"wp","href":"https:\/\/api.w.org\/{rel}","templated":true}]}}