{"id":1231,"date":"2025-01-16T09:32:49","date_gmt":"2025-01-16T06:32:49","guid":{"rendered":"https:\/\/netfood.iwn.co\/kiirtestid\/patogeenitestit\/"},"modified":"2025-07-22T06:14:57","modified_gmt":"2025-07-22T06:14:57","slug":"patogeenide-kiirtestid","status":"publish","type":"page","link":"https:\/\/net-food.iwn.co\/et\/teenused-ja-tooted\/kiirtestid\/patogeenide-kiirtestid\/","title":{"rendered":"Patogeenide kiirtestid"},"content":{"rendered":"\n<section id=\"g-1j575j5\" class=\"wp-block-gutentor-m3 alignfull section-g-1j575j5 gutentor-module gutentor-container-cover\"><div class=\"grid-container\">\n<section id=\"g-9fw9ij3\" class=\"wp-block-gutentor-m4 section-g-9fw9ij3 gutentor-module gutentor-advanced-columns\"><div class=\"grid-container\"><div class=\"grid-row\">\n<div id=\"col-g-sw35wpg\" class=\"wp-block-gutentor-m4-col col-g-sw35wpg gutentor-single-column  grid-lg-12 grid-md-12 grid-12\"><div id=\"section-g-sw35wpg\" class=\"section-g-sw35wpg gutentor-col-wrap\">\n<p>Hygiena patogeenitestid kasutavad traditsioonilist mikrobioloogilist rikastustehnikat, kuid ei vaja spetsialiseeritud laborit \u2013 piisab v\u00e4ikesest termoblokist ja \u00fchest UV -lambist.<\/p>\n\n\n\n<div id=\"section-g-9vuz7ar\" class=\"wp-block-gutentor-e7 section-g-9vuz7ar gutentor-element gutentor-element-list\"><ul class=\"grid-row gutentor-grid-item-wrap list-indicator-icon\"><li class=\"gutentor-list-item grid-lg-12 grid-md-12 grid-12\"><span class=\"gutentor-single-item gutentor-single-item-0\"><span class=\"gutentor-list-item-wrap g-s-list-wrap\"><span class=\"gutentor-single-list-item-icon\"><i class=\"list-item-icon fas fa-arrow-right\"><\/i><\/span><span class=\"gutentor-list-item\"><p class=\"gutentor-single-item-title\">Tulemusi on kerge t\u00f5lgendada t\u00e4nu selgele v\u00e4rvusreaktsioonile<\/p><\/span><\/span><\/span><\/li><li class=\"gutentor-list-item grid-lg-12 grid-md-12 grid-12\"><span class=\"gutentor-single-item gutentor-single-item-1\"><span class=\"gutentor-list-item-wrap g-s-list-wrap\"><span class=\"gutentor-single-list-item-icon\"><i class=\"list-item-icon fas fa-arrow-right\"><\/i><\/span><span class=\"gutentor-list-item\"><p class=\"gutentor-single-item-title\">Positiivne tulemus on n\u00e4htav juba 24 tunni jooksul, negatiivne vastus 48 tunniga<\/p><\/span><\/span><\/span><\/li><li class=\"gutentor-list-item grid-lg-12 grid-md-12 grid-12\"><span class=\"gutentor-single-item gutentor-single-item-2\"><span class=\"gutentor-list-item-wrap g-s-list-wrap\"><span class=\"gutentor-single-list-item-icon\"><i class=\"list-item-icon fas fa-arrow-right\"><\/i><\/span><span class=\"gutentor-list-item\"><p class=\"gutentor-single-item-title\">Vajadusel saab positiivse testi saata laborisse t\u00fcpiseerimisele v\u00f5i t\u00e4iendavaks anal\u00fc\u00fcsiks<\/p><\/span><\/span><\/span><\/li><\/ul><\/div>\n\n\n\n<p>Testivalik:<\/p>\n\n\n\n<div id=\"section-g-9vuz7ar\" class=\"wp-block-gutentor-e7 section-g-9vuz7ar gutentor-element gutentor-element-list\"><ul class=\"grid-row gutentor-grid-item-wrap list-indicator-icon\"><li class=\"gutentor-list-item grid-lg-12 grid-md-12 grid-12\"><span class=\"gutentor-single-item gutentor-single-item-0\"><span class=\"gutentor-list-item-wrap g-s-list-wrap\"><span class=\"gutentor-single-list-item-icon\"><i class=\"list-item-icon fas fa-arrow-right\"><\/i><\/span><span class=\"gutentor-list-item\"><p class=\"gutentor-single-item-title\">InSite\u00ae <em>Listeria<\/em> (<em>Listeria<\/em> spp.)<\/p><\/span><\/span><\/span><\/li><li class=\"gutentor-list-item grid-lg-12 grid-md-12 grid-12\"><span class=\"gutentor-single-item gutentor-single-item-1\"><span class=\"gutentor-list-item-wrap g-s-list-wrap\"><span class=\"gutentor-single-list-item-icon\"><i class=\"list-item-icon fas fa-arrow-right\"><\/i><\/span><span class=\"gutentor-list-item\"><p class=\"gutentor-single-item-title\">InSite\u00ae <em>Listeria <\/em>mono Glo<em> (Listeria <\/em>monocytogenes)<\/p><\/span><\/span><\/span><\/li><li class=\"gutentor-list-item grid-lg-12 grid-md-12 grid-12\"><span class=\"gutentor-single-item gutentor-single-item-2\"><span class=\"gutentor-list-item-wrap g-s-list-wrap\"><span class=\"gutentor-single-list-item-icon\"><i class=\"list-item-icon fas fa-arrow-right\"><\/i><\/span><span class=\"gutentor-list-item\"><p class=\"gutentor-single-item-title\">InSite\u00ae <em>Salmonella<\/em><\/p><\/span><\/span><\/span><\/li><\/ul><\/div>\n\n\n\n<div id=\"section-g-xkswcvw\" class=\"wp-block-gutentor-e0 section-g-xkswcvw gutentor-element gutentor-element-advanced-text\"><div class=\"gutentor-text-wrap\"><p class=\"gutentor-text\">Testid pakuvad kulut\u00f5husat, kiiret ja paindlikku lahendust patogeenide seireks, v\u00f5imaldades olulist aja kokkuhoidu v\u00f5rreldes tavap\u00e4raste laboratoorsete meetoditega.<br><br><a href=\"https:\/\/net-food.iwn.co\/kusi-pakkumist\/?lang=et\" data-type=\"page\" data-id=\"388\">K\u00fcsi pakkumist<\/a><\/p><\/div><\/div>\n<\/div><\/div>\n<\/div><\/div><\/section>\n<\/div><\/section>\n\n\n\n<section id=\"g-o1ftywo\" class=\"wp-block-gutentor-m3 section-g-o1ftywo gutentor-module gutentor-container-cover\"><div class=\"grid-container\">\n<h2 class=\"wp-block-heading has-text-align-center has-global-color-10-color has-text-color has-link-color wp-elements-6e8c035215e24f2399134416053fb9cf\">Tootmine<\/h2>\n\n\n\n<div style=\"height:2em\" aria-hidden=\"true\" class=\"wp-block-spacer\"><\/div>\n\n\n\n<div class=\"alignnormal\"><div id=\"metaslider-id-1284\" style=\"width: 100%;\" class=\"ml-slider-3-107-0 metaslider metaslider-flex metaslider-1284 ml-slider has-carousel-mode ms-theme-default-base nav-hidden\" role=\"region\" aria-label=\"Patogeenitestit - eesti\" data-height=\"300\" data-width=\"300\">\n    <div id=\"metaslider_container_1284\">\n        <div id=\"metaslider_1284\">\n            <ul class='slides'>\n                <li style=\"display: none; width: 100%;\" class=\"slide-1285 ms-image \" aria-roledescription=\"slide\" data-date=\"2025-07-22 06:13:13\" data-filename=\"insitelmonoglo_tuotekuva.webp\" data-slide-type=\"image\"><a href=\"https:\/\/net-food.iwn.co\/et\/teenused-ja-tooted\/kiirtestid\/patogeenide-kiirtestid\/insite-listeria-mono-glo\/\" target=\"_self\" aria-label=\"View Slide Details\" class=\"metaslider_image_link\"><img loading=\"lazy\" decoding=\"async\" width=\"1000\" height=\"1000\" src=\"https:\/\/net-food.iwn.co\/wp-content\/uploads\/2025\/06\/insitelmonoglo_tuotekuva.webp\" class=\"slider-1284 slide-1285 msDefaultImage\" alt=\"Hygiena InSite L. mono Glo pikatesti -tuotekuva\" rel=\"\" title=\"insitelmonoglo_tuotekuva\" srcset=\"https:\/\/net-food.iwn.co\/wp-content\/uploads\/2025\/06\/insitelmonoglo_tuotekuva.webp 1000w, https:\/\/net-food.iwn.co\/wp-content\/uploads\/2025\/06\/insitelmonoglo_tuotekuva-300x300.webp 300w, https:\/\/net-food.iwn.co\/wp-content\/uploads\/2025\/06\/insitelmonoglo_tuotekuva-150x150.webp 150w, https:\/\/net-food.iwn.co\/wp-content\/uploads\/2025\/06\/insitelmonoglo_tuotekuva-768x768.webp 768w\" sizes=\"auto, (max-width: 1000px) 100vw, 1000px\" \/><\/a><\/li>\n                <li style=\"display: none; width: 100%;\" class=\"slide-1286 ms-image \" aria-roledescription=\"slide\" data-date=\"2025-07-22 06:13:13\" data-filename=\"insitelisteria_tuotekuva.webp\" data-slide-type=\"image\"><a href=\"https:\/\/net-food.iwn.co\/et\/teenused-ja-tooted\/kiirtestid\/patogeenide-kiirtestid\/insite-listeria\/\" target=\"_self\" aria-label=\"View Slide Details\" class=\"metaslider_image_link\"><img loading=\"lazy\" decoding=\"async\" width=\"1000\" height=\"1000\" src=\"https:\/\/net-food.iwn.co\/wp-content\/uploads\/2025\/06\/insitelisteria_tuotekuva.webp\" class=\"slider-1284 slide-1286 msDefaultImage\" alt=\"Hygiena InSite Listeria pikatesti -tuotekuva\" rel=\"\" title=\"insitelisteria_tuotekuva\" srcset=\"https:\/\/net-food.iwn.co\/wp-content\/uploads\/2025\/06\/insitelisteria_tuotekuva.webp 1000w, https:\/\/net-food.iwn.co\/wp-content\/uploads\/2025\/06\/insitelisteria_tuotekuva-300x300.webp 300w, https:\/\/net-food.iwn.co\/wp-content\/uploads\/2025\/06\/insitelisteria_tuotekuva-150x150.webp 150w, https:\/\/net-food.iwn.co\/wp-content\/uploads\/2025\/06\/insitelisteria_tuotekuva-768x768.webp 768w\" sizes=\"auto, (max-width: 1000px) 100vw, 1000px\" \/><\/a><\/li>\n                <li style=\"display: none; width: 100%;\" class=\"slide-1287 ms-image \" aria-roledescription=\"slide\" data-date=\"2025-07-22 06:13:13\" data-filename=\"insitesalmonella_tuotekuva.webp\" data-slide-type=\"image\"><a href=\"https:\/\/net-food.iwn.co\/et\/teenused-ja-tooted\/kiirtestid\/patogeenide-kiirtestid\/insite-salmonella\/\" target=\"_self\" aria-label=\"View Slide Details\" class=\"metaslider_image_link\"><img loading=\"lazy\" decoding=\"async\" width=\"1000\" height=\"1000\" src=\"https:\/\/net-food.iwn.co\/wp-content\/uploads\/2025\/06\/insitesalmonella_tuotekuva.webp\" class=\"slider-1284 slide-1287 msDefaultImage\" alt=\"Hygiena InSite Salmonella -tuotekuva\" rel=\"\" title=\"insitesalmonella_tuotekuva\" srcset=\"https:\/\/net-food.iwn.co\/wp-content\/uploads\/2025\/06\/insitesalmonella_tuotekuva.webp 1000w, https:\/\/net-food.iwn.co\/wp-content\/uploads\/2025\/06\/insitesalmonella_tuotekuva-300x300.webp 300w, https:\/\/net-food.iwn.co\/wp-content\/uploads\/2025\/06\/insitesalmonella_tuotekuva-150x150.webp 150w, https:\/\/net-food.iwn.co\/wp-content\/uploads\/2025\/06\/insitesalmonella_tuotekuva-768x768.webp 768w\" sizes=\"auto, (max-width: 1000px) 100vw, 1000px\" \/><\/a><\/li>\n            <\/ul>\n        <\/div>\n        \n    <\/div>\n<\/div><\/div>\n<\/div><\/section>\n","protected":false},"excerpt":{"rendered":"","protected":false},"author":2,"featured_media":0,"parent":1223,"menu_order":0,"comment_status":"closed","ping_status":"closed","template":"","meta":{"_acf_changed":false,"footnotes":""},"class_list":["post-1231","page","type-page","status-publish"],"acf":[],"_links":{"self":[{"href":"https:\/\/net-food.iwn.co\/et\/wp-json\/wp\/v2\/pages\/1231","targetHints":{"allow":["GET"]}}],"collection":[{"href":"https:\/\/net-food.iwn.co\/et\/wp-json\/wp\/v2\/pages"}],"about":[{"href":"https:\/\/net-food.iwn.co\/et\/wp-json\/wp\/v2\/types\/page"}],"author":[{"embeddable":true,"href":"https:\/\/net-food.iwn.co\/et\/wp-json\/wp\/v2\/users\/2"}],"replies":[{"embeddable":true,"href":"https:\/\/net-food.iwn.co\/et\/wp-json\/wp\/v2\/comments?post=1231"}],"version-history":[{"count":3,"href":"https:\/\/net-food.iwn.co\/et\/wp-json\/wp\/v2\/pages\/1231\/revisions"}],"predecessor-version":[{"id":1290,"href":"https:\/\/net-food.iwn.co\/et\/wp-json\/wp\/v2\/pages\/1231\/revisions\/1290"}],"up":[{"embeddable":true,"href":"https:\/\/net-food.iwn.co\/et\/wp-json\/wp\/v2\/pages\/1223"}],"wp:attachment":[{"href":"https:\/\/net-food.iwn.co\/et\/wp-json\/wp\/v2\/media?parent=1231"}],"curies":[{"name":"wp","href":"https:\/\/api.w.org\/{rel}","templated":true}]}}