{"id":1223,"date":"2025-01-16T09:29:37","date_gmt":"2025-01-16T06:29:37","guid":{"rendered":"https:\/\/netfood.iwn.co\/pikatestit\/"},"modified":"2025-10-15T10:30:19","modified_gmt":"2025-10-15T07:30:19","slug":"kiirtestid","status":"publish","type":"page","link":"https:\/\/net-food.iwn.co\/et\/teenused-ja-tooted\/kiirtestid\/","title":{"rendered":"Kiirtestid"},"content":{"rendered":"\n<section id=\"g-1j575j5\" class=\"wp-block-gutentor-m3 alignfull section-g-1j575j5 gutentor-module gutentor-container-cover\"><div class=\"grid-container\">\n<section id=\"g-9fw9ij3\" class=\"wp-block-gutentor-m4 section-g-9fw9ij3 gutentor-module gutentor-advanced-columns\"><div class=\"grid-container\"><div class=\"grid-row\">\n<div id=\"col-g-sw35wpg\" class=\"wp-block-gutentor-m4-col col-g-sw35wpg gutentor-single-column  grid-lg-12 grid-md-12 grid-12\"><div id=\"section-g-sw35wpg\" class=\"section-g-sw35wpg gutentor-col-wrap\">\n<div id=\"section-g-xkswcvw\" class=\"wp-block-gutentor-e0 section-g-xkswcvw gutentor-element gutentor-element-advanced-text\"><div class=\"gutentor-text-wrap\"><p class=\"gutentor-text\">Net-Foodlab Eesti O\u00dc pakub laia valikut kiirteste ja luminomeetreid pindade puhtuse ning allergeenij\u00e4\u00e4kide kiireks ja mitmek\u00fclgseks m\u00e4\u00e4ramiseks. Meie klientideks on toiduainet\u00f6\u00f6stused, suurk\u00f6\u00f6gid ja j\u00e4relvalveasutused, kelle jaoks on oluline saada usaldusv\u00e4\u00e4rseid tulemusi v\u00f5imalikult kiiresti. Luminomeetrid sobivad suurep\u00e4raselt ka h\u00fcgieenikontrolliks haiglates ja hooldekodudes, aidates tagada patsientide ohutust. Testimisi saavad h\u00f5lpsasti l\u00e4bi viia kohapealsed t\u00f6\u00f6tajad v\u00f5i ka lepingulised koristusteenuse pakkujad.&nbsp;<\/p><\/div><\/div>\n\n\n\n<div id=\"section-g-1b6cb6a\" class=\"wp-block-gutentor-e0 section-g-1b6cb6a gutentor-element gutentor-element-advanced-text\"><div class=\"gutentor-text-wrap\"><p class=\"gutentor-text\">Meie pikaajalisteks koost\u00f6\u00f6partneriteks on <a href=\"https:\/\/biosystems.global\/services\/food-beverage-analysis\" target=\"_blank\" rel=\"noopener\">Biosystems SA<\/a>., <a href=\"https:\/\/www.hygiena.com\/\" target=\"_blank\" rel=\"noopener\">Hygiena LLC<\/a>&#8211; rahvusvaheliselt tunnustatud tootjad.<\/p><\/div><\/div>\n<\/div><\/div>\n<\/div><\/div><\/section>\n<\/div><\/section>\n\n\n\n<section id=\"section-g-uu7ee2d\" class=\"wp-block-gutentor-image-box gutentor-section gutentor-image-wrapper imagebox-template1 front_services\"><div class=\"grid-container\"><div class=\"grid-row gutentor-grid-item-wrap\"><div class=\"gutentor-grid-column grid-lg-4 grid-md-4 grid-12\"><div class=\"gutentor-single-item gutentor-image gutentor-single-item-0 g-single-column-link-enabled\"><div class=\"gutentor-single-item-wrap\"><div class=\"gutentor-single-item-image-box\"><div class=\"gutentor-image-thumb\"><img loading=\"lazy\" decoding=\"async\" class=\"normal-image\" src=\"https:\/\/net-food.iwn.co\/wp-content\/uploads\/2025\/03\/pf-glutentox-pro-1.png\" alt=\"\" height=\"900\" width=\"1200\" \/><\/div><\/div><div class=\"gutentor-single-item-content\"><h3 class=\"gutentor-single-item-title\">Allergeenij\u00e4\u00e4kide<\/h3><\/div><\/div><a class=\"gutentor-single-item-box-link gutentor-link\" href=\"https:\/\/net-food.iwn.co\/et\/teenused-ja-tooted\/kiirtestid\/allergeenijaakide\/\"><\/a><\/div><\/div><div class=\"gutentor-grid-column grid-lg-4 grid-md-4 grid-12\"><div class=\"gutentor-single-item gutentor-image gutentor-single-item-1 g-single-column-link-enabled\"><div class=\"gutentor-single-item-wrap\"><div class=\"gutentor-single-item-image-box\"><div class=\"gutentor-image-thumb\"><img loading=\"lazy\" decoding=\"async\" class=\"normal-image\" src=\"https:\/\/net-food.iwn.co\/wp-content\/uploads\/2025\/03\/InSite_Salmonella.png\" alt=\"\" height=\"800\" width=\"1200\" \/><\/div><\/div><div class=\"gutentor-single-item-content\"><h3 class=\"gutentor-single-item-title\">Patogeenide kiirtestid<\/h3><\/div><\/div><a class=\"gutentor-single-item-box-link gutentor-link\" href=\"https:\/\/net-food.iwn.co\/et\/teenused-ja-tooted\/kiirtestid\/patogeenide-kiirtestid\/\" rel=\"noopener noreferrer\"><\/a><\/div><\/div><div class=\"gutentor-grid-column grid-lg-4 grid-md-4 grid-12\"><div class=\"gutentor-single-item gutentor-image gutentor-single-item-2 g-single-column-link-enabled\"><div class=\"gutentor-single-item-wrap\"><div class=\"gutentor-single-item-image-box\"><div class=\"gutentor-image-thumb\"><img loading=\"lazy\" decoding=\"async\" class=\"normal-image\" src=\"https:\/\/net-food.iwn.co\/wp-content\/uploads\/2025\/03\/medicheck.png\" alt=\"\" height=\"900\" width=\"1200\" \/><\/div><\/div><div class=\"gutentor-single-item-content\"><h3 class=\"gutentor-single-item-title\">Pinnapuhtuse testid<\/h3><\/div><\/div><a class=\"gutentor-single-item-box-link gutentor-link\" href=\"https:\/\/net-food.iwn.co\/et\/teenused-ja-tooted\/kiirtestid\/pinnapuhtuse-testid\/\"><\/a><\/div><\/div><div class=\"gutentor-grid-column grid-lg-4 grid-md-4 grid-12\"><div class=\"gutentor-single-item gutentor-image gutentor-single-item-3 g-single-column-link-enabled\"><div class=\"gutentor-single-item-wrap\"><div class=\"gutentor-single-item-image-box\"><div class=\"gutentor-image-thumb\"><img loading=\"lazy\" decoding=\"async\" class=\"normal-image\" src=\"https:\/\/net-food.iwn.co\/wp-content\/uploads\/2025\/03\/SystemSURE_Plus.png\" alt=\"\" height=\"2577\" width=\"1200\" \/><\/div><\/div><div class=\"gutentor-single-item-content\"><h3 class=\"gutentor-single-item-title\">Luminomeetrid<\/h3><\/div><\/div><a class=\"gutentor-single-item-box-link gutentor-link\" href=\"https:\/\/net-food.iwn.co\/et\/teenused-ja-tooted\/kiirtestid\/luminomeetrid\/\"><\/a><\/div><\/div><div class=\"gutentor-grid-column grid-lg-4 grid-md-4 grid-12\"><div class=\"gutentor-single-item gutentor-image gutentor-single-item-4 g-single-column-link-enabled\"><div class=\"gutentor-single-item-wrap\"><div class=\"gutentor-single-item-image-box\"><div class=\"gutentor-image-thumb\"><img loading=\"lazy\" decoding=\"async\" class=\"normal-image\" src=\"https:\/\/net-food.iwn.co\/wp-content\/uploads\/2025\/01\/post-pic.jpg\" alt=\"\" height=\"314\" width=\"834\" \/><\/div><\/div><div class=\"gutentor-single-item-content\"><h3 class=\"gutentor-single-item-title\">hygifood\u00ae ATP -teenus<\/h3><\/div><\/div><a class=\"gutentor-single-item-box-link gutentor-link\" href=\"https:\/\/net-food.iwn.co\/et\/teenused-ja-tooted\/kiirtestid\/hygifood-atp-teenus\/\"><\/a><\/div><\/div><\/div><\/div><\/section>\n","protected":false},"excerpt":{"rendered":"","protected":false},"author":2,"featured_media":0,"parent":1404,"menu_order":0,"comment_status":"closed","ping_status":"closed","template":"","meta":{"_acf_changed":false,"footnotes":""},"class_list":["post-1223","page","type-page","status-publish"],"acf":[],"_links":{"self":[{"href":"https:\/\/net-food.iwn.co\/et\/wp-json\/wp\/v2\/pages\/1223","targetHints":{"allow":["GET"]}}],"collection":[{"href":"https:\/\/net-food.iwn.co\/et\/wp-json\/wp\/v2\/pages"}],"about":[{"href":"https:\/\/net-food.iwn.co\/et\/wp-json\/wp\/v2\/types\/page"}],"author":[{"embeddable":true,"href":"https:\/\/net-food.iwn.co\/et\/wp-json\/wp\/v2\/users\/2"}],"replies":[{"embeddable":true,"href":"https:\/\/net-food.iwn.co\/et\/wp-json\/wp\/v2\/comments?post=1223"}],"version-history":[{"count":12,"href":"https:\/\/net-food.iwn.co\/et\/wp-json\/wp\/v2\/pages\/1223\/revisions"}],"predecessor-version":[{"id":4003,"href":"https:\/\/net-food.iwn.co\/et\/wp-json\/wp\/v2\/pages\/1223\/revisions\/4003"}],"up":[{"embeddable":true,"href":"https:\/\/net-food.iwn.co\/et\/wp-json\/wp\/v2\/pages\/1404"}],"wp:attachment":[{"href":"https:\/\/net-food.iwn.co\/et\/wp-json\/wp\/v2\/media?parent=1223"}],"curies":[{"name":"wp","href":"https:\/\/api.w.org\/{rel}","templated":true}]}}