{"id":1219,"date":"2025-07-21T10:52:50","date_gmt":"2025-07-21T07:52:50","guid":{"rendered":"https:\/\/netfood.iwn.co\/ohjeet-naytteenottoon\/"},"modified":"2025-07-22T07:03:25","modified_gmt":"2025-07-22T07:03:25","slug":"proovide-votmise-juhend","status":"publish","type":"page","link":"https:\/\/net-food.iwn.co\/et\/proovide-votmise-juhend\/","title":{"rendered":"Proovide v\u00f5tmise juhend"},"content":{"rendered":"\n<p><strong>1. PROOVIDE V\u00d5TMISE PLANEERIMINE<\/strong><\/p>\n\n\n\n<p>Kui vajad abi toiduaine, vee v\u00f5i pinnaproovi v\u00f5tmise kavandamisel, anname meeledi n\u00f5u sobivate anal\u00fc\u00fcside valimisel, proovide v\u00f5tmisel ja saatmisel. Hoolikas planeerimine tagab proovi s\u00e4ilimise uuringute alguseni anal\u00fc\u00fcsik\u00f5lbulikuna.<\/p>\n\n\n\n<p><strong>2. VAJALIKUD PROOVIV\u00d5TUVAHENDID<\/strong><\/p>\n\n\n\n<p>Soovitav on kasutada spetsiaalseid prooviv\u00f5tuvahendeid ja -n\u00f5usid. Neid on v\u00f5imalik tellida meie labori kaudu: +372 567 022 10<\/p>\n\n\n\n<p><strong>3. PROOVIDE V\u00d5TMINE JA TELLIMUSLEHE T\u00c4ITMINE<\/strong><\/p>\n\n\n\n<p>V\u00f5ta proov vastavalt prooviv\u00f5tujuhendile ja t\u00e4ida tellimusleht. Kui tellimuslehe t\u00e4itmisel tekib k\u00fcsimusi aitame sind meeleldi tel. +372 562 307 24<\/p>\n\n\n\n<p>V\u00f5id tellida meilt ka prooviv\u00f5tmise teenuse tel. +372 567 022 10<\/p>\n\n\n\n<p><strong>4. PROOVIDE TOOMINE V\u00d5I SAATMINE LABORISSE<\/strong><\/p>\n\n\n\n<p>Anna teada proovide saatmisest laborisse <a href=\"mailto:labor@netfood.fi\">labor@netfood.fi<\/a> v\u00e4hemalt kaks \u00f6\u00f6p\u00e4eva enne nende saabumist. Sellega kindlustad et proovid v\u00f5etakse t\u00f6\u00f6sse v\u00f5imalikult kiiresti.<\/p>\n","protected":false},"excerpt":{"rendered":"<p>1. PROOVIDE V\u00d5TMISE PLANEERIMINE Kui vajad abi toiduaine, vee v\u00f5i pinnaproovi v\u00f5tmise kavandamisel, anname meeledi n\u00f5u sobivate anal\u00fc\u00fcside valimisel, proovide v\u00f5tmisel ja saatmisel. Hoolikas planeerimine tagab proovi s\u00e4ilimise uuringute alguseni anal\u00fc\u00fcsik\u00f5lbulikuna. 2. VAJALIKUD PROOVIV\u00d5TUVAHENDID Soovitav on kasutada spetsiaalseid prooviv\u00f5tuvahendeid ja -n\u00f5usid. Neid on v\u00f5imalik tellida meie labori kaudu: +372 567 022 10 3. PROOVIDE V\u00d5TMINE &#8230; <a title=\"Proovide v\u00f5tmise juhend\" class=\"read-more\" href=\"https:\/\/net-food.iwn.co\/et\/proovide-votmise-juhend\/\" aria-label=\"Read more about Proovide v\u00f5tmise juhend\">Lue lis\u00e4\u00e4<\/a><\/p>\n","protected":false},"author":2,"featured_media":0,"parent":0,"menu_order":0,"comment_status":"closed","ping_status":"closed","template":"","meta":{"_acf_changed":false,"footnotes":""},"class_list":["post-1219","page","type-page","status-publish"],"acf":[],"_links":{"self":[{"href":"https:\/\/net-food.iwn.co\/et\/wp-json\/wp\/v2\/pages\/1219","targetHints":{"allow":["GET"]}}],"collection":[{"href":"https:\/\/net-food.iwn.co\/et\/wp-json\/wp\/v2\/pages"}],"about":[{"href":"https:\/\/net-food.iwn.co\/et\/wp-json\/wp\/v2\/types\/page"}],"author":[{"embeddable":true,"href":"https:\/\/net-food.iwn.co\/et\/wp-json\/wp\/v2\/users\/2"}],"replies":[{"embeddable":true,"href":"https:\/\/net-food.iwn.co\/et\/wp-json\/wp\/v2\/comments?post=1219"}],"version-history":[{"count":2,"href":"https:\/\/net-food.iwn.co\/et\/wp-json\/wp\/v2\/pages\/1219\/revisions"}],"predecessor-version":[{"id":1442,"href":"https:\/\/net-food.iwn.co\/et\/wp-json\/wp\/v2\/pages\/1219\/revisions\/1442"}],"wp:attachment":[{"href":"https:\/\/net-food.iwn.co\/et\/wp-json\/wp\/v2\/media?parent=1219"}],"curies":[{"name":"wp","href":"https:\/\/api.w.org\/{rel}","templated":true}]}}