{"id":1217,"date":"2025-01-14T12:16:36","date_gmt":"2025-01-14T09:16:36","guid":{"rendered":"https:\/\/netfood.iwn.co\/ohjeet-ja-lomakkeet\/"},"modified":"2026-04-10T13:58:24","modified_gmt":"2026-04-10T10:58:24","slug":"proovide-saatmine","status":"publish","type":"page","link":"https:\/\/net-food.iwn.co\/et\/proovide-saatmine\/","title":{"rendered":"Proovide saatmine"},"content":{"rendered":"\n<section id=\"g-1j575j5\" class=\"wp-block-gutentor-m3 alignfull section-g-1j575j5 gutentor-module gutentor-container-cover\"><div class=\"grid-container\">\n<section id=\"g-9fw9ij3\" class=\"wp-block-gutentor-m4 section-g-9fw9ij3 gutentor-module gutentor-advanced-columns\"><div class=\"grid-container\"><div class=\"grid-row\">\n<div id=\"col-g-sw35wpg\" class=\"wp-block-gutentor-m4-col col-g-sw35wpg gutentor-single-column  grid-lg-12 grid-md-12 grid-12\"><div id=\"section-g-sw35wpg\" class=\"section-g-sw35wpg gutentor-col-wrap\">\n<p><strong>Proovide vastuv\u00f5tt esmasp\u00e4ev-reede 8.00-15.00<\/strong><\/p>\n\n\n\n<p>Net-Foodlab Eesti O\u00dc<br>Betooni 6\/2<br>13816, Tallinn<\/p>\n\n\n\n<p>Enne proovide v\u00f5tmist tutvu allpool olevate prooviv\u00f5tu juhenditega ja v\u00f5ta vajadusel meiega \u00fchendust <a href=\"mailto:kontor@netfood.fi\">kontor@netfood.fi<\/a><\/p>\n\n\n\n<p>Info proovide toomise ja planeerimise kohta<br>+372 5623 0724<\/p>\n\n\n\n<p>Info proovide v\u00f5tmise kohta<br>+372 5670 2210<\/p>\n\n\n\n<p>Anal\u00fc\u00fcsi tellimuslehe saad alla laadida siit<\/p>\n\n\n\n<div id=\"section-g-ymcyavb\" class=\"wp-block-gutentor-e2 section-g-ymcyavb gutentor-element gutentor-element-button\"><span class=\"gutentor-button-wrap\"><a class=\"gutentor-button gutentor-block-button gutentor-icon-hide\" href=\"https:\/\/net-food.iwn.co\/wp-content\/uploads\/2026\/04\/Analuusi-tellimus.pdf\" target=\"_blank\" rel=\" noopener noreferrer\"><i class=\"gutentor-button-icon fas fa-book\"><\/i><span>Anal\u00fc\u00fcsi tellimus<\/span><\/a><\/span><\/div>\n\n\n\n<div id=\"section-g-1oc1v1p\" class=\"wp-block-gutentor-e2 section-g-1oc1v1p gutentor-element gutentor-element-button\"><span class=\"gutentor-button-wrap\"><a class=\"gutentor-button gutentor-block-button gutentor-icon-hide\" href=\"https:\/\/net-food.iwn.co\/et\/proovide-votmise-juhend\/?lang=et\" target=\"_blank\" rel=\" noopener noreferrer\"><i class=\"gutentor-button-icon fas fa-book\"><\/i><span>Proovide v\u00f5tmise juhend<\/span><\/a><\/span><\/div>\n<\/div><\/div>\n<\/div><\/div><\/section>\n<\/div><\/section>\n","protected":false},"excerpt":{"rendered":"","protected":false},"author":2,"featured_media":0,"parent":0,"menu_order":0,"comment_status":"closed","ping_status":"closed","template":"","meta":{"_acf_changed":false,"footnotes":""},"class_list":["post-1217","page","type-page","status-publish"],"acf":[],"_links":{"self":[{"href":"https:\/\/net-food.iwn.co\/et\/wp-json\/wp\/v2\/pages\/1217","targetHints":{"allow":["GET"]}}],"collection":[{"href":"https:\/\/net-food.iwn.co\/et\/wp-json\/wp\/v2\/pages"}],"about":[{"href":"https:\/\/net-food.iwn.co\/et\/wp-json\/wp\/v2\/types\/page"}],"author":[{"embeddable":true,"href":"https:\/\/net-food.iwn.co\/et\/wp-json\/wp\/v2\/users\/2"}],"replies":[{"embeddable":true,"href":"https:\/\/net-food.iwn.co\/et\/wp-json\/wp\/v2\/comments?post=1217"}],"version-history":[{"count":18,"href":"https:\/\/net-food.iwn.co\/et\/wp-json\/wp\/v2\/pages\/1217\/revisions"}],"predecessor-version":[{"id":5136,"href":"https:\/\/net-food.iwn.co\/et\/wp-json\/wp\/v2\/pages\/1217\/revisions\/5136"}],"wp:attachment":[{"href":"https:\/\/net-food.iwn.co\/et\/wp-json\/wp\/v2\/media?parent=1217"}],"curies":[{"name":"wp","href":"https:\/\/api.w.org\/{rel}","templated":true}]}}