{"id":1210,"date":"2025-01-14T12:10:18","date_gmt":"2025-01-14T09:10:18","guid":{"rendered":"https:\/\/netfood.iwn.co\/laboratorio\/"},"modified":"2025-07-22T05:28:40","modified_gmt":"2025-07-22T05:28:40","slug":"laboratoorium","status":"publish","type":"page","link":"https:\/\/net-food.iwn.co\/et\/teenused-ja-tooted\/laboratoorium\/","title":{"rendered":"Laboratoorium"},"content":{"rendered":"\n<section id=\"g-1j575j5\" class=\"wp-block-gutentor-m3 alignfull section-g-1j575j5 gutentor-module gutentor-container-cover\"><div class=\"grid-container\">\n<section id=\"g-9fw9ij3\" class=\"wp-block-gutentor-m4 section-g-9fw9ij3 gutentor-module gutentor-advanced-columns\"><div class=\"grid-container\"><div class=\"grid-row\">\n<div id=\"col-g-sw35wpg\" class=\"wp-block-gutentor-m4-col col-g-sw35wpg gutentor-single-column  grid-lg-7 grid-md-8 grid-12\"><div id=\"section-g-sw35wpg\" class=\"section-g-sw35wpg gutentor-col-wrap\">\n<div id=\"section-g-x6o616q\" class=\"wp-block-gutentor-e0 section-g-x6o616q gutentor-element gutentor-element-advanced-text\"><div class=\"gutentor-text-wrap\"><p class=\"gutentor-text\">Net-Foodalb OY labor on olnud toiduainet\u00f6\u00f6stuse usaldusv\u00e4\u00e4rne koost\u00f6\u00f6partner alates 1997. aastast. Rohkem kui 20 aastat <em>akrediteeritud laborina tegutsemise kogemust<\/em>* koos tugeva allhankev\u00f5rgustikuga v\u00f5imaldab meil pakkuda laiap\u00f5hjalisi anal\u00fc\u00fcsiteenuseid peaaegu k\u00f5ikidele toiduainet\u00f6\u00f6stuse valdkondadele.<br><br>T\u00e4nu meie p\u00e4devusele kvaliteedijuhtimise alal tunneme s\u00fcvitsi toidusektori anal\u00fc\u00fcsi vajadusi. Sellele teadmisele tuginedes oleme loonud terviklahendused, mis h\u00f5lmavad:<\/p><\/div><\/div>\n\n\n\n<ul class=\"wp-block-list\">\n<li>mikrobioloogilisi ja keemilisi uuringuid<\/li>\n\n\n\n<li>allergeenij\u00e4\u00e4kide m\u00e4\u00e4ramist<\/li>\n\n\n\n<li>pindade h\u00fcgieeniuuringuid<\/li>\n\n\n\n<li>laboriteenustega seotud tugiteenuseid (nt prooviv\u00f5tuplaanide koostamine ja tulemuste t\u00f5lgendamine )<\/li>\n<\/ul>\n\n\n\n<p>Meie teenused katavad kogu anal\u00fc\u00fcsiahela \u2013 planeerimisest tulemuste praktilise rakendamiseni. Selline teenuse \u00fclesehitus on ainulaadne ja meie poole v\u00f5id p\u00f6\u00f6rduda iga oma anal\u00fc\u00fcsivajadusega.<\/p>\n<\/div><\/div>\n\n\n\n<div id=\"col-g-fyphjyf\" class=\"wp-block-gutentor-m4-col col-g-fyphjyf gutentor-single-column  grid-lg-5 grid-md-4 grid-12\"><div id=\"section-g-fyphjyf\" class=\"section-g-fyphjyf gutentor-col-wrap\">\n<div id=\"section-g-t1w14nf\" class=\"wp-block-gutentor-e6 section-g-t1w14nf gutentor-element gutentor-element-image\"><div class=\"gutentor-element-image-box\"><div class=\"gutentor-image-thumb\"><img decoding=\"async\" class=\"normal-image\" src=\"https:\/\/net-food.iwn.co\/wp-content\/uploads\/2025\/06\/laboratorio_kuva1.webp\" \/><\/div><\/div><\/div>\n<\/div><\/div>\n<\/div><\/div><\/section>\n\n\n\n<section id=\"g-8oqnyb8\" class=\"wp-block-gutentor-m4 section-g-8oqnyb8 gutentor-module gutentor-advanced-columns\"><div class=\"grid-container\"><div class=\"grid-row\">\n<div id=\"col-g-o77or2o\" class=\"wp-block-gutentor-m4-col col-g-o77or2o gutentor-single-column  grid-lg-12 grid-md-12 grid-12\"><div id=\"section-g-o77or2o\" class=\"section-g-o77or2o gutentor-col-wrap\">\n<p>Mikrobioloogilised ja keemilised anal\u00fc\u00fcsimeetodid katavad praktiliselt k\u00f5ik toidut\u00f6\u00f6stuse ja suurk\u00f6\u00f6kide anal\u00fc\u00fcsivajadused. P\u00e4devus mikrobioloogias, toidukeemias ja tootmiskeskkonna hindamises tagab, et kliendid saavad just sellist infot, mis on oluline nende t\u00f6\u00f6protsesside juhtimiseks ja t\u00e4iustamiseks.<\/p>\n\n\n\n<p>Teostame oma laboris allergeenij\u00e4\u00e4kide uuringuid (v\u00e4heste eranditega), mis tagab tulemuste kiiruse ja kindla kvaliteedi. Kasutame akrediteeritud ja valideeritud meetodeid, mist\u00f5ttu on tulemuste usaldusv\u00e4\u00e4rsus tagatud.<\/p>\n\n\n\n<p>Nat-Foodlab OY `l on 25 aastat kogemust&nbsp; pindade puhtuse anal\u00fc\u00fcsi teostamisel<\/p>\n\n\n\n<p>Teostame:<\/p>\n\n\n\n<ul class=\"wp-block-list\">\n<li>ATP-m\u00f5\u00f5tmiseid,<\/li>\n\n\n\n<li>klassikalisi mikrobioloogilisi uuringuid erinevate prooviv\u00f5tutehnikatega,<\/li>\n\n\n\n<li>pesuainete ja kemikaalij\u00e4\u00e4kide m\u00e4\u00e4ramist.<\/li>\n<\/ul>\n\n\n\n<p>Kui sa ei soovi ise oma anal\u00fc\u00fcsipaketti kokku panna, v\u00f5id kasutada meie valmispakette, mis p\u00f5hinevad toiduainet\u00f6\u00f6stuse ja suurk\u00f6\u00f6kide vajadustel ja seadusandlusel. Lihtne kasutada: vali tootegrupp ja soovitud anal\u00fc\u00fcsisagedus \u2013 ning k\u00f5ik muu on meie poolt korraldatud.<\/p>\n\n\n\n<p>Lisaks pakume j\u00e4rgmiseid tugiteenuseid:<\/p>\n\n\n\n<ul class=\"wp-block-list\">\n<li>prooviv\u00f5tuplaanide koostamine<\/li>\n\n\n\n<li>laboritulemuste hindamine ja nendest l\u00e4htuv arendustegevus<\/li>\n\n\n\n<li>siselabori kvaliteedik\u00e4siraamatu koostamine<\/li>\n<\/ul>\n\n\n\n<p>Meie kvaliteedijuhtimise kogemus v\u00f5imaldab pakkuda teenuseid, mis \u00fcletavad tavap\u00e4rast laborites pakutavat.<br>\u00a0<br>Oleme ettev\u00f5te ,kes l\u00e4htub oma klientide vajadustest. Me ei kuulu \u00fchtegi rahvusvahelisse kontserni ega ole osa avaliku sektori struktuurist. Meile on t\u00e4htsad vaid rahulolevad kliendid \u2013 ja see peegeldub ka meie teeninduses. Meie jaoks ei ole kliendid kunagi lihtsalt \u201emass\u201c.<br><br>Usalda meid, nagu on teinud paljud toiduainet\u00f6\u00f6stuse ettev\u00f5tted ja laborid juba rohkem kui 20 aastat.<br>V\u00f5ta meiega \u00fchendust t\u00e4na ja loome koos t\u00e4pselt sinu vajadustele vastava anal\u00fc\u00fcsi- ja aruandluslahenduse!<br><br>*Net-Foodlab Oy labor on FINAS-i akrediteeritud katselabor T205, vastavuses standardiga SFS-EN ISO\/IEC 17025. Teave akrediteeritud p\u00e4devusala ja tegevuskohtade kohta on k\u00e4ttesaadav veebilehel <a href=\"https:\/\/www.finas.fi\/\" target=\"_blank\" rel=\"noopener\">www.finas.fi<\/a>.<\/p>\n<\/div><\/div>\n<\/div><\/div><\/section>\n<\/div><\/section>\n","protected":false},"excerpt":{"rendered":"","protected":false},"author":2,"featured_media":0,"parent":1404,"menu_order":0,"comment_status":"closed","ping_status":"closed","template":"","meta":{"_acf_changed":false,"footnotes":""},"class_list":["post-1210","page","type-page","status-publish"],"acf":[],"_links":{"self":[{"href":"https:\/\/net-food.iwn.co\/et\/wp-json\/wp\/v2\/pages\/1210","targetHints":{"allow":["GET"]}}],"collection":[{"href":"https:\/\/net-food.iwn.co\/et\/wp-json\/wp\/v2\/pages"}],"about":[{"href":"https:\/\/net-food.iwn.co\/et\/wp-json\/wp\/v2\/types\/page"}],"author":[{"embeddable":true,"href":"https:\/\/net-food.iwn.co\/et\/wp-json\/wp\/v2\/users\/2"}],"replies":[{"embeddable":true,"href":"https:\/\/net-food.iwn.co\/et\/wp-json\/wp\/v2\/comments?post=1210"}],"version-history":[{"count":1,"href":"https:\/\/net-food.iwn.co\/et\/wp-json\/wp\/v2\/pages\/1210\/revisions"}],"predecessor-version":[{"id":1212,"href":"https:\/\/net-food.iwn.co\/et\/wp-json\/wp\/v2\/pages\/1210\/revisions\/1212"}],"up":[{"embeddable":true,"href":"https:\/\/net-food.iwn.co\/et\/wp-json\/wp\/v2\/pages\/1404"}],"wp:attachment":[{"href":"https:\/\/net-food.iwn.co\/et\/wp-json\/wp\/v2\/media?parent=1210"}],"curies":[{"name":"wp","href":"https:\/\/api.w.org\/{rel}","templated":true}]}}