{"id":3609,"date":"2025-01-16T08:42:31","date_gmt":"2025-01-16T05:42:31","guid":{"rendered":"https:\/\/www.netfood.fi\/food-safety\/quality-support-services\/"},"modified":"2025-10-14T08:54:16","modified_gmt":"2025-10-14T05:54:16","slug":"quality-support-services","status":"publish","type":"page","link":"https:\/\/net-food.iwn.co\/en\/food-safety\/quality-support-services\/","title":{"rendered":"Quality support services"},"content":{"rendered":"\n<section id=\"g-for66bt\" class=\"wp-block-gutentor-m3 alignfull section-g-for66bt gutentor-module gutentor-container-cover\"><div class=\"grid-container\">\n<section id=\"g-dxe1jz7\" class=\"wp-block-gutentor-m4 section-g-dxe1jz7 gutentor-module gutentor-advanced-columns\"><div class=\"grid-container\"><div class=\"grid-row\">\n<div id=\"col-g-4ul0nnl\" class=\"wp-block-gutentor-m4-col col-g-4ul0nnl gutentor-single-column  grid-lg-12 grid-md-12 grid-12\"><div id=\"section-g-4ul0nnl\" class=\"section-g-4ul0nnl gutentor-col-wrap\">\n<div id=\"section-g-71lazo9\" class=\"wp-block-gutentor-e0 section-g-71lazo9 gutentor-element gutentor-element-advanced-text\"><div class=\"gutentor-text-wrap\"><p class=\"gutentor-text\">Net-Foodlab Oy provides food safety support services such as documentation management, culture measurement and nonconformity management. Services are tailored to your needs and are available to all our customers <\/p><\/div><\/div>\n<\/div><\/div>\n<\/div><\/div><\/section>\n<\/div><\/section>\n\n\n\n<section id=\"g-s0mo01y\" class=\"wp-block-gutentor-m3 section-g-s0mo01y gutentor-module gutentor-container-cover\"><div class=\"grid-container\">\n<section id=\"g-b2ae88a\" class=\"wp-block-gutentor-m4 section-g-b2ae88a gutentor-module gutentor-advanced-columns\"><div class=\"grid-container\"><div class=\"grid-row\">\n<div id=\"col-g-uu2z3zn\" class=\"wp-block-gutentor-m4-col col-g-uu2z3zn gutentor-single-column  grid-lg-12 grid-md-12 grid-12\"><div id=\"section-g-uu2z3zn\" class=\"section-g-uu2z3zn gutentor-col-wrap\">\n<div id=\"section-g-20y5hyt\" class=\"wp-block-gutentor-e0 section-g-20y5hyt gutentor-element gutentor-element-advanced-text text-align-center-desktop text-align-center-tablet text-align-center-mobile\"><div class=\"gutentor-text-wrap\"><h1 class=\"gutentor-text\">Our support service<\/h1><\/div><\/div>\n<\/div><\/div>\n<\/div><\/div><\/section>\n<\/div><\/section>\n\n\n\n<section id=\"g-y63413i\" class=\"wp-block-gutentor-m3 alignfull section-g-y63413i gutentor-module gutentor-container-cover\"><div class=\"grid-container\">\n<section id=\"g-ar5yyry\" class=\"wp-block-gutentor-m4 section-g-ar5yyry gutentor-module gutentor-advanced-columns ordered-columns\"><div class=\"grid-container\"><div class=\"grid-row\">\n<div id=\"col-g-by5yqfs\" class=\"wp-block-gutentor-m4-col col-g-by5yqfs gutentor-single-column  grid-lg-6 grid-md-12 grid-12 ordered-left\"><div id=\"section-g-by5yqfs\" class=\"section-g-by5yqfs gutentor-col-wrap\">\n<div id=\"section-g-z53vqqq\" class=\"wp-block-gutentor-e0 section-g-z53vqqq gutentor-element gutentor-element-advanced-text\"><div class=\"gutentor-text-wrap\"><h2 class=\"gutentor-text\">netfood\u00ae Q-Space<\/h2><\/div><\/div>\n\n\n\n<div id=\"section-g-1kwdtjx\" class=\"wp-block-gutentor-e0 section-g-1kwdtjx gutentor-element gutentor-element-advanced-text\"><div class=\"gutentor-text-wrap\"><p class=\"gutentor-text\">netfood\u00ae Q-Space is Net-Foodlab&#8217;s cloud service for managing quality documentation. It includes platform, user management, documentation, training and maintenance <br><br>The service includes versioning, editing history, graph tools and attachments. Q-Space enhances quality management and facilitates audits. <\/p><\/div><\/div>\n\n\n\n<div id=\"section-g-u1lluew\" class=\"wp-block-gutentor-e2 section-g-u1lluew gutentor-element gutentor-element-button\"><span class=\"gutentor-button-wrap\"><a class=\"gutentor-button gutentor-block-button gutentor-icon-hide\" href=\"https:\/\/net-food.iwn.co\/en\/food-safety\/quality-support-services\/netfood-q-space\/\"><i class=\"gutentor-button-icon fas fa-book\"><\/i><span>Read more<\/span><\/a><\/span><\/div>\n<\/div><\/div>\n\n\n\n<div id=\"col-g-aetrepe\" class=\"wp-block-gutentor-m4-col col-g-aetrepe gutentor-single-column  grid-lg-6 grid-md-12 grid-12 ordered-right\"><div id=\"section-g-aetrepe\" class=\"section-g-aetrepe gutentor-col-wrap\">\n<div id=\"section-g-v2e10ss\" class=\"wp-block-gutentor-e6 section-g-v2e10ss gutentor-element gutentor-element-image\"><div class=\"gutentor-element-image-box\"><div class=\"gutentor-image-thumb\"><img decoding=\"async\" class=\"normal-image\" src=\"https:\/\/net-food.iwn.co\/wp-content\/uploads\/2025\/06\/q-space_kuva.webp\" \/><\/div><\/div><\/div>\n<\/div><\/div>\n<\/div><\/div><\/section>\n<\/div><\/section>\n\n\n\n<section id=\"g-7ogu7a4\" class=\"wp-block-gutentor-m3 alignfull section-g-7ogu7a4 gutentor-module gutentor-container-cover\"><div class=\"grid-container\">\n<section id=\"g-2sy1nd5\" class=\"wp-block-gutentor-m4 section-g-2sy1nd5 gutentor-module gutentor-advanced-columns\"><div class=\"grid-container\"><div class=\"grid-row\">\n<div id=\"col-g-lt3fnmt\" class=\"wp-block-gutentor-m4-col col-g-lt3fnmt gutentor-single-column  grid-lg-6 grid-md-12 grid-12\"><div id=\"section-g-lt3fnmt\" class=\"section-g-lt3fnmt gutentor-col-wrap\">\n<div id=\"section-g-i11mwa1\" class=\"wp-block-gutentor-e6 section-g-i11mwa1 gutentor-element gutentor-element-image\"><div class=\"gutentor-element-image-box\"><div class=\"gutentor-image-thumb\"><img decoding=\"async\" class=\"normal-image\" src=\"https:\/\/net-food.iwn.co\/wp-content\/uploads\/2025\/06\/kulttuurikysely_kuva.webp\" \/><\/div><\/div><\/div>\n<\/div><\/div>\n\n\n\n<div id=\"col-g-fyybyuf\" class=\"wp-block-gutentor-m4-col col-g-fyybyuf gutentor-single-column  grid-lg-6 grid-md-12 grid-12 padded-column\"><div id=\"section-g-fyybyuf\" class=\"section-g-fyybyuf gutentor-col-wrap\">\n<div id=\"section-g-dkmlskl\" class=\"wp-block-gutentor-e0 section-g-dkmlskl gutentor-element gutentor-element-advanced-text\"><div class=\"gutentor-text-wrap\"><h2 class=\"gutentor-text\">netfood\u00ae Culture survey<\/h2><\/div><\/div>\n\n\n\n<div id=\"section-g-2eeeqev\" class=\"wp-block-gutentor-e0 section-g-2eeeqev gutentor-element gutentor-element-advanced-text\"><div class=\"gutentor-text-wrap\"><p class=\"gutentor-text\">Measure and develop your company&#8217;s food safety culture with the netfood\u00ae Culture Survey. The service includes the design, implementation, analysis and, if necessary, development of a development plan together with the client company. <\/p><\/div><\/div>\n\n\n\n<div id=\"section-g-6taxm8e\" class=\"wp-block-gutentor-e2 section-g-6taxm8e gutentor-element gutentor-element-button\"><span class=\"gutentor-button-wrap\"><a class=\"gutentor-button gutentor-block-button gutentor-icon-hide\" href=\"https:\/\/net-food.iwn.co\/en\/food-safety\/quality-support-services\/netfood-culture-survey\/\"><i class=\"gutentor-button-icon fas fa-book\"><\/i><span>Read more<\/span><\/a><\/span><\/div>\n<\/div><\/div>\n<\/div><\/div><\/section>\n<\/div><\/section>\n\n\n\n<section id=\"g-afew431\" class=\"wp-block-gutentor-m3 alignfull section-g-afew431 gutentor-module gutentor-container-cover\"><div class=\"grid-container\">\n<section id=\"g-4j3vk3f\" class=\"wp-block-gutentor-m4 section-g-4j3vk3f gutentor-module gutentor-advanced-columns ordered-columns\"><div class=\"grid-container\"><div class=\"grid-row\">\n<div id=\"col-g-7wr7od7\" class=\"wp-block-gutentor-m4-col col-g-7wr7od7 gutentor-single-column  grid-lg-6 grid-md-12 grid-12 ordered-left\"><div id=\"section-g-7wr7od7\" class=\"section-g-7wr7od7 gutentor-col-wrap\">\n<div id=\"section-g-x5o21jk\" class=\"wp-block-gutentor-e0 section-g-x5o21jk gutentor-element gutentor-element-advanced-text\"><div class=\"gutentor-text-wrap\"><h2 class=\"gutentor-text\">Validation of clean-ups<\/h2><\/div><\/div>\n\n\n\n<div id=\"section-g-vz8swg0\" class=\"wp-block-gutentor-e0 section-g-vz8swg0 gutentor-element gutentor-element-advanced-text\"><div class=\"gutentor-text-wrap\"><p class=\"gutentor-text\">Validation of cleaning processes is a critical measure for food safety, required by standards such as BRCGS Food and FSSC 22000. Net-Foodlab performs validations for either microbiological purity or allergenic residue removal.  <\/p><\/div><\/div>\n\n\n\n<div id=\"section-g-y7j5m5c\" class=\"wp-block-gutentor-e2 section-g-y7j5m5c gutentor-element gutentor-element-button\"><span class=\"gutentor-button-wrap\"><a class=\"gutentor-button gutentor-block-button gutentor-icon-hide\" href=\"https:\/\/net-food.iwn.co\/en\/food-safety\/quality-support-services\/validation-of-clean-ups\/\"><i class=\"gutentor-button-icon fas fa-book\"><\/i><span>Read more<\/span><\/a><\/span><\/div>\n<\/div><\/div>\n\n\n\n<div id=\"col-g-rfayre2\" class=\"wp-block-gutentor-m4-col col-g-rfayre2 gutentor-single-column  grid-lg-6 grid-md-12 grid-12 ordered-right\"><div id=\"section-g-rfayre2\" class=\"section-g-rfayre2 gutentor-col-wrap\">\n<div id=\"section-g-5iy1lku\" class=\"wp-block-gutentor-e6 section-g-5iy1lku gutentor-element gutentor-element-image\"><div class=\"gutentor-element-image-box\"><div class=\"gutentor-image-thumb\"><img decoding=\"async\" class=\"normal-image\" src=\"https:\/\/net-food.iwn.co\/wp-content\/uploads\/2025\/09\/Nimeton-malli-3.webp\" alt=\"Kaksi k\u00e4tt\u00e4, joissa toisessa on puhdistusliina ja toisessa suihkepullo. Kuvan p\u00e4\u00e4ll\u00e4 &quot;done&quot; -merkki kuvaamassa sit\u00e4, ett\u00e4 puhdistus on tehty oikein.\" \/><\/div><\/div><\/div>\n<\/div><\/div>\n<\/div><\/div><\/section>\n<\/div><\/section>\n\n\n\n<p><\/p>\n","protected":false},"excerpt":{"rendered":"","protected":false},"author":2,"featured_media":0,"parent":3547,"menu_order":0,"comment_status":"closed","ping_status":"closed","template":"","meta":{"_acf_changed":false,"footnotes":""},"class_list":["post-3609","page","type-page","status-publish"],"acf":[],"_links":{"self":[{"href":"https:\/\/net-food.iwn.co\/en\/wp-json\/wp\/v2\/pages\/3609","targetHints":{"allow":["GET"]}}],"collection":[{"href":"https:\/\/net-food.iwn.co\/en\/wp-json\/wp\/v2\/pages"}],"about":[{"href":"https:\/\/net-food.iwn.co\/en\/wp-json\/wp\/v2\/types\/page"}],"author":[{"embeddable":true,"href":"https:\/\/net-food.iwn.co\/en\/wp-json\/wp\/v2\/users\/2"}],"replies":[{"embeddable":true,"href":"https:\/\/net-food.iwn.co\/en\/wp-json\/wp\/v2\/comments?post=3609"}],"version-history":[{"count":5,"href":"https:\/\/net-food.iwn.co\/en\/wp-json\/wp\/v2\/pages\/3609\/revisions"}],"predecessor-version":[{"id":3839,"href":"https:\/\/net-food.iwn.co\/en\/wp-json\/wp\/v2\/pages\/3609\/revisions\/3839"}],"up":[{"embeddable":true,"href":"https:\/\/net-food.iwn.co\/en\/wp-json\/wp\/v2\/pages\/3547"}],"wp:attachment":[{"href":"https:\/\/net-food.iwn.co\/en\/wp-json\/wp\/v2\/media?parent=3609"}],"curies":[{"name":"wp","href":"https:\/\/api.w.org\/{rel}","templated":true}]}}