{"id":3548,"date":"2025-01-14T12:10:18","date_gmt":"2025-01-14T09:10:18","guid":{"rendered":"https:\/\/www.netfood.fi\/laboratory\/"},"modified":"2025-10-14T10:30:33","modified_gmt":"2025-10-14T07:30:33","slug":"laboratory","status":"publish","type":"page","link":"https:\/\/net-food.iwn.co\/en\/food-safety\/laboratory\/","title":{"rendered":"Laboratory"},"content":{"rendered":"\n<section id=\"g-09e1xjh\" class=\"wp-block-gutentor-m3 alignfull section-g-09e1xjh gutentor-module gutentor-container-cover\"><div class=\"grid-container\">\n<section id=\"g-f50ue05\" class=\"wp-block-gutentor-m4 section-g-f50ue05 gutentor-module gutentor-advanced-columns\"><div class=\"grid-container\"><div class=\"grid-row\">\n<div id=\"col-g-5n6k6kc\" class=\"wp-block-gutentor-m4-col col-g-5n6k6kc gutentor-single-column  grid-lg-12 grid-md-12 grid-12\"><div id=\"section-g-5n6k6kc\" class=\"section-g-5n6k6kc gutentor-col-wrap\">\n<div id=\"section-g-s41szs5\" class=\"wp-block-gutentor-e0 section-g-s41szs5 gutentor-element gutentor-element-advanced-text\"><div class=\"gutentor-text-wrap\"><h1 class=\"gutentor-text\">Reliable food laboratory since 1997<\/h1><\/div><\/div>\n\n\n\n<div id=\"section-g-x6o616q\" class=\"wp-block-gutentor-e0 section-g-x6o616q gutentor-element gutentor-element-advanced-text\"><div class=\"gutentor-text-wrap\"><p class=\"gutentor-text\">Net-Foodlab oy&#8217;s laboratory has been serving food companies reliably since 1997. With more than 25 years of experience, FINAS accreditation and an extensive network of experts, we are a versatile and competent partner for the laboratory needs of the food industry. <\/p><\/div><\/div>\n\n\n\n<div id=\"section-g-qpstctw\" class=\"wp-block-gutentor-e0 section-g-qpstctw gutentor-element gutentor-element-advanced-text\"><div class=\"gutentor-text-wrap\"><p class=\"gutentor-text\">We offer a wide range of microbiological and chemical tests, as well as special expertise in allergen analysis, surface hygiene studies and support services. We help you manage the whole analytical process: <\/p><\/div><\/div>\n\n\n\n<div id=\"section-g-5gg11oq\" class=\"wp-block-gutentor-e7 section-g-5gg11oq gutentor-element gutentor-element-list\"><ul class=\"grid-row gutentor-grid-item-wrap list-indicator-icon\"><li class=\"gutentor-list-item grid-lg-12 grid-md-12 grid-12\"><span class=\"gutentor-single-item gutentor-single-item-0\"><span class=\"gutentor-list-item-wrap g-s-list-wrap\"><span class=\"gutentor-single-list-item-icon\"><i class=\"list-item-icon fas fa-arrow-right\"><\/i><\/span><span class=\"gutentor-list-item\"><p class=\"gutentor-single-item-title\">Developing the Research Plan<\/p><\/span><\/span><\/span><\/li><li class=\"gutentor-list-item grid-lg-12 grid-md-12 grid-12\"><span class=\"gutentor-single-item gutentor-single-item-1\"><span class=\"gutentor-list-item-wrap g-s-list-wrap\"><span class=\"gutentor-single-list-item-icon\"><i class=\"list-item-icon fas fa-arrow-right\"><\/i><\/span><span class=\"gutentor-list-item\"><p class=\"gutentor-single-item-title\">Sampling and Logistics<\/p><\/span><\/span><\/span><\/li><li class=\"gutentor-list-item grid-lg-12 grid-md-12 grid-12\"><span class=\"gutentor-single-item gutentor-single-item-2\"><span class=\"gutentor-list-item-wrap g-s-list-wrap\"><span class=\"gutentor-single-list-item-icon\"><i class=\"list-item-icon fas fa-arrow-right\"><\/i><\/span><span class=\"gutentor-list-item\"><p class=\"gutentor-single-item-title\">Conducting the Analyses<\/p><\/span><\/span><\/span><\/li><li class=\"gutentor-list-item grid-lg-12 grid-md-12 grid-12\"><span class=\"gutentor-single-item gutentor-single-item-3\"><span class=\"gutentor-list-item-wrap g-s-list-wrap\"><span class=\"gutentor-single-list-item-icon\"><i class=\"list-item-icon fas fa-arrow-right\"><\/i><\/span><span class=\"gutentor-list-item\"><p class=\"gutentor-single-item-title\">Interpreting and Applying the Results<\/p><\/span><\/span><\/span><\/li><\/ul><\/div>\n\n\n\n<div id=\"section-g-viw3bpp\" class=\"wp-block-gutentor-e0 section-g-viw3bpp gutentor-element gutentor-element-advanced-text\"><div class=\"gutentor-text-wrap\"><p class=\"gutentor-text\">We give you everything you need in one place, with expertise and flexibility.<\/p><\/div><\/div>\n<\/div><\/div>\n<\/div><\/div><\/section>\n<\/div><\/section>\n\n\n\n<section id=\"g-uqgsuss\" class=\"wp-block-gutentor-m3 alignfull section-g-uqgsuss gutentor-module gutentor-container-cover has-color-bg has-custom-bg\"><div class=\"grid-container\">\n<section id=\"g-ob211ak\" class=\"wp-block-gutentor-m4 section-g-ob211ak gutentor-module gutentor-advanced-columns\"><div class=\"grid-container\"><div class=\"grid-row\">\n<div id=\"col-g-39tl0ll\" class=\"wp-block-gutentor-m4-col col-g-39tl0ll gutentor-single-column  grid-lg-12 grid-md-12 grid-12\"><div id=\"section-g-39tl0ll\" class=\"section-g-39tl0ll gutentor-col-wrap\">\n<div id=\"section-g-naeeaeh\" class=\"wp-block-gutentor-e0 section-g-naeeaeh gutentor-element gutentor-element-advanced-text\"><div class=\"gutentor-text-wrap\"><h2 class=\"gutentor-text\">Comprehensive laboratory services for the food industry<\/h2><\/div><\/div>\n\n\n\n<section id=\"g-q7bf76h\" class=\"wp-block-gutentor-m4 section-g-q7bf76h gutentor-module gutentor-advanced-columns\"><div class=\"grid-container\"><div class=\"grid-row\">\n<div id=\"col-g-z43t545\" class=\"wp-block-gutentor-m4-col col-g-z43t545 gutentor-single-column  grid-lg-6 grid-md-12 grid-12\"><div id=\"section-g-z43t545\" class=\"section-g-z43t545 gutentor-col-wrap\">\n<div id=\"section-g-1k7ddko\" class=\"wp-block-gutentor-e6 section-g-1k7ddko gutentor-element gutentor-element-image  d-md-none d-lg-block d-none text-align-center-desktop\"><div class=\"gutentor-element-image-box\"><div class=\"gutentor-image-thumb\"><img decoding=\"async\" class=\"normal-image\" src=\"https:\/\/net-food.iwn.co\/wp-content\/uploads\/2025\/08\/1-2-e1755584080400-1024x631.webp\" \/><\/div><\/div><\/div>\n\n\n\n<div id=\"section-g-u24c1xn\" class=\"wp-block-gutentor-e0 section-g-u24c1xn gutentor-element gutentor-element-advanced-text text-align-center-desktop\"><div class=\"gutentor-text-wrap\"><h2 class=\"gutentor-text\">Microbiological and chemical analyses<\/h2><\/div><\/div>\n\n\n\n<div id=\"section-g-ilhllni\" class=\"wp-block-gutentor-e0 section-g-ilhllni gutentor-element gutentor-element-advanced-text\"><div class=\"gutentor-text-wrap\"><p class=\"gutentor-text\">Our research methods cover almost all the most common analytical needs of the food industry and commercial kitchens. We understand the operating environments of production facilities and provide our customers with the information that is right for their business. &nbsp;<br><\/p><\/div><\/div>\n<\/div><\/div>\n\n\n\n<div id=\"col-g-zb1toye\" class=\"wp-block-gutentor-m4-col col-g-zb1toye gutentor-single-column  grid-lg-6 grid-md-12 grid-12\"><div id=\"section-g-zb1toye\" class=\"section-g-zb1toye gutentor-col-wrap\">\n<div id=\"section-g-44g4754\" class=\"wp-block-gutentor-e6 section-g-44g4754 gutentor-element gutentor-element-image  d-md-none d-lg-block d-none text-align-center-desktop\"><div class=\"gutentor-element-image-box\"><div class=\"gutentor-image-thumb\"><img decoding=\"async\" class=\"normal-image\" src=\"https:\/\/net-food.iwn.co\/wp-content\/uploads\/2025\/08\/2-2-e1755584129800-1024x631.webp\" \/><\/div><\/div><\/div>\n\n\n\n<div id=\"section-g-sucabbk\" class=\"wp-block-gutentor-e0 section-g-sucabbk gutentor-element gutentor-element-advanced-text text-align-center-desktop\"><div class=\"gutentor-text-wrap\"><h2 class=\"gutentor-text\">Allergen residue studies<\/h2><\/div><\/div>\n\n\n\n<div id=\"section-g-h1sj3oq\" class=\"wp-block-gutentor-e0 section-g-h1sj3oq gutentor-element gutentor-element-advanced-text\"><div class=\"gutentor-text-wrap\"><p class=\"gutentor-text\">Allergen analysis is our core competence. Almost without exception, we carry out the analyses in our own laboratory, which guarantees the speed and reliability of the results. We use accredited and validated methods &#8211; our results are trusted by the food industry and other laboratories.  <\/p><\/div><\/div>\n<\/div><\/div>\n<\/div><\/div><\/section>\n\n\n\n<section id=\"g-syzseie\" class=\"wp-block-gutentor-m4 section-g-syzseie gutentor-module gutentor-advanced-columns\"><div class=\"grid-container\"><div class=\"grid-row\">\n<div id=\"col-g-v1ul92l\" class=\"wp-block-gutentor-m4-col col-g-v1ul92l gutentor-single-column  grid-lg-12 grid-md-12 grid-12\"><div id=\"section-g-v1ul92l\" class=\"section-g-v1ul92l gutentor-col-wrap\">\n<div id=\"section-g-rll11u1\" class=\"wp-block-gutentor-e6 section-g-rll11u1 gutentor-element gutentor-element-image text-align-center-desktop\"><div class=\"gutentor-element-image-box\"><div class=\"gutentor-image-thumb\"><img decoding=\"async\" class=\"normal-image\" src=\"https:\/\/net-food.iwn.co\/wp-content\/uploads\/2025\/08\/3-3-e1756194595646.webp\" \/><\/div><\/div><\/div>\n\n\n\n<div id=\"section-g-e3nkzzm\" class=\"wp-block-gutentor-e0 section-g-e3nkzzm gutentor-element gutentor-element-advanced-text text-align-center-desktop\"><div class=\"gutentor-text-wrap\"><h2 class=\"gutentor-text\">Surface hygiene inspections and cleanliness verification<\/h2><\/div><\/div>\n\n\n\n<div id=\"section-g-37pfuw1\" class=\"wp-block-gutentor-e0 section-g-37pfuw1 gutentor-element gutentor-element-advanced-text\"><div class=\"gutentor-text-wrap\"><p class=\"gutentor-text\">We have been involved in ensuring the safety of food production facilities for 25 years. We offer: <\/p><\/div><\/div>\n\n\n\n<div id=\"section-g-ime1108\" class=\"wp-block-gutentor-e7 section-g-ime1108 gutentor-element gutentor-element-list\"><ul class=\"grid-row gutentor-grid-item-wrap list-indicator-icon\"><li class=\"gutentor-list-item grid-lg-12 grid-md-12 grid-12\"><span class=\"gutentor-single-item gutentor-single-item-0\"><span class=\"gutentor-list-item-wrap g-s-list-wrap\"><span class=\"gutentor-single-list-item-icon\"><i class=\"list-item-icon fas fa-arrow-right\"><\/i><\/span><span class=\"gutentor-list-item\"><p class=\"gutentor-single-item-title\">ATP rapid testing<\/p><\/span><\/span><\/span><\/li><li class=\"gutentor-list-item grid-lg-12 grid-md-12 grid-12\"><span class=\"gutentor-single-item gutentor-single-item-1\"><span class=\"gutentor-list-item-wrap g-s-list-wrap\"><span class=\"gutentor-single-list-item-icon\"><i class=\"list-item-icon fas fa-arrow-right\"><\/i><\/span><span class=\"gutentor-list-item\"><p class=\"gutentor-single-item-title\">Microbiological surface tests<\/p><\/span><\/span><\/span><\/li><li class=\"gutentor-list-item grid-lg-12 grid-md-12 grid-12\"><span class=\"gutentor-single-item gutentor-single-item-2\"><span class=\"gutentor-list-item-wrap g-s-list-wrap\"><span class=\"gutentor-single-list-item-icon\"><i class=\"list-item-icon fas fa-arrow-right\"><\/i><\/span><span class=\"gutentor-list-item\"><p class=\"gutentor-single-item-title\">Detergent and chemical residue analyses<\/p><\/span><\/span><\/span><\/li><li class=\"gutentor-list-item grid-lg-12 grid-md-12 grid-12\"><span class=\"gutentor-single-item gutentor-single-item-3\"><span class=\"gutentor-list-item-wrap g-s-list-wrap\"><span class=\"gutentor-single-list-item-icon\"><i class=\"list-item-icon fas fa-arrow-right\"><\/i><\/span><span class=\"gutentor-list-item\"><p class=\"gutentor-single-item-title\">Improvement recommendations based on the results<\/p><\/span><\/span><\/span><\/li><\/ul><\/div>\n\n\n\n<section id=\"g-rptr8of\" class=\"wp-block-gutentor-m4 section-g-rptr8of gutentor-module gutentor-advanced-columns\"><div class=\"grid-container\"><div class=\"grid-row\">\n<div id=\"col-g-68rll11\" class=\"wp-block-gutentor-m4-col col-g-68rll11 gutentor-single-column  grid-lg-12 grid-md-12 grid-12\"><div id=\"section-g-68rll11\" class=\"section-g-68rll11 gutentor-col-wrap\">\n<div id=\"section-g-jor6arr\" class=\"wp-block-gutentor-e0 section-g-jor6arr gutentor-element gutentor-element-advanced-text\"><div class=\"gutentor-text-wrap\"><p class=\"gutentor-text\">We operate nationwide and also offer sampling equipment and services if required<br><br><a href=\"https:\/\/net-food.iwn.co\/en\/food-safety\/laboratory\/studies-and-packages\/\">Find out more about the laboratory tests and test packages we offer here<\/a><\/p><\/div><\/div>\n<\/div><\/div>\n<\/div><\/div><\/section>\n<\/div><\/div>\n<\/div><\/div><\/section>\n<\/div><\/div>\n<\/div><\/div><\/section>\n<\/div><\/section>\n\n\n\n<section id=\"g-1jcvv9e\" class=\"wp-block-gutentor-m3 alignfull section-g-1jcvv9e gutentor-module gutentor-container-cover\"><div class=\"grid-container\">\n<section id=\"g-druv7xm\" class=\"wp-block-gutentor-m4 section-g-druv7xm gutentor-module gutentor-advanced-columns\"><div class=\"grid-container\"><div class=\"grid-row\">\n<div id=\"col-g-laxnm1q\" class=\"wp-block-gutentor-m4-col col-g-laxnm1q gutentor-single-column  grid-lg-12 grid-md-12 grid-12\"><div id=\"section-g-laxnm1q\" class=\"section-g-laxnm1q gutentor-col-wrap\">\n<div id=\"section-g-trgtw3w\" class=\"wp-block-gutentor-e0 section-g-trgtw3w gutentor-element gutentor-element-advanced-text\"><div class=\"gutentor-text-wrap\"><h2 class=\"gutentor-text\">Ready-made analysis kits &#8211; an easy and quick way to get started<\/h2><\/div><\/div>\n\n\n\n<div id=\"section-g-h0hhl4r\" class=\"wp-block-gutentor-e0 section-g-h0hhl4r gutentor-element gutentor-element-advanced-text\"><div class=\"gutentor-text-wrap\"><p class=\"gutentor-text\">Want to get moving fast? We have put together ready-to-use analysis packages for the food industry and large-scale catering. The packages are designed with legislation and industry requirements in mind. You just choose the product group and the frequency of analysis and we do the rest.   <\/p><\/div><\/div>\n\n\n\n<div id=\"section-g-xxl9eww\" class=\"wp-block-gutentor-e0 section-g-xxl9eww gutentor-element gutentor-element-advanced-text\"><div class=\"gutentor-text-wrap\"><h2 class=\"gutentor-text\">Support services: more than just analysis<\/h2><\/div><\/div>\n\n\n\n<div id=\"section-g-31irx56\" class=\"wp-block-gutentor-e0 section-g-31irx56 gutentor-element gutentor-element-advanced-text\"><div class=\"gutentor-text-wrap\"><p class=\"gutentor-text\">Our quality management expertise allows us to provide value-added services that support your business:<\/p><\/div><\/div>\n\n\n\n<div id=\"section-g-u1q3l9g\" class=\"wp-block-gutentor-e7 section-g-u1q3l9g gutentor-element gutentor-element-list\"><ul class=\"grid-row gutentor-grid-item-wrap list-indicator-icon\"><li class=\"gutentor-list-item grid-lg-12 grid-md-12 grid-12\"><span class=\"gutentor-single-item gutentor-single-item-0\"><span class=\"gutentor-list-item-wrap g-s-list-wrap\"><span class=\"gutentor-single-list-item-icon\"><i class=\"list-item-icon fas fa-arrow-right\"><\/i><\/span><span class=\"gutentor-list-item\"><p class=\"gutentor-single-item-title\">Sampling plans<\/p><\/span><\/span><\/span><\/li><li class=\"gutentor-list-item grid-lg-12 grid-md-12 grid-12\"><span class=\"gutentor-single-item gutentor-single-item-1\"><span class=\"gutentor-list-item-wrap g-s-list-wrap\"><span class=\"gutentor-single-list-item-icon\"><i class=\"list-item-icon fas fa-arrow-right\"><\/i><\/span><span class=\"gutentor-list-item\"><p class=\"gutentor-single-item-title\">Evaluation of laboratory results and improvement recommendations<\/p><\/span><\/span><\/span><\/li><li class=\"gutentor-list-item grid-lg-12 grid-md-12 grid-12\"><span class=\"gutentor-single-item gutentor-single-item-2\"><span class=\"gutentor-list-item-wrap g-s-list-wrap\"><span class=\"gutentor-single-list-item-icon\"><i class=\"list-item-icon fas fa-arrow-right\"><\/i><\/span><span class=\"gutentor-list-item\"><p class=\"gutentor-single-item-title\">Quality assurance of internal laboratory processes<\/p><\/span><\/span><\/span><\/li><li class=\"gutentor-list-item grid-lg-12 grid-md-12 grid-12\"><span class=\"gutentor-single-item gutentor-single-item-3\"><span class=\"gutentor-list-item-wrap g-s-list-wrap\"><span class=\"gutentor-single-list-item-icon\"><i class=\"list-item-icon fas fa-arrow-right\"><\/i><\/span><span class=\"gutentor-list-item\"><p class=\"gutentor-single-item-title\">Preparation of the Quality Manual<\/p><\/span><\/span><\/span><\/li><\/ul><\/div>\n\n\n\n<div id=\"section-g-5f0g197\" class=\"wp-block-gutentor-e0 section-g-5f0g197 gutentor-element gutentor-element-advanced-text\"><div class=\"gutentor-text-wrap\"><p class=\"gutentor-text\">We help you make real use of analytics to support your business.<\/p><\/div><\/div>\n\n\n\n<div id=\"section-g-y5txxig\" class=\"wp-block-gutentor-e0 section-g-y5txxig gutentor-element gutentor-element-advanced-text\"><div class=\"gutentor-text-wrap\"><h2 class=\"gutentor-text\">We do not have a customer in bulk<\/h2><\/div><\/div>\n\n\n\n<div id=\"section-g-liam33m\" class=\"wp-block-gutentor-e0 section-g-liam33m gutentor-element gutentor-element-advanced-text\"><div class=\"gutentor-text-wrap\"><p class=\"gutentor-text\">We are an entrepreneur-driven laboratory &#8211; not part of a global corporation or public organisation. We care about every customer, and it shows in the service we provide. We live for satisfied customers and work accordingly.  <\/p><\/div><\/div>\n<\/div><\/div>\n<\/div><\/div><\/section>\n<\/div><\/section>\n\n\n\n<section id=\"g-1j575j5\" class=\"wp-block-gutentor-m3 alignwide section-g-1j575j5 gutentor-module gutentor-container-cover\"><div class=\"grid-container\">\n<section id=\"section-g-1n4voyb\" class=\"wp-block-gutentor-call-to-action gutentor-section  gutentor-calltoaction call-to-action-template1\"><div class=\"grid-container\"><div class=\"gutentor-block-header\"><div class=\"gutentor-section-title enable-title-design seperator-bottom text-center\"><h2 class=\"gutentor-title\">Let&#8217;s design together a package that suits your needs<\/h2><\/div><\/div><div class=\"gutentor-grid-item-wrap\"><div class=\"gutentor-single-item\"><div class=\"gutentor-single-item-content\"><h3 class=\"gutentor-single-item-title\"><\/h3><div class=\"gutentor-single-item-desc\"><p class=\"gutentor-single-item-desc\">Luota asiantuntemukseemme, kuten lukuisat teollisuuslaitokset ja laboratoriot ovat tehneet jo vuosikymmenten ajan. Ota yhteytt\u00e4 jo t\u00e4n\u00e4\u00e4n, niin rakennetaan juuri sinun tarpeisiisi sopiva analyysikokonaisuus<\/p><\/div><div class=\"gutentor-button-group\"><\/div><\/div><\/div><\/div><\/div><\/section>\n\n\n\n<div id=\"section-g-f6epsew\" class=\"wp-block-gutentor-e2 section-g-f6epsew gutentor-element gutentor-element-button button-align-center-desktop\"><span class=\"gutentor-button-wrap\"><a class=\"gutentor-button gutentor-block-button gutentor-icon-hide\" href=\"https:\/\/net-food.iwn.co\/en\/contact-us\/\"><i class=\"gutentor-button-icon fas fa-book\"><\/i><span>Contact us!<\/span><\/a><\/span><\/div>\n\n\n\n<hr class=\"wp-block-separator has-alpha-channel-opacity\" \/>\n\n\n\n<div id=\"section-g-bbu51s8\" class=\"wp-block-gutentor-e0 section-g-bbu51s8 gutentor-element gutentor-element-advanced-text\"><div class=\"gutentor-text-wrap\"><p class=\"gutentor-text\">*Net-Foodlab Oy&#8217;s laboratory is a testing laboratory T205 accredited by the FINAS Accreditation Service, accreditation requirement SFS-EN ISO\/IEC17025. Information on the activities and locations within the accredited scope of competence can be found on the website <a href=\"http:\/\/www.finas.fi\/\" target=\"_blank\" rel=\"noopener\">www.finas.fi<\/a>. <\/p><\/div><\/div>\n<\/div><\/section>\n\n\n\n<p><\/p>\n","protected":false},"excerpt":{"rendered":"","protected":false},"author":2,"featured_media":0,"parent":3547,"menu_order":0,"comment_status":"closed","ping_status":"closed","template":"","meta":{"_acf_changed":false,"footnotes":""},"class_list":["post-3548","page","type-page","status-publish"],"acf":[],"_links":{"self":[{"href":"https:\/\/net-food.iwn.co\/en\/wp-json\/wp\/v2\/pages\/3548","targetHints":{"allow":["GET"]}}],"collection":[{"href":"https:\/\/net-food.iwn.co\/en\/wp-json\/wp\/v2\/pages"}],"about":[{"href":"https:\/\/net-food.iwn.co\/en\/wp-json\/wp\/v2\/types\/page"}],"author":[{"embeddable":true,"href":"https:\/\/net-food.iwn.co\/en\/wp-json\/wp\/v2\/users\/2"}],"replies":[{"embeddable":true,"href":"https:\/\/net-food.iwn.co\/en\/wp-json\/wp\/v2\/comments?post=3548"}],"version-history":[{"count":10,"href":"https:\/\/net-food.iwn.co\/en\/wp-json\/wp\/v2\/pages\/3548\/revisions"}],"predecessor-version":[{"id":3900,"href":"https:\/\/net-food.iwn.co\/en\/wp-json\/wp\/v2\/pages\/3548\/revisions\/3900"}],"up":[{"embeddable":true,"href":"https:\/\/net-food.iwn.co\/en\/wp-json\/wp\/v2\/pages\/3547"}],"wp:attachment":[{"href":"https:\/\/net-food.iwn.co\/en\/wp-json\/wp\/v2\/media?parent=3548"}],"curies":[{"name":"wp","href":"https:\/\/api.w.org\/{rel}","templated":true}]}}